{"id":980,"date":"2021-12-22T09:15:43","date_gmt":"2021-12-22T08:15:43","guid":{"rendered":"https:\/\/wolfram.laborumgebung.de\/products\/heizelemente\/"},"modified":"2023-08-09T13:54:48","modified_gmt":"2023-08-09T11:54:48","slug":"heating-elements","status":"publish","type":"page","link":"https:\/\/wolfram-industrie.de\/en\/products\/heating-elements\/","title":{"rendered":"Heating elements"},"content":{"rendered":"\n \n\n    <section class=\"img-text-combi-produkt header\" style=\"background-image: url('https:\/\/wolfram-industrie.de\/wp-content\/uploads\/2023\/06\/wolfram-industrie-produkte-heizelemente.jpg');position: relative;\">\n        <article>\n\t\t\t <div class=\"rhombus bg-green\">\n\t\t\t\t<div class=\"inner-rhombus\">\n\t\t\t\t<\/div>\n\t\t\t<\/div>\n\t\t\t<div class=\"rhombus-hero\">\t\n\t\t\t\t<div class=\"hero anim anim-left\">\n\t\t\t\t\t<h1>Our high-temperature applications: <br \/>\r\nhot in every sense of the word<\/h1>\n\t\t\t\t\t<p>Heating elements made of tungsten and molybdenum<\/p>\n\t\t    \t<\/div>\t\t\t\n        \t<\/div>\n\t\t<\/article>\n    <\/section>\n\n\n\n<div class=\"breadcrumbs align  wp-block-bcn-breadcrumb-trail has-text-color has-background\" vocab=\"https:\/\/schema.org\/\" typeof=\"BreadcrumbList\">\n\t<span><\/span>\n\t<span property=\"itemListElement\" typeof=\"ListItem\"><a property=\"item\" typeof=\"WebPage\" title=\"Go to Service- und Qualit\u00e4tsmarktf\u00fchrer f\u00fcr Wolfram - More than just Tungsten.\" href=\"https:\/\/wolfram-industrie.de\/en\/\" class=\"home\" aria-current=\"page\"><span property=\"name\">Service- und Qualit\u00e4tsmarktf\u00fchrer f\u00fcr Wolfram &#8211; More than just Tungsten<\/span><\/a><meta property=\"position\" content=\"1\"><\/span><\/div>\n\n\n\n\n\n        <section class=\"text-info-col-2 intro \">\n\t\t\t<article>\t\t\t\t\n\t\t\t\t\t  \t\t<div class=\"col-8 fullwidth\">\n\t\t\t\t\t<div class=\"produkt-text\">\n\t\t\t\t\t\t<h2>Heating elements with specific features<\/h2>\n<p>We develop and produce technically intelligent tungsten and molybdenum solutions, for example when constructing all-metallic furnaces. Entirely according to your requirements, we optimise heating elements by alloying and adding rare earths. Here are some stand-out features:<\/p>\n<ul>\n<li>Highest purity<\/li>\n<li>Outstanding dimensional stability<\/li>\n<li>Exceptional creep resistance<\/li>\n<li>Excellent corrosion resistance and usable at operating temperatures that may peak at up to 2,800 degrees Celsius<\/li>\n<\/ul>\n<p>High maximum application temperatures (1500\u00b0C to 2800\u00b0C), long lifespan and a definable response to gases and furnace materials make tungsten and molybdenum the first choice when it comes to all-metal furnace construction (heating materials, heating cable, annealing boats and more). The surface load of wires is up to 20 watts per square centimetre. And offering customised alloys is also a pleasure.<\/p>\n<p>&nbsp;<\/p>\n                    <\/div>\t\t\t\t\t\n\t\t\t\t<\/div>\t\n\t\t\t\t\t\t\t\n\t\t\t\t\n\t\t\t\t\t<\/article>\n\t\t<\/section>\n\n\n\n        <section class=\"img-produkte-col-3\">\n\t\t\t<article class=\"produkt-kategorie\">\n\t\t\t\t<h2>More products<\/h2>\n\t\t\t<\/article>            \n            \n                    <article>\n                            <div class=\"col-3\">\n                    <div class=\"wrapper\">\n\n                        \n                            \n                            <img decoding=\"async\" src=\"https:\/\/wolfram-industrie.de\/wp-content\/uploads\/2022\/06\/wolfram_industrie_produkte_elektroden.jpg\" \/>\n                            \n                            <div class=\"rhombus bg-green\"><\/div>\n                            <div class=\"inner-rhombus produkt-headline\">\n                                <h2>Electrodes<\/h2>\n                            <\/div>                                                        \n                           <a href=\"\/en\/products\/electrodes\/\"><\/a>         \n\n                    <\/div>\n                <\/div>    \n                            <div class=\"col-3\">\n                    <div class=\"wrapper\">\n\n                        \n                            \n                            <img decoding=\"async\" src=\"https:\/\/wolfram-industrie.de\/wp-content\/uploads\/2022\/06\/wolfram-industrie_Podukte_Halbzeuge.jpg\" \/>\n                            \n                            <div class=\"rhombus bg-green\"><\/div>\n                            <div class=\"inner-rhombus produkt-headline\">\n                                <h2>Semi-finished products<\/h2>\n                            <\/div>                                                        \n                           <a href=\"\/en\/products\/semi-finished-products\/\"><\/a>         \n\n                    <\/div>\n                <\/div>    \n                            <div class=\"col-3\">\n                    <div class=\"wrapper\">\n\n                        \n                            \n                            <img decoding=\"async\" src=\"https:\/\/wolfram-industrie.de\/wp-content\/uploads\/2022\/06\/wolfram-industrie_Podukte_Tungstitt.jpg\" \/>\n                            \n                            <div class=\"rhombus bg-green\"><\/div>\n                            <div class=\"inner-rhombus produkt-headline\">\n                                <h2>Tungstit\u00ae<\/h2>\n                            <\/div>                                                        \n                           <a href=\"\/en\/products\/tungstit\/\"><\/a>         \n\n                    <\/div>\n                <\/div>    \n                            <div class=\"col-3\">\n                    <div class=\"wrapper\">\n\n                        \n                            \n                            <img decoding=\"async\" src=\"https:\/\/wolfram-industrie.de\/wp-content\/uploads\/2022\/06\/wolfram-industrie_Podukte_konstruktionsteile_3.jpg\" \/>\n                            \n                            <div class=\"rhombus bg-green\"><\/div>\n                            <div class=\"inner-rhombus produkt-headline\">\n                                <h2>Structural parts<\/h2>\n                            <\/div>                                                        \n                           <a href=\"https:\/\/wolfram-industrie.de\/en\/products\/structural-parts\/\"><\/a>         \n\n                    <\/div>\n                <\/div>    \n                            <div class=\"col-3\">\n                    <div class=\"wrapper\">\n\n                        \n                            \n                            <img decoding=\"async\" src=\"https:\/\/wolfram-industrie.de\/wp-content\/uploads\/2022\/06\/wolfram-industrie_Podukte_Tungstitt.jpg\" \/>\n                            \n                            <div class=\"rhombus bg-green\"><\/div>\n                            <div class=\"inner-rhombus produkt-headline\">\n                                <h2>Triamet\u00ae<\/h2>\n                            <\/div>                                                        \n                           <a href=\"\/en\/products\/triamet-schwermetall\/\"><\/a>         \n\n                    <\/div>\n                <\/div>    \n                            <div class=\"col-3\">\n                    <div class=\"wrapper\">\n\n                        \n                            \n                            <img decoding=\"async\" src=\"https:\/\/wolfram-industrie.de\/wp-content\/uploads\/2022\/06\/wolfram-industrie_werkstoffe_wolfram_granulat_dotimet.jpg\" \/>\n                            \n                            <div class=\"rhombus bg-green\"><\/div>\n                            <div class=\"inner-rhombus produkt-headline\">\n                                <h2>Dotimet\u00ae<\/h2>\n                            <\/div>                                                        \n                           <a href=\"https:\/\/wolfram-industrie.de\/en\/products\/dotimet\/\"><\/a>         \n\n                    <\/div>\n                <\/div>    \n                        <\/article>\n                    \n\t\t\t                                   \t                \t\t\t\n\t\t<\/section>","protected":false},"excerpt":{"rendered":"","protected":false},"author":5,"featured_media":0,"parent":836,"menu_order":0,"comment_status":"closed","ping_status":"closed","template":"","meta":{"_acf_changed":false,"footnotes":""},"class_list":["post-980","page","type-page","status-publish","hentry"],"acf":[],"_links":{"self":[{"href":"https:\/\/wolfram-industrie.de\/en\/wp-json\/wp\/v2\/pages\/980","targetHints":{"allow":["GET"]}}],"collection":[{"href":"https:\/\/wolfram-industrie.de\/en\/wp-json\/wp\/v2\/pages"}],"about":[{"href":"https:\/\/wolfram-industrie.de\/en\/wp-json\/wp\/v2\/types\/page"}],"author":[{"embeddable":true,"href":"https:\/\/wolfram-industrie.de\/en\/wp-json\/wp\/v2\/users\/5"}],"replies":[{"embeddable":true,"href":"https:\/\/wolfram-industrie.de\/en\/wp-json\/wp\/v2\/comments?post=980"}],"version-history":[{"count":16,"href":"https:\/\/wolfram-industrie.de\/en\/wp-json\/wp\/v2\/pages\/980\/revisions"}],"predecessor-version":[{"id":5064,"href":"https:\/\/wolfram-industrie.de\/en\/wp-json\/wp\/v2\/pages\/980\/revisions\/5064"}],"up":[{"embeddable":true,"href":"https:\/\/wolfram-industrie.de\/en\/wp-json\/wp\/v2\/pages\/836"}],"wp:attachment":[{"href":"https:\/\/wolfram-industrie.de\/en\/wp-json\/wp\/v2\/media?parent=980"}],"curies":[{"name":"wp","href":"https:\/\/api.w.org\/{rel}","templated":true}]}}