{"id":855,"date":"2021-11-24T17:27:02","date_gmt":"2021-11-24T16:27:02","guid":{"rendered":"https:\/\/wolfram.laborumgebung.de\/werkstoffe\/"},"modified":"2023-08-07T15:36:02","modified_gmt":"2023-08-07T13:36:02","slug":"materials","status":"publish","type":"page","link":"https:\/\/wolfram-industrie.de\/en\/materials\/","title":{"rendered":"Materials"},"content":{"rendered":"\n \n\n    <section class=\"img-text-combi-produkt header\" style=\"background-image: url('https:\/\/wolfram-industrie.de\/wp-content\/uploads\/2023\/07\/Wolfram-Industrie_Werkstoffe_2.jpg');position: relative;\">\n        <article>\n\t\t\t <div class=\"rhombus bg-green\">\n\t\t\t\t<div class=\"inner-rhombus\">\n\t\t\t\t<\/div>\n\t\t\t<\/div>\n\t\t\t<div class=\"rhombus-hero\">\t\n\t\t\t\t<div class=\"hero anim anim-left\">\n\t\t\t\t\t<h1>Tungsten materials<\/h1>\n\t\t\t\t\t<p>Only the finest materials can meet the most demanding applications<\/p>\n\t\t    \t<\/div>\t\t\t\n        \t<\/div>\n\t\t<\/article>\n    <\/section>\n\n\n\n<div class=\"breadcrumbs align  wp-block-bcn-breadcrumb-trail has-text-color has-background\" vocab=\"https:\/\/schema.org\/\" typeof=\"BreadcrumbList\">\n\t<span><\/span>\n\t<span property=\"itemListElement\" typeof=\"ListItem\"><a property=\"item\" typeof=\"WebPage\" title=\"Go to Service- und Qualit\u00e4tsmarktf\u00fchrer f\u00fcr Wolfram - More than just Tungsten.\" href=\"https:\/\/wolfram-industrie.de\/en\/\" class=\"home\" aria-current=\"page\"><span property=\"name\">Service- und Qualit\u00e4tsmarktf\u00fchrer f\u00fcr Wolfram &#8211; More than just Tungsten<\/span><\/a><meta property=\"position\" content=\"1\"><\/span><\/div>\n\n\n\n\n\n        <section class=\"text-info-col-2 intro \">\n\t\t\t<article>\t\t\t\t\n\t\t\t\t\t  \t\t<div class=\"col-8 fullwidth\">\n\t\t\t\t\t<div class=\"produkt-text\">\n\t\t\t\t\t\t<p>Our tungsten materials include powder, granules, alloys or composites, all with the perfect set of properties to meet the most complex industrial requirements.<\/p>\n                    <\/div>\t\t\t\t\t\n\t\t\t\t<\/div>\t\n\t\t\t\t\t\t\t\n\t\t\t\t\n\t\t\t\t\t<\/article>\n\t\t<\/section>\n\n\n\n        <section class=\"img-produkte-col-3\">\n\t\t\t<article class=\"produkt-kategorie\">\n\t\t\t\t<h2><\/h2>\n\t\t\t<\/article>            \n            \n                    <article>\n                            <div class=\"col-3\">\n                    <div class=\"wrapper\">\n\n                        \n                            \n                            <img decoding=\"async\" src=\"https:\/\/wolfram-industrie.de\/wp-content\/uploads\/2023\/07\/Wolfram-Industrie_Werkstoffe_Wolframlegierungen-1.jpg\" \/>\n                            \n                            <div class=\"rhombus bg-green\"><\/div>\n                            <div class=\"inner-rhombus produkt-headline\">\n                                <h2>Tungsten and tungsten alloys<\/h2>\n                            <\/div>                                                        \n                           <a href=\"https:\/\/wolfram-industrie.de\/en\/materials\/tungsten-and-tungsten-alloys\/\"><\/a>         \n\n                    <\/div>\n                <\/div>    \n                            <div class=\"col-3\">\n                    <div class=\"wrapper\">\n\n                        \n                            \n                            <img decoding=\"async\" src=\"https:\/\/wolfram-industrie.de\/wp-content\/uploads\/2023\/07\/Wolfram-Industrie_Werkstoffe_Molybdaenlegierungen.jpg\" \/>\n                            \n                            <div class=\"rhombus bg-green\"><\/div>\n                            <div class=\"inner-rhombus produkt-headline\">\n                                <h2>Molybdenum and molybdenum alloys<\/h2>\n                            <\/div>                                                        \n                           <a href=\"\/en\/materials\/molybdaen-und-molybdaenlegierungen\/\"><\/a>         \n\n                    <\/div>\n                <\/div>    \n                            <div class=\"col-3\">\n                    <div class=\"wrapper\">\n\n                        \n                            \n                            <img decoding=\"async\" src=\"https:\/\/wolfram-industrie.de\/wp-content\/uploads\/2022\/06\/wolfram-industriewerkstoffe_wolfram_granulat_dotimet_3.jpg\" \/>\n                            \n                            <div class=\"rhombus bg-green\"><\/div>\n                            <div class=\"inner-rhombus produkt-headline\">\n                                <h2>DOTIMET\u00ae Tungsten granulate<\/h2>\n                            <\/div>                                                        \n                           <a href=\"\/en\/materials\/dotimet-wolframgranulat\/\"><\/a>         \n\n                    <\/div>\n                <\/div>    \n                            <div class=\"col-3\">\n                    <div class=\"wrapper\">\n\n                        \n                            \n                            <img decoding=\"async\" src=\"https:\/\/wolfram-industrie.de\/wp-content\/uploads\/2022\/06\/wolfram-industrie_werkstoffe_Verbundwerkstoffe_Tungstit.jpg\" \/>\n                            \n                            <div class=\"rhombus bg-green\"><\/div>\n                            <div class=\"inner-rhombus produkt-headline\">\n                                <h2>Compounds (TUNGSTIT\u00ae)<\/h2>\n                            <\/div>                                                        \n                           <a href=\"https:\/\/wolfram-industrie.de\/en\/materials\/composite-materials-tungstit\/\"><\/a>         \n\n                    <\/div>\n                <\/div>    \n                            <div class=\"col-3\">\n                    <div class=\"wrapper\">\n\n                        \n                            \n                            <img decoding=\"async\" src=\"https:\/\/wolfram-industrie.de\/wp-content\/uploads\/2022\/06\/wolfram-industrie_werkstoffe_werkstoffverbunde_5.jpg\" \/>\n                            \n                            <div class=\"rhombus bg-green\"><\/div>\n                            <div class=\"inner-rhombus produkt-headline\">\n                                <h2>Composite Materials<\/h2>\n                            <\/div>                                                        \n                           <a href=\"https:\/\/wolfram-industrie.de\/en\/materials\/composite-materials-tungstit\/\"><\/a>         \n\n                    <\/div>\n                <\/div>    \n                            <div class=\"col-3\">\n                    <div class=\"wrapper\">\n\n                        \n                            \n                            <img decoding=\"async\" src=\"https:\/\/wolfram-industrie.de\/wp-content\/uploads\/2022\/06\/wolfram-industriewerkstoffe_triamet.jpg\" \/>\n                            \n                            <div class=\"rhombus bg-green\"><\/div>\n                            <div class=\"inner-rhombus produkt-headline\">\n                                <h2>TRIAMET\u00ae<\/h2>\n                            <\/div>                                                        \n                           <a href=\"https:\/\/wolfram-industrie.de\/en\/materials\/tungsten-based-heavy-metals\/\"><\/a>         \n\n                    <\/div>\n                <\/div>    \n                        <\/article>\n                    \n\t\t\t                                   \t                \t\t\t\n\t\t<\/section>","protected":false},"excerpt":{"rendered":"","protected":false},"author":5,"featured_media":0,"parent":0,"menu_order":0,"comment_status":"closed","ping_status":"closed","template":"","meta":{"_acf_changed":false,"footnotes":""},"class_list":["post-855","page","type-page","status-publish","hentry"],"acf":[],"_links":{"self":[{"href":"https:\/\/wolfram-industrie.de\/en\/wp-json\/wp\/v2\/pages\/855","targetHints":{"allow":["GET"]}}],"collection":[{"href":"https:\/\/wolfram-industrie.de\/en\/wp-json\/wp\/v2\/pages"}],"about":[{"href":"https:\/\/wolfram-industrie.de\/en\/wp-json\/wp\/v2\/types\/page"}],"author":[{"embeddable":true,"href":"https:\/\/wolfram-industrie.de\/en\/wp-json\/wp\/v2\/users\/5"}],"replies":[{"embeddable":true,"href":"https:\/\/wolfram-industrie.de\/en\/wp-json\/wp\/v2\/comments?post=855"}],"version-history":[{"count":9,"href":"https:\/\/wolfram-industrie.de\/en\/wp-json\/wp\/v2\/pages\/855\/revisions"}],"predecessor-version":[{"id":4947,"href":"https:\/\/wolfram-industrie.de\/en\/wp-json\/wp\/v2\/pages\/855\/revisions\/4947"}],"wp:attachment":[{"href":"https:\/\/wolfram-industrie.de\/en\/wp-json\/wp\/v2\/media?parent=855"}],"curies":[{"name":"wp","href":"https:\/\/api.w.org\/{rel}","templated":true}]}}