{"id":841,"date":"2021-11-25T16:17:05","date_gmt":"2021-11-25T15:17:05","guid":{"rendered":"https:\/\/wolfram.laborumgebung.de\/products\/elektroden\/"},"modified":"2024-11-12T17:45:35","modified_gmt":"2024-11-12T16:45:35","slug":"electrodes","status":"publish","type":"page","link":"https:\/\/wolfram-industrie.de\/en\/products\/electrodes\/","title":{"rendered":"Electrodes"},"content":{"rendered":"\n \n\n    <section class=\"img-text-combi-produkt header\" style=\"background-image: url('https:\/\/wolfram-industrie.de\/wp-content\/uploads\/2023\/07\/Wolfram-Industrie_Produkte_Elektroden.jpg');position: relative;\">\n        <article>\n\t\t\t <div class=\"rhombus bg-green\">\n\t\t\t\t<div class=\"inner-rhombus\">\n\t\t\t\t<\/div>\n\t\t\t<\/div>\n\t\t\t<div class=\"rhombus-hero\">\t\n\t\t\t\t<div class=\"hero anim anim-left\">\n\t\t\t\t\t<h1>Tungsten electrodes \u2013 <br \/>\r\nwith that Made-in-Germany quality<\/h1>\n\t\t\t\t\t<p>We strive to provide the best electrodes for our welding industry customers with peace of mind on both sides<\/p>\n\t\t    \t<\/div>\t\t\t\n        \t<\/div>\n\t\t<\/article>\n    <\/section>\n\n\n\n<div class=\"breadcrumbs align  wp-block-bcn-breadcrumb-trail has-text-color has-background\" vocab=\"https:\/\/schema.org\/\" typeof=\"BreadcrumbList\">\n\t<span><\/span>\n\t<span property=\"itemListElement\" typeof=\"ListItem\"><a property=\"item\" typeof=\"WebPage\" title=\"Go to Service- und Qualit\u00e4tsmarktf\u00fchrer f\u00fcr Wolfram - More than just Tungsten.\" href=\"https:\/\/wolfram-industrie.de\/en\/\" class=\"home\" aria-current=\"page\"><span property=\"name\">Service- und Qualit\u00e4tsmarktf\u00fchrer f\u00fcr Wolfram &#8211; More than just Tungsten<\/span><\/a><meta property=\"position\" content=\"1\"><\/span><\/div>\n\n\n\n\n\n        <section class=\"text-info-col-2 intro \">\n\t\t\t<article>\t\t\t\t\n\t\t\t\t\t  \t\t<div class=\"col-8 fullwidth\">\n\t\t\t\t\t<div class=\"produkt-text\">\n\t\t\t\t\t\t<h2>Welding in quality with the right way forward<\/h2>\n<p>Top of mind when supplying our tungsten and tungsten alloy electrodes is to ensure top-quality welding for product and welder alike.<\/p>\n<p>We achieve this by respecting the following six criteria:<\/p>\n<ul>\n<li><strong>Unrivalled material purity:<\/strong> Long-term cooperation and partnership underpins our raw material supply chains. The trust we&#8217;ve earned and regular quality control pave the way to produce the finest-quality electrodes.<\/li>\n<li><strong>Consistent product quality:<\/strong> Thanks to in-house development, production and monitoring our electrodes even after the sale, we remain focused on the bigger picture and the entire production cycle. Our consistent results come from ongoing excellence and deploying specialist staff with the right expertise.<\/li>\n<li><strong>Durable strength properties:<\/strong> Using the finest-quality raw materials is a cornerstone of the tungsten electrodes we make. Combining this quality with the latest manufacturing processes is how we extend the service life.<\/li>\n<li><strong>High delivery reliability:<\/strong> Maintaining a regional production facility and sourcing our tungsten powder from Europe shield us from global supply chain pressures.<\/li>\n<li><strong>Short delivery times:<\/strong> We follow our service philosophy &#8220;providing from a one-stop source&#8221; to the letter when dealing with customers. And this is how we expedite deliveries, by leveraging direct communication channels and delivery ex works.<\/li>\n<li><strong>Individually adaptable:<\/strong> Not just producing in house but responding too. We know how volatile industry requirements can be. And that\u2019s why we can also tailor the manufacturing process to suit customer requirements.<\/li>\n<\/ul>\n                    <\/div>\t\t\t\t\t\n\t\t\t\t<\/div>\t\n\t\t\t\t\t\t\t\n\t\t\t\t\n\t\t\t\t\t<\/article>\n\t\t<\/section>\n\n\n\n\n\n        <section class=\"text-info-col-2 intro \">\n\t\t\t<article>\t\t\t\t\n\t\t\t\t\t\t\t<div class=\"col-8 fullwidth linklist green\">\n\t\t\t\t\t                            <ul>\n                                                            <li>\n                                    <a href=\"https:\/\/wolfram-industrie.de\/en\/products\/electrodes\/tig-welding-electrodes\/\">TIG welding electrodes<\/a>\n                                <\/li>\n                                                            <li>\n                                    <a href=\"https:\/\/wolfram-industrie.de\/en\/products\/electrodes\/alustar-tft-and-alustar-pro\/\">\u00a0ALUSTAR\u00ae TFT und ALUSTAR\u00ae PRO<\/a>\n                                <\/li>\n                                                            <li>\n                                    <a href=\"https:\/\/wolfram-industrie.de\/en\/products\/electrodes\/orbital-welding-electrodes\/\">Orbital welding electrodes (ORBISTAR\u00ae)<\/a>\n                                <\/li>\n                                                            <li>\n                                    <a href=\"https:\/\/wolfram-industrie.de\/en\/products\/electrodes\/regrinding-service\/\">Regrinding service<\/a>\n                                <\/li>\n                                                            <li>\n                                    <a href=\"https:\/\/wolfram-industrie.de\/en\/products\/electrodes\/recycling-electrodes\/\">Recycling electrodes<\/a>\n                                <\/li>\n                                                            <li>\n                                    <a href=\"https:\/\/wolfram-industrie.de\/en\/products\/electrodes\/resistance-welding-electrodes\/\">Resistance welding electrodes (TRICONSTANT\u00ae)<\/a>\n                                <\/li>\n                                                            <li>\n                                    <a href=\"https:\/\/wolfram-industrie.de\/en\/products\/electrodes\/electrodes-for-electrical-discharge-machining\/\">Electrodes for electrical discharge machining<\/a>\n                                <\/li>\n                                                        <\/ul>                                            \n                         \n\t\t\t\t\t\n                                           \n                        \n                        \n<\/div>\t\n\t\t\t\t\t\t\t\n\t\t\t\t\n\t\t\t\t\t<\/article>\n\t\t<\/section>\n\n\n\n    <section class=\"zitat withsvg\">\n\t\t<article>\n\t\t\t\t\t\t\t<div class=\"flex-item centered\">\n\t\t\t\t  <div class=\"col-3\">\n\t\t\t\t\t<svg class=\"anim anim-left\" version=\"1.1\" viewBox=\"0 0 603.89 221.67\" xml:space=\"preserve\" xmlns=\"http:\/\/www.w3.org\/2000\/svg\">\n\t\t\t\t\t  <g id=\"start_raute\" transform=\"translate(-67.887 -88.673)\">\n\t\t\t\t\t\t<path d=\"m405.9 307.4-332.3 0.8 250.7-217.4 341.6 0.6z\"><\/path>\n\t\t\t\t\t  <\/g>\n\t\t\t\t\t  <\/svg>\n\t\t\t\t  <\/div>\n\t\t\t\t   <div class=\"col-2\">\n\t\t\t\t\t<div class=\"zitat-inner anim anim-left\">\n\t\t\t\t\t  \u201eQuality is about the customer coming back, not the product.\u201d<br \/>\r\n<br \/>\r\nHenry Ford\t\t\t\t\t  \t\t\t\t\t<\/div>\n\t\t\t\t  <\/div>\n\t\t\t\t<\/div>\n\t\t\t        <\/article>\n    <\/section>\n\n\n        <section class=\"img-produkte-col-3\">\n\t\t\t<article class=\"produkt-kategorie\">\n\t\t\t\t<h2>More products<\/h2>\n\t\t\t<\/article>            \n            \n                    <article>\n                            <div class=\"col-3\">\n                    <div class=\"wrapper\">\n\n                        \n                            \n                            <img decoding=\"async\" src=\"https:\/\/wolfram-industrie.de\/wp-content\/uploads\/2022\/06\/wolfram-industrie_Podukte_Halbzeuge.jpg\" \/>\n                            \n                            <div class=\"rhombus bg-green\"><\/div>\n                            <div class=\"inner-rhombus produkt-headline\">\n                                <h2>Semi-Finished Products<\/h2>\n                            <\/div>                                                        \n                           <a href=\"https:\/\/wolfram-industrie.de\/en\/products\/semi-finished-products\/\"><\/a>         \n\n                    <\/div>\n                <\/div>    \n                            <div class=\"col-3\">\n                    <div class=\"wrapper\">\n\n                        \n                            \n                            <img decoding=\"async\" src=\"https:\/\/wolfram-industrie.de\/wp-content\/uploads\/2022\/06\/wolfram-industrie_Podukte_Tungstitt.jpg\" \/>\n                            \n                            <div class=\"rhombus bg-green\"><\/div>\n                            <div class=\"inner-rhombus produkt-headline\">\n                                <h2>TUNGSTIT<\/h2>\n                            <\/div>                                                        \n                           <a href=\"https:\/\/wolfram-industrie.de\/en\/products\/tungstit\/\"><\/a>         \n\n                    <\/div>\n                <\/div>    \n                            <div class=\"col-3\">\n                    <div class=\"wrapper\">\n\n                        \n                            \n                            <img decoding=\"async\" src=\"https:\/\/wolfram-industrie.de\/wp-content\/uploads\/2023\/07\/Wolfram-Industrie_Produkt_Heizelemente-1.jpg\" \/>\n                            \n                            <div class=\"rhombus bg-green\"><\/div>\n                            <div class=\"inner-rhombus produkt-headline\">\n                                <h2>Heating elements<\/h2>\n                            <\/div>                                                        \n                           <a href=\"https:\/\/wolfram-industrie.de\/en\/products\/heating-elements\/\"><\/a>         \n\n                    <\/div>\n                <\/div>    \n                            <div class=\"col-3\">\n                    <div class=\"wrapper\">\n\n                        \n                            \n                            <img decoding=\"async\" src=\"https:\/\/wolfram-industrie.de\/wp-content\/uploads\/2022\/06\/wolfram-industrie_Podukte_konstruktionsteile_3.jpg\" \/>\n                            \n                            <div class=\"rhombus bg-green\"><\/div>\n                            <div class=\"inner-rhombus produkt-headline\">\n                                <h2>Structural parts<\/h2>\n                            <\/div>                                                        \n                           <a href=\"https:\/\/wolfram-industrie.de\/en\/products\/konstruktionsteile\/\"><\/a>         \n\n                    <\/div>\n                <\/div>    \n                            <div class=\"col-3\">\n                    <div class=\"wrapper\">\n\n                        \n                            \n                            <img decoding=\"async\" src=\"https:\/\/wolfram-industrie.de\/wp-content\/uploads\/2022\/06\/wolfram-industrie_produkte_triamte_schwermetall.jpg\" \/>\n                            \n                            <div class=\"rhombus bg-green\"><\/div>\n                            <div class=\"inner-rhombus produkt-headline\">\n                                <h2>Triamet<\/h2>\n                            <\/div>                                                        \n                           <a href=\"https:\/\/wolfram-industrie.de\/en\/products\/triamet-schwermetall\/\"><\/a>         \n\n                    <\/div>\n                <\/div>    \n                            <div class=\"col-3\">\n                    <div class=\"wrapper\">\n\n                        \n                            \n                            <img decoding=\"async\" src=\"https:\/\/wolfram-industrie.de\/wp-content\/uploads\/2022\/06\/wolfram-industrie_werkstoffe_wolfram_granulat_dotimet.jpg\" \/>\n                            \n                            <div class=\"rhombus bg-green\"><\/div>\n                            <div class=\"inner-rhombus produkt-headline\">\n                                <h2>Dotimet<\/h2>\n                            <\/div>                                                        \n                           <a href=\"https:\/\/wolfram-industrie.de\/en\/products\/dotimet\/\"><\/a>         \n\n                    <\/div>\n                <\/div>    \n                        <\/article>\n                    \n\t\t\t                                   \t                \t\t\t\n\t\t<\/section>","protected":false},"excerpt":{"rendered":"","protected":false},"author":5,"featured_media":0,"parent":836,"menu_order":0,"comment_status":"closed","ping_status":"closed","template":"","meta":{"_acf_changed":false,"footnotes":""},"class_list":["post-841","page","type-page","status-publish","hentry"],"acf":[],"_links":{"self":[{"href":"https:\/\/wolfram-industrie.de\/en\/wp-json\/wp\/v2\/pages\/841","targetHints":{"allow":["GET"]}}],"collection":[{"href":"https:\/\/wolfram-industrie.de\/en\/wp-json\/wp\/v2\/pages"}],"about":[{"href":"https:\/\/wolfram-industrie.de\/en\/wp-json\/wp\/v2\/types\/page"}],"author":[{"embeddable":true,"href":"https:\/\/wolfram-industrie.de\/en\/wp-json\/wp\/v2\/users\/5"}],"replies":[{"embeddable":true,"href":"https:\/\/wolfram-industrie.de\/en\/wp-json\/wp\/v2\/comments?post=841"}],"version-history":[{"count":28,"href":"https:\/\/wolfram-industrie.de\/en\/wp-json\/wp\/v2\/pages\/841\/revisions"}],"predecessor-version":[{"id":6410,"href":"https:\/\/wolfram-industrie.de\/en\/wp-json\/wp\/v2\/pages\/841\/revisions\/6410"}],"up":[{"embeddable":true,"href":"https:\/\/wolfram-industrie.de\/en\/wp-json\/wp\/v2\/pages\/836"}],"wp:attachment":[{"href":"https:\/\/wolfram-industrie.de\/en\/wp-json\/wp\/v2\/media?parent=841"}],"curies":[{"name":"wp","href":"https:\/\/api.w.org\/{rel}","templated":true}]}}