{"id":797,"date":"2022-01-26T15:27:17","date_gmt":"2022-01-26T14:27:17","guid":{"rendered":"https:\/\/wolfram.laborumgebung.de\/company\/karriere\/"},"modified":"2026-04-27T08:01:25","modified_gmt":"2026-04-27T06:01:25","slug":"career","status":"publish","type":"page","link":"https:\/\/wolfram-industrie.de\/en\/company\/career\/","title":{"rendered":"Career"},"content":{"rendered":"\n \n\n    <section class=\"img-text-combi-produkt header\" style=\"background-image: url('https:\/\/wolfram-industrie.de\/wp-content\/uploads\/2023\/07\/Wolfram-Industrie_Unternehmen_Karriere.jpg');position: relative;\">\n        <article>\n\t\t\t <div class=\"rhombus bg-green\">\n\t\t\t\t<div class=\"inner-rhombus\">\n\t\t\t\t<\/div>\n\t\t\t<\/div>\n\t\t\t<div class=\"rhombus-hero\">\t\n\t\t\t\t<div class=\"hero anim anim-left\">\n\t\t\t\t\t<h1>This is a people-first workplace<br \/>\r\n<\/h1>\n\t\t\t\t\t<p>Where individuals unleash their own potential with the German market leader for tungsten products<\/p>\n\t\t    \t<\/div>\t\t\t\n        \t<\/div>\n\t\t<\/article>\n    <\/section>\n\n\n\n<div class=\"breadcrumbs align  wp-block-bcn-breadcrumb-trail has-text-color has-background\" vocab=\"https:\/\/schema.org\/\" typeof=\"BreadcrumbList\">\n\t<span><\/span>\n\t<span property=\"itemListElement\" typeof=\"ListItem\"><a property=\"item\" typeof=\"WebPage\" title=\"Go to Service- und Qualit\u00e4tsmarktf\u00fchrer f\u00fcr Wolfram - More than just Tungsten.\" href=\"https:\/\/wolfram-industrie.de\/en\/\" class=\"home\" aria-current=\"page\"><span property=\"name\">Service- und Qualit\u00e4tsmarktf\u00fchrer f\u00fcr Wolfram &#8211; More than just Tungsten<\/span><\/a><meta property=\"position\" content=\"1\"><\/span><\/div>\n\n\n\n\n\n        <section class=\"text-info-col-2 intro \">\n\t\t\t<article>\t\t\t\t\n\t\t\t\t\t  \t\t<div class=\"col-8 fullwidth\">\n\t\t\t\t\t<div class=\"produkt-text\">\n\t\t\t\t\t\t<h2>Whether on the job or developing new skills &#8211; with us everyone can shape their own path<\/h2>\n<p>As an industrial company with three locations, we offer a wide range of positions, from manufacturing to accounting. We welcome applications from candidates whose qualifications match our current vacancies, as well as unsolicited applications.<\/p>\n<p>We bring together a variety of roles and requirements &#8211; all under one roof. Check out our current job openings or feel free to send us a speculative application directly via our contact form.<\/p>\n                    <\/div>\t\t\t\t\t\n\t\t\t\t<\/div>\t\n\t\t\t\t\t\t\t\n\t\t\t\t\n\t\t\t\t\t<\/article>\n\t\t<\/section>\n\n\n\n\n\n        <section class=\"text-info-col-2 intro \">\n\t\t\t<article>\t\t\t\t\n\t\t\t\t\t\t\t<div class=\"col-8 fullwidth linklist grey\">\n\t\t\t\t\t                            <ul>\n                                                            <li>\n                                    <a href=\"https:\/\/wolfram-industrie.de\/en\/company\/career\/product-planner\/\">Product Planner (m\/f\/d)<\/a>\n                                <\/li>\n                                                            <li>\n                                    <a href=\"https:\/\/wolfram-industrie.de\/en\/company\/career\/cnc-specialist-m-f-d\/\">CNC specialist  (m\/f\/d) &#8211; Dachau location<\/a>\n                                <\/li>\n                                                            <li>\n                                    <a href=\"https:\/\/wolfram-industrie.de\/en\/company\/career\/cnc-specialist-mfd-nussdorf\/\">CNC specialist (m\/f\/d) &#8211; Nu\u00dfdorf location<\/a>\n                                <\/li>\n                                                            <li>\n                                    <a href=\"https:\/\/wolfram-industrie.de\/en\/company\/career\/apprenticeship-as-a-cnc-machinist-m-f-d-location-dachau\/\">Apprenticeship as a CNC Machinist (m\/f\/d) &#8211; Location Dachau<\/a>\n                                <\/li>\n                                                            <li>\n                                    <a href=\"https:\/\/wolfram-industrie.de\/en\/company\/career\/accounting-specialist-m-f-d-nusdorf-location\/\">Accounting Specialist (m\/f\/d) &#8211; Nu\u00dfdorf Location<\/a>\n                                <\/li>\n                                                            <li>\n                                    <a href=\"https:\/\/wolfram-industrie.de\/en\/company\/career\/metal-specialist-in-cylindrical-grinding-m-f-d\/\">Metal specialist in cylindrical grinding (m\/f\/d)<\/a>\n                                <\/li>\n                                                        <\/ul>                                            \n                         \n\t\t\t\t\t\n                                           \n                        \n                        \n<\/div>\t\n\t\t\t\t\t\t\t\n\t\t\t\t\n\t\t\t\t\t<\/article>\n\t\t<\/section>\n\n\n\n\n\n        <section class=\"text-info-col-2 intro \">\n\t\t\t<article>\t\t\t\t\n\t\t\t\t\t\t\t<div class=\"col-5 headlineaside\">\n\t\t\t\t\t<h2>\n\t\t\t\t\t\tWe train people too\t\t\t\t\t<\/h2>                   \t\t\t\t\n\t\t\t\t<\/div>\t\n\t\t  \t\t<div class=\"col-7\">\n\t\t\t\t\t<div class=\"produkt-text\">\n\t\t\t\t\t\t<p>As a regionally established employer, we are also training apprentices this year. We help prepare the skilled workers of tomorrow for the future. Experienced colleagues are there for support, with knowledge and years of practical experience.<\/p>\n<img loading=\"lazy\" decoding=\"async\" class=\"alignnone  wp-image-7168\" src=\"https:\/\/wolfram-industrie.de\/wp-content\/uploads\/2026\/02\/Aufkleber-digital-2026-1-300x222.jpg\" alt=\"\" width=\"345\" height=\"255\" srcset=\"https:\/\/wolfram-industrie.de\/wp-content\/uploads\/2026\/02\/Aufkleber-digital-2026-1-300x222.jpg 300w, https:\/\/wolfram-industrie.de\/wp-content\/uploads\/2026\/02\/Aufkleber-digital-2026-1.jpg 482w\" sizes=\"auto, (max-width: 345px) 100vw, 345px\" \/>\n<p>&nbsp;<\/p>\n                    <\/div>\t\t\t\t\t\n\t\t\t\t<\/div>\t\n\t\t\t\t\t\t\t\n\t\t\t\t\n\t\t\t\t\t<\/article>\n\t\t<\/section>\n\n\n\n\n\n        <section class=\"text-info-col-2 intro \">\n\t\t\t<article>\t\t\t\t\n\t\t\t\t\t\t\t<div class=\"col-5 headlineaside\">\n\t\t\t\t\t<h2>\n\t\t\t\t\t\tYour contact\t\t\t\t\t<\/h2>                   \t\t\t\t\n\t\t\t\t<\/div>\t\n\t\t  \t\t<div class=\"col-7\">\n\t\t\t\t\t<div class=\"produkt-text\">\n\t\t\t\t\t\t<p><a href=\"mailto:maehrlein@wolfram-industrie.de\">Stephanie M\u00e4hrlein<\/a> will be happy to answer your questions by email.<br \/>\nOr on the phone via <a href=\"tel:004986697899110\">08669 7899 110<\/a>.<\/p>\n<img loading=\"lazy\" decoding=\"async\" class=\"alignnone wp-image-5950 size-large\" src=\"https:\/\/wolfram-industrie.de\/wp-content\/uploads\/2024\/04\/Maehrlein_Wolfram_Industrie___2023_08_027467-scaled-e1713428501869-1024x986.jpg\" alt=\"\" width=\"1024\" height=\"986\" \/>\n                    <\/div>\t\t\t\t\t\n\t\t\t\t<\/div>\t\n\t\t\t\t\t\t\t\n\t\t\t\t\n\t\t\t\t\t<\/article>\n\t\t<\/section>\n\n\n\n\n\n        <section class=\"text-info-col-2 intro bg-grey\">\n\t\t\t<article>\t\t\t\t\n\t\t\t\t\t  \t\t<div class=\"col-8 fullwidth\">\n\t\t\t\t\t<div class=\"produkt-text\">\n\t\t\t\t\t\t<h2>No suitable job description found?<br \/>\nThen why not apply spontaneously anyway?<\/h2>\n\n<div class=\"wpcf7 no-js\" id=\"wpcf7-f4784-o1\" lang=\"en-US\" dir=\"ltr\" data-wpcf7-id=\"4784\">\n<div class=\"screen-reader-response\"><p role=\"status\" aria-live=\"polite\" aria-atomic=\"true\"><\/p> <ul><\/ul><\/div>\n<form action=\"\/en\/wp-json\/wp\/v2\/pages\/797#wpcf7-f4784-o1\" method=\"post\" class=\"wpcf7-form init wpcf7-acceptance-as-validation\" aria-label=\"Contact form\" enctype=\"multipart\/form-data\" novalidate=\"novalidate\" data-status=\"init\">\n<fieldset class=\"hidden-fields-container\"><input type=\"hidden\" name=\"_wpcf7\" value=\"4784\" \/><input type=\"hidden\" name=\"_wpcf7_version\" value=\"6.1.5\" \/><input type=\"hidden\" name=\"_wpcf7_locale\" value=\"en_US\" \/><input type=\"hidden\" name=\"_wpcf7_unit_tag\" value=\"wpcf7-f4784-o1\" \/><input type=\"hidden\" name=\"_wpcf7_container_post\" value=\"0\" \/><input type=\"hidden\" name=\"_wpcf7_posted_data_hash\" value=\"\" \/><input type=\"hidden\" name=\"_wpcf7dtx_version\" value=\"5.0.5\" \/>\n<\/fieldset>\n<p>Many thanks for your interest in our company.\n<\/p>\n<p>The information you provide will help us to process your application quickly!<br \/>\nYou can fill in the form quickly and easily.\n<\/p>\n<p><strong>Spontaneous application<\/strong>\n<\/p>\n<p><label> Surname, name*<\/label><span class=\"wpcf7-form-control-wrap\" data-name=\"namen\"><input size=\"40\" maxlength=\"400\" class=\"wpcf7-form-control wpcf7-text wpcf7-validates-as-required\" aria-required=\"true\" aria-invalid=\"false\" value=\"\" type=\"text\" name=\"namen\" \/><\/span>\n<\/p>\n<p><label> Email address*<\/label><span class=\"wpcf7-form-control-wrap\" data-name=\"email\"><input size=\"40\" maxlength=\"400\" class=\"wpcf7-form-control wpcf7-email wpcf7-validates-as-required wpcf7-text wpcf7-validates-as-email\" aria-required=\"true\" aria-invalid=\"false\" value=\"\" type=\"email\" name=\"email\" \/><\/span>\n<\/p>\n<p><label> Message*<\/label><span class=\"wpcf7-form-control-wrap\" data-name=\"nachricht\"><textarea cols=\"40\" rows=\"10\" maxlength=\"2000\" class=\"wpcf7-form-control wpcf7-textarea wpcf7-validates-as-required\" aria-required=\"true\" aria-invalid=\"false\" name=\"nachricht\"><\/textarea><\/span>\n<\/p>\n<p><span id=\"wpcf7-69f03ac33091d-wrapper\" class=\"wpcf7-form-control-wrap topics-752-wrap\" ><input type=\"hidden\" name=\"topics-752-time-start\" value=\"1777351363\"><input type=\"hidden\" name=\"topics-752-time-check\" value=\"4\"><label for=\"wpcf7-69f03ac33091d-field\" class=\"hp-message\">Please leave this field empty.<\/label><input id=\"wpcf7-69f03ac33091d-field\"  class=\"wpcf7-form-control wpcf7-text\" type=\"text\" name=\"topics-752\" value=\"\" size=\"40\" tabindex=\"-1\" autocomplete=\"new-password\" \/><\/span>\n<\/p>\n<p><label> Upload cover letter<\/label><span class=\"wpcf7-form-control-wrap\" data-name=\"anschreiben\"><input size=\"40\" class=\"wpcf7-form-control wpcf7-file\" accept=\".pdf,.jpg,.jpeg,.png,.doc,.docx\" aria-invalid=\"false\" type=\"file\" name=\"anschreiben\" \/><\/span>\n<\/p>\n<p><label> Upload resume*<\/label><span class=\"wpcf7-form-control-wrap\" data-name=\"lebenslauf\"><input size=\"40\" class=\"wpcf7-form-control wpcf7-file wpcf7-validates-as-required\" accept=\".pdf,.jpg,.jpeg,.png,.doc,.docx\" aria-required=\"true\" aria-invalid=\"false\" type=\"file\" name=\"lebenslauf\" \/><\/span>\n<\/p>\n<p><label> Upload certificates\/references<\/label><span class=\"wpcf7-form-control-wrap\" data-name=\"zeugnisse\"><input size=\"40\" class=\"wpcf7-form-control wpcf7-file\" accept=\".pdf,.jpg,.jpeg,.png,.doc,.docx\" aria-invalid=\"false\" type=\"file\" name=\"zeugnisse\" \/><\/span>\n<\/p>\n<p>Your data will be treated confidentially. It will not be passed on to third parties.\n<\/p>\n<p>Please note the max. upload size of 4MB per file.\n<\/p>\n<p>Security: Your data is transmitted by a secure encryption process (SSL) and cannot be read by third parties.\n<\/p>\n<p><span class=\"wpcf7-form-control-wrap\" data-name=\"acceptance-data\"><span class=\"wpcf7-form-control wpcf7-acceptance\"><span class=\"wpcf7-list-item\"><label><input type=\"checkbox\" name=\"acceptance-data\" value=\"1\" aria-invalid=\"false\" \/><span class=\"wpcf7-list-item-label\">I acknowledge the <a target='_blank' href='\/en\/privacy-policy\/'>data protection policy<\/a> of Gesellschaft f\u00fcr Wolfram Industrie mbH.<\/span><\/label><\/span><\/span><\/span>\n<\/p>\n<p><input class=\"wpcf7-form-control wpcf7-submit has-spinner send\" type=\"submit\" value=\"Send\" \/>\n<\/p>\n<div class=\"clear\">\n<\/div><div class=\"wpcf7-response-output\" aria-hidden=\"true\"><\/div>\n<\/form>\n<\/div>\n\n                    <\/div>\t\t\t\t\t\n\t\t\t\t<\/div>\t\n\t\t\t\t\t\t\t\n\t\t\t\t\n\t\t\t\t\t<\/article>\n\t\t<\/section>\n","protected":false},"excerpt":{"rendered":"","protected":false},"author":5,"featured_media":0,"parent":785,"menu_order":0,"comment_status":"closed","ping_status":"closed","template":"","meta":{"_acf_changed":false,"footnotes":""},"class_list":["post-797","page","type-page","status-publish","hentry"],"acf":[],"_links":{"self":[{"href":"https:\/\/wolfram-industrie.de\/en\/wp-json\/wp\/v2\/pages\/797","targetHints":{"allow":["GET"]}}],"collection":[{"href":"https:\/\/wolfram-industrie.de\/en\/wp-json\/wp\/v2\/pages"}],"about":[{"href":"https:\/\/wolfram-industrie.de\/en\/wp-json\/wp\/v2\/types\/page"}],"author":[{"embeddable":true,"href":"https:\/\/wolfram-industrie.de\/en\/wp-json\/wp\/v2\/users\/5"}],"replies":[{"embeddable":true,"href":"https:\/\/wolfram-industrie.de\/en\/wp-json\/wp\/v2\/comments?post=797"}],"version-history":[{"count":52,"href":"https:\/\/wolfram-industrie.de\/en\/wp-json\/wp\/v2\/pages\/797\/revisions"}],"predecessor-version":[{"id":7309,"href":"https:\/\/wolfram-industrie.de\/en\/wp-json\/wp\/v2\/pages\/797\/revisions\/7309"}],"up":[{"embeddable":true,"href":"https:\/\/wolfram-industrie.de\/en\/wp-json\/wp\/v2\/pages\/785"}],"wp:attachment":[{"href":"https:\/\/wolfram-industrie.de\/en\/wp-json\/wp\/v2\/media?parent=797"}],"curies":[{"name":"wp","href":"https:\/\/api.w.org\/{rel}","templated":true}]}}