{"id":785,"date":"2021-11-25T16:15:34","date_gmt":"2021-11-25T15:15:34","guid":{"rendered":"https:\/\/wolfram.laborumgebung.de\/das-unternehmen\/"},"modified":"2023-08-03T15:55:24","modified_gmt":"2023-08-03T13:55:24","slug":"company","status":"publish","type":"page","link":"https:\/\/wolfram-industrie.de\/en\/company\/","title":{"rendered":"About our Company"},"content":{"rendered":"\n \n\n    <section class=\"img-text-combi-produkt header\" style=\"background-image: url('https:\/\/wolfram-industrie.de\/wp-content\/uploads\/2023\/06\/wolfram-industrie-unternehmen.jpg');position: relative;\">\n        <article>\n\t\t\t <div class=\"rhombus bg-green\">\n\t\t\t\t<div class=\"inner-rhombus\">\n\t\t\t\t<\/div>\n\t\t\t<\/div>\n\t\t\t<div class=\"rhombus-hero\">\t\n\t\t\t\t<div class=\"hero anim anim-left\">\n\t\t\t\t\t<h1>Leading the market for all things tungsten in service and quality<\/h1>\n\t\t\t\t\t<p>A one-stop shop for consulting, development, production and delivery of tungsten products.<\/p>\n\t\t    \t<\/div>\t\t\t\n        \t<\/div>\n\t\t<\/article>\n    <\/section>\n\n\n\n<div class=\"breadcrumbs align  wp-block-bcn-breadcrumb-trail has-text-color has-background\" vocab=\"https:\/\/schema.org\/\" typeof=\"BreadcrumbList\">\n\t<span><\/span>\n\t<span property=\"itemListElement\" typeof=\"ListItem\"><a property=\"item\" typeof=\"WebPage\" title=\"Go to Service- und Qualit\u00e4tsmarktf\u00fchrer f\u00fcr Wolfram - More than just Tungsten.\" href=\"https:\/\/wolfram-industrie.de\/en\/\" class=\"home\" aria-current=\"page\"><span property=\"name\">Service- und Qualit\u00e4tsmarktf\u00fchrer f\u00fcr Wolfram &#8211; More than just Tungsten<\/span><\/a><meta property=\"position\" content=\"1\"><\/span><\/div>\n\n\n\n\n\n        <section class=\"text-info-col-2 intro \">\n\t\t\t<article>\t\t\t\t\n\t\t\t\t\t  \t\t<div class=\"col-8 fullwidth\">\n\t\t\t\t\t<div class=\"produkt-text\">\n\t\t\t\t\t\t<h2>Exceptional quality with service to match<\/h2>\n<p>Wolfram Industrie is a global player, developing and producing tungsten-based products. We deliver the technically intelligent solutions required to produce high-quality industrial goods.<\/p>\n<p>As the only manufacturer of tungsten electrodes in Germany and thoriated electrodes in Europe, expertise and regional ties are a top priority. With four generations of entrepreneurship to tap into, we have an enviable expertise in refractory metals and a wealth of experience in customer relationships.<\/p>\n<p>We remain an independent family business and rely on open communication based on partnership. These values are the roadmap for our actions:<\/p>\n                    <\/div>\t\t\t\t\t\n\t\t\t\t<\/div>\t\n\t\t\t\t\t\t\t\n\t\t\t\t\n\t\t\t\t\t<\/article>\n\t\t<\/section>\n\n\n\n\n\n        <section class=\"text-info-col-2 intro \">\n\t\t\t<article>\t\t\t\t\n\t\t\t\t\t\t\t<div class=\"col-5 headlineaside\">\n\t\t\t\t\t<h2>\n\t\t\t\t\t\t\t\t\t\t\t<\/h2>                   \t\t\t\t\n\t\t\t\t<\/div>\t\n\t\t  \t\t<div class=\"col-7\">\n\t\t\t\t\t<div class=\"produkt-text\">\n\t\t\t\t\t\t<img loading=\"lazy\" decoding=\"async\" class=\"alignnone wp-image-1386 size-large\" src=\"https:\/\/wolfram-industrie.de\/wp-content\/uploads\/2022\/05\/wolfram-industrie_werkstoffe_werkstoffverbunde_4-1024x682.jpg\" alt=\"\" width=\"1024\" height=\"682\" srcset=\"https:\/\/wolfram-industrie.de\/wp-content\/uploads\/2022\/05\/wolfram-industrie_werkstoffe_werkstoffverbunde_4-1024x682.jpg 1024w, https:\/\/wolfram-industrie.de\/wp-content\/uploads\/2022\/05\/wolfram-industrie_werkstoffe_werkstoffverbunde_4-300x200.jpg 300w, https:\/\/wolfram-industrie.de\/wp-content\/uploads\/2022\/05\/wolfram-industrie_werkstoffe_werkstoffverbunde_4-768x512.jpg 768w, https:\/\/wolfram-industrie.de\/wp-content\/uploads\/2022\/05\/wolfram-industrie_werkstoffe_werkstoffverbunde_4-1536x1024.jpg 1536w, https:\/\/wolfram-industrie.de\/wp-content\/uploads\/2022\/05\/wolfram-industrie_werkstoffe_werkstoffverbunde_4.jpg 1850w\" sizes=\"auto, (max-width: 1024px) 100vw, 1024px\" \/>\n                    <\/div>\t\t\t\t\t\n\t\t\t\t<\/div>\t\n\t\t\t\t\t\t\t\n\t\t\t\t\n\t\t\t\t\t<\/article>\n\t\t<\/section>\n\n\n\n\n\n        <section class=\"text-info-col-2 intro \">\n\t\t\t<article>\t\t\t\t\n\t\t\t\t\t\t\t<div class=\"col-5 headlineaside\">\n\t\t\t\t\t<h2>\n\t\t\t\t\t\tInnovator and solution provider\t\t\t\t\t<\/h2>                   \t\t\t\t\n\t\t\t\t<\/div>\t\n\t\t  \t\t<div class=\"col-7\">\n\t\t\t\t\t<div class=\"produkt-text\">\n\t\t\t\t\t\t<p>Our knowledge is our crucial USP when it comes to meeting increasing complex product requirements. We can tap into this to respond more swiftly to individual customer needs and create metallurgically great solutions.<\/p>\n                    <\/div>\t\t\t\t\t\n\t\t\t\t<\/div>\t\n\t\t\t\t\t\t\t\n\t\t\t\t\n\t\t\t\t\t<\/article>\n\t\t<\/section>\n\n\n\n\n\n        <section class=\"text-info-col-2 intro \">\n\t\t\t<article>\t\t\t\t\n\t\t\t\t\t\t\t<div class=\"col-5 headlineaside\">\n\t\t\t\t\t<h2>\n\t\t\t\t\t\tRegional responsibility\t\t\t\t\t<\/h2>                   \t\t\t\t\n\t\t\t\t<\/div>\t\n\t\t  \t\t<div class=\"col-7\">\n\t\t\t\t\t<div class=\"produkt-text\">\n\t\t\t\t\t\t<p>Collectively, our Dachau, Nu\u00dfdorf and Winterthur facilities represent a high-quality production hub in Central Europe. Hedging against geopolitical pressures, shoring up our supply security and meeting our social responsibilities as a secure employer in the Upper Bavarian region.<\/p>\n                    <\/div>\t\t\t\t\t\n\t\t\t\t<\/div>\t\n\t\t\t\t\t\t\t\n\t\t\t\t\n\t\t\t\t\t<\/article>\n\t\t<\/section>\n\n\n\n\n\n        <section class=\"text-info-col-2 intro \">\n\t\t\t<article>\t\t\t\t\n\t\t\t\t\t\t\t<div class=\"col-5 headlineaside\">\n\t\t\t\t\t<h2>\n\t\t\t\t\t\tService with a handshake\t\t\t\t\t<\/h2>                   \t\t\t\t\n\t\t\t\t<\/div>\t\n\t\t  \t\t<div class=\"col-7\">\n\t\t\t\t\t<div class=\"produkt-text\">\n\t\t\t\t\t\t<p>On a human to human level. No-one can achieve an appreciative corporate culture without the help of employees and customers. We leverage product quality and the extra-mile service we offer to win our customers\u2019 trust.<\/p>\n<p>&nbsp;<\/p>\n                    <\/div>\t\t\t\t\t\n\t\t\t\t<\/div>\t\n\t\t\t\t\t\t\t\n\t\t\t\t\n\t\t\t\t\t<\/article>\n\t\t<\/section>\n\n\n\n\n\n        <section class=\"text-info-col-2 intro \">\n\t\t\t<article>\t\t\t\t\n\t\t\t\t\t\t\t<div class=\"col-5 headlineaside\">\n\t\t\t\t\t<h2>\n\t\t\t\t\t\tSustainable value chains\t\t\t\t\t<\/h2>                   \t\t\t\t\n\t\t\t\t<\/div>\t\n\t\t  \t\t<div class=\"col-7\">\n\t\t\t\t\t<div class=\"produkt-text\">\n\t\t\t\t\t\t<p>An environmentally aware approach starts with procuring conflict-free material and goes beyond the emission-neutral delivery of finished production parts. We also strive to optimise our processes to meet sustainability requirements and take environmental protection into account when making all corporate decisions.<\/p>\n                    <\/div>\t\t\t\t\t\n\t\t\t\t<\/div>\t\n\t\t\t\t\t\t\t\n\t\t\t\t\n\t\t\t\t\t<\/article>\n\t\t<\/section>\n\n\n\n        <section class=\"img-produkte-col-3\">\n\t\t\t<article class=\"produkt-kategorie\">\n\t\t\t\t<h2><\/h2>\n\t\t\t<\/article>            \n            \n                    <article>\n                            <div class=\"col-3\">\n                    <div class=\"wrapper\">\n\n                        \n                            \n                            <img decoding=\"async\" src=\"https:\/\/wolfram-industrie.de\/wp-content\/uploads\/2021\/12\/individuelle-loesungen.png\" \/>\n                            \n                            <div class=\"rhombus bg-green\"><\/div>\n                            <div class=\"inner-rhombus produkt-headline\">\n                                <h2>Team<\/h2>\n                            <\/div>                                                        \n                           <a href=\"https:\/\/wolfram-industrie.de\/en\/company\/team\/\"><\/a>         \n\n                    <\/div>\n                <\/div>    \n                            <div class=\"col-3\">\n                    <div class=\"wrapper\">\n\n                        \n                            \n                            <img decoding=\"async\" src=\"https:\/\/wolfram-industrie.de\/wp-content\/uploads\/2023\/05\/wolfram-industrie-home-2-1-2.jpg\" \/>\n                            \n                            <div class=\"rhombus bg-green\"><\/div>\n                            <div class=\"inner-rhombus produkt-headline\">\n                                <h2>Philosophy<\/h2>\n                            <\/div>                                                        \n                           <a href=\"https:\/\/wolfram-industrie.de\/en\/company\/philosophy\/\"><\/a>         \n\n                    <\/div>\n                <\/div>    \n                            <div class=\"col-3\">\n                    <div class=\"wrapper\">\n\n                        \n                            \n                            <img decoding=\"async\" src=\"https:\/\/wolfram-industrie.de\/wp-content\/uploads\/2023\/05\/header-bg.jpg\" \/>\n                            \n                            <div class=\"rhombus bg-green\"><\/div>\n                            <div class=\"inner-rhombus produkt-headline\">\n                                <h2>Locations<\/h2>\n                            <\/div>                                                        \n                           <a href=\"https:\/\/wolfram-industrie.de\/en\/company\/locations\/\"><\/a>         \n\n                    <\/div>\n                <\/div>    \n                        <\/article>\n                    \n\t\t\t                                   \t                \t\t\t\n\t\t<\/section>","protected":false},"excerpt":{"rendered":"","protected":false},"author":5,"featured_media":0,"parent":0,"menu_order":0,"comment_status":"closed","ping_status":"closed","template":"","meta":{"_acf_changed":false,"footnotes":""},"class_list":["post-785","page","type-page","status-publish","hentry"],"acf":[],"_links":{"self":[{"href":"https:\/\/wolfram-industrie.de\/en\/wp-json\/wp\/v2\/pages\/785","targetHints":{"allow":["GET"]}}],"collection":[{"href":"https:\/\/wolfram-industrie.de\/en\/wp-json\/wp\/v2\/pages"}],"about":[{"href":"https:\/\/wolfram-industrie.de\/en\/wp-json\/wp\/v2\/types\/page"}],"author":[{"embeddable":true,"href":"https:\/\/wolfram-industrie.de\/en\/wp-json\/wp\/v2\/users\/5"}],"replies":[{"embeddable":true,"href":"https:\/\/wolfram-industrie.de\/en\/wp-json\/wp\/v2\/comments?post=785"}],"version-history":[{"count":5,"href":"https:\/\/wolfram-industrie.de\/en\/wp-json\/wp\/v2\/pages\/785\/revisions"}],"predecessor-version":[{"id":4609,"href":"https:\/\/wolfram-industrie.de\/en\/wp-json\/wp\/v2\/pages\/785\/revisions\/4609"}],"wp:attachment":[{"href":"https:\/\/wolfram-industrie.de\/en\/wp-json\/wp\/v2\/media?parent=785"}],"curies":[{"name":"wp","href":"https:\/\/api.w.org\/{rel}","templated":true}]}}