{"id":7264,"date":"2026-04-23T12:36:32","date_gmt":"2026-04-23T10:36:32","guid":{"rendered":"https:\/\/wolfram-industrie.de\/?page_id=7264"},"modified":"2026-04-23T12:36:35","modified_gmt":"2026-04-23T10:36:35","slug":"accounting-specialist-m-f-d-nusdorf-location","status":"publish","type":"page","link":"https:\/\/wolfram-industrie.de\/en\/company\/career\/accounting-specialist-m-f-d-nusdorf-location\/","title":{"rendered":"Accounting Specialist (m\/f\/d) &#8211; Nu\u00dfdorf Location"},"content":{"rendered":"\n \n\n    <section class=\"img-text-combi-produkt header\" style=\"background-image: url('https:\/\/wolfram-industrie.de\/wp-content\/uploads\/2023\/06\/wolfram-industrie-verhaltenskodex-4.jpg');position: relative;\">\n        <article>\n\t\t\t <div class=\"rhombus bg-green\">\n\t\t\t\t<div class=\"inner-rhombus\">\n\t\t\t\t<\/div>\n\t\t\t<\/div>\n\t\t\t<div class=\"rhombus-hero\">\t\n\t\t\t\t<div class=\"hero anim anim-left\">\n\t\t\t\t\t<h1>Accounting Specialist (m\/f\/d)<\/h1>\n\t\t\t\t\t<p>Reliable Numbers for Strong Materials<\/p>\n\t\t    \t<\/div>\t\t\t\n        \t<\/div>\n\t\t<\/article>\n    <\/section>\n\n\n\n<div class=\"breadcrumbs align bg-grey wp-block-bcn-breadcrumb-trail has-text-color has-background\" vocab=\"https:\/\/schema.org\/\" typeof=\"BreadcrumbList\">\n\t<span><\/span>\n\t<span property=\"itemListElement\" typeof=\"ListItem\"><a property=\"item\" typeof=\"WebPage\" title=\"Go to Service- und Qualit\u00e4tsmarktf\u00fchrer f\u00fcr Wolfram - More than just Tungsten.\" href=\"https:\/\/wolfram-industrie.de\/en\/\" class=\"home\" aria-current=\"page\"><span property=\"name\">Service- und Qualit\u00e4tsmarktf\u00fchrer f\u00fcr Wolfram &#8211; More than just Tungsten<\/span><\/a><meta property=\"position\" content=\"1\"><\/span><\/div>\n\n\n\n\n\n        <section class=\"text-info-col-2 intro bg-grey\">\n\t\t\t<article>\t\t\t\t\n\t\t\t\t\t  \t\t<div class=\"col-8 fullwidth\">\n\t\t\t\t\t<div class=\"produkt-text\">\n\t\t\t\t\t\t<p class=\"p1\">Wolfram Industrie is the specialist in the development and manufacture of tungsten-based products. Our international clients require well-thought-out solutions for complex requirements. They particularly value our commitment to <strong>reliable<\/strong> <strong>processes<\/strong> \u2013 and the stable financial foundation that our accounting department ensures on a daily basis.<\/p>\n<p class=\"p2\">We want to continue meeting this standard and remain market leader. To this end, we are looking immediately for a <strong>dedicated Accounting Support<\/strong> (m\/f\/d) in <strong>part-time<\/strong> at our plant in <strong>Nu\u00dfdorf<\/strong> for a <strong>permanent position<\/strong>.<\/p>\n<div class=\"btn bg-green\"><a href=\"#bewerben\">Application Form<\/a><\/div>\n                    <\/div>\t\t\t\t\t\n\t\t\t\t<\/div>\t\n\t\t\t\t\t\t\t\n\t\t\t\t\n\t\t\t\t\t<\/article>\n\t\t<\/section>\n\n\n\n     <section class=\"img-info-col-2  \">\n\t\t<article>\n\t\t\t\t\t\t<div class=\"col-2\">\n\t\t\t\t\t            <div class=\"img\">\n                                            <img decoding=\"async\" src=\"https:\/\/wolfram-industrie.de\/wp-content\/uploads\/2025\/01\/wolfram-industrie-karriere-sales-engineer-1.jpg\" alt=\"Wolfram Industrie Sales Engineer\" \/>\n                                                    \t\t\t\t\t\n\t\t\t\t<\/div>\t\t\t\t\t\n            <\/div>\n\t\t\t<div class=\"col-2\">\n\t\t\t\t<div class=\"info\">\n\t\t\t\t\t<p class=\"p1\"><strong>Your Responsibilities<\/strong><b><\/b><\/p>\n<p class=\"p2\"><strong>Payroll Accounting:<\/strong> You will independently carry out monthly payroll processing and conscientiously maintain employee master data. You will handle all reporting and certification obligations with authorities, social security institutions, and tax offices, as well as manage employee onboarding and offboarding. As a reliable point of contact, you will assist employees with questions relating to payroll tax and social security law.<\/p>\n<p class=\"p2\"><strong>Time Tracking:<\/strong> You will administer and maintain our company time tracking system, ensuring the accurate recording, monitoring, and evaluation of working hours, overtime, vacation, and absences. You will independently reconcile and transfer time tracking data into the payroll system. You will serve as the primary contact for employees and managers, ensure compliance with statutory working time requirements, and actively contribute to the further development of the system.<\/p>\n<p class=\"p2\"><strong>Financial Accounting (Holiday Cover):<\/strong> When providing cover, you will code and post ongoing business transactions in the areas of accounts receivable, accounts payable, and general ledger accounts, and manage fixed assets including depreciation runs. You will process payments, monitor open items, clarify discrepancies, and prepare VAT returns and other statutory tax filings.<\/p>\n<p class=\"p2\"><strong>Financial Statements:<\/strong> You will assist in the preparation of monthly, quarterly, and annual financial statements in accordance with HGB (German Commercial Code), prepare for and accompany the annual audit process. In addition, you will independently prepare balance sheets in accordance with HGB.<\/p>\n\t\t\t\t<\/div>\n\t\t\t<\/div>\n        <\/article>\n    <\/section>\n\n\n     <section class=\"img-info-col-2  \">\n\t\t<article>\n\t\t\t\t\t\t<div class=\"col-2\">\n\t\t\t\t\t            <div class=\"img\">\n                                            <img decoding=\"async\" src=\"https:\/\/wolfram-industrie.de\/wp-content\/uploads\/2023\/06\/wolfram-industrie-unternehmen-philosophie_2.jpg\" alt=\"\" \/>\n                                                    \t\t\t\t\t\n\t\t\t\t<\/div>\t\t\t\t\t\n            <\/div>\n\t\t\t<div class=\"col-2\">\n\t\t\t\t<div class=\"info\">\n\t\t\t\t\t<p class=\"p1\"><strong>Your Expertise<\/strong><b><\/b><\/p>\n<p class=\"p2\">To ensure our accounting runs smoothly and all bookkeeping tasks are completed reliably, we rely on your <strong>diligence<\/strong>, your <strong>expertise<\/strong>, and your <strong>structured approach to work<\/strong>. We look forward to your skills in these areas:<\/p>\n<p class=\"p2\">A <strong>completed commercial training<\/strong>, e.g. as a tax assistant or bookkeeper; further qualification as a <strong>financial accountant<\/strong> is an advantage.<\/p>\n<p class=\"p2\"><strong>Several years of professional experience in accounting<\/strong> with a solid knowledge of tax law, social security law, and employment law.<\/p>\n<p class=\"p2\">Solid knowledge of <strong>HGB regulations<\/strong> and experience with common <strong>accounting software<\/strong>.<\/p>\n<p class=\"p2\">Good <strong>MS Office skills<\/strong>, particularly Excel.<\/p>\n<p class=\"p2\">A careful, structured, and <strong>independent working style<\/strong> with a strong affinity for numbers and analytical thinking.<\/p>\n<p class=\"p2\">A strong <strong>team spirit<\/strong> and good <strong>communication skills<\/strong> \u2013 you bring new ideas and enjoy working with different departments.<\/p>\n<p class=\"p2\">Very good <strong>German<\/strong> and good <strong>English skills<\/strong>, written and spoken.<\/p>\n\t\t\t\t<\/div>\n\t\t\t<\/div>\n        <\/article>\n    <\/section>\n\n\n    <section class=\"zitat withsvg\">\n\t\t<article>\n\t\t\t\t\t\t\t<div class=\"flex-item centered\">\n\t\t\t\t  <div class=\"col-3\">\n\t\t\t\t\t<svg class=\"anim anim-left\" version=\"1.1\" viewBox=\"0 0 603.89 221.67\" xml:space=\"preserve\" xmlns=\"http:\/\/www.w3.org\/2000\/svg\">\n\t\t\t\t\t  <g id=\"start_raute\" transform=\"translate(-67.887 -88.673)\">\n\t\t\t\t\t\t<path d=\"m405.9 307.4-332.3 0.8 250.7-217.4 341.6 0.6z\"><\/path>\n\t\t\t\t\t  <\/g>\n\t\t\t\t\t  <\/svg>\n\t\t\t\t  <\/div>\n\t\t\t\t   <div class=\"col-2\">\n\t\t\t\t\t<div class=\"zitat-inner anim anim-left\">\n\t\t\t\t\t  &#8220;Reliable numbers are no coincidence &#8211; they are the result of careful work. In accounting, payroll, bookings and financial statements are prepared with such precision that our company always has a clear picture of its financial position and can make well-informed decisions.&#8221;\t\t\t\t\t  \t\t\t\t\t<\/div>\n\t\t\t\t  <\/div>\n\t\t\t\t<\/div>\n\t\t\t        <\/article>\n    <\/section>\n\n\n     <section class=\"img-info-col-2  \">\n\t\t<article>\n\t\t\t\t\t\t<div class=\"col-2\">\n\t\t\t\t\t            <div class=\"img\">\n                                            <img decoding=\"async\" src=\"https:\/\/wolfram-industrie.de\/wp-content\/uploads\/2025\/01\/wolfram-industrie-karriere-sales-engineer-2.jpg\" alt=\"Wolfram Industrie Standort Nu\u00dfdorf\" \/>\n                                                    \t\t\t\t\t\n\t\t\t\t<\/div>\t\t\t\t\t\n            <\/div>\n\t\t\t<div class=\"col-2\">\n\t\t\t\t<div class=\"info\">\n\t\t\t\t\t<p class=\"p1\"><strong>Your Expertise<\/strong><b><\/b><\/p>\n<p class=\"p2\">To ensure our accounting runs smoothly and all bookkeeping tasks are completed reliably, we rely on your <strong>diligence<\/strong>, your <strong>expertise<\/strong>, and your <strong>structured approach to work<\/strong>. We look forward to your skills in these areas:<\/p>\n<p class=\"p3\">A <strong>completed commercial training<\/strong>, e.g. as a tax assistant or bookkeeper; further qualification as a <strong>financial accountant<\/strong> is an advantage.<\/p>\n<p class=\"p2\"><strong>Several years of professional experience in accounting<\/strong> with a solid knowledge of tax law, social security law, and employment law.<\/p>\n<p class=\"p3\">Solid knowledge of <strong>HGB regulations<\/strong> and experience with common <strong>accounting software<\/strong>.<\/p>\n<p class=\"p2\">Good <strong>MS Office skills<\/strong>, particularly Excel.<\/p>\n<p class=\"p3\">A careful, structured, and <strong>independent working style<\/strong> with a strong affinity for numbers and analytical thinking.<\/p>\n<p class=\"p2\">A strong <strong>team spirit<\/strong> and good <strong>communication skills<\/strong> \u2013 you bring new ideas and enjoy working with different departments.<\/p>\n<p class=\"p4\"><span class=\"s2\">Very good <strong>German<\/strong> and good <strong>English skills<\/strong>, written and spoken.<\/span><\/p>\n\t\t\t\t<\/div>\n\t\t\t<\/div>\n        <\/article>\n    <\/section>\n\n\n     <section class=\"img-info-col-2  \">\n\t\t<article>\n\t\t\t\t\t\t<div class=\"col-2\">\n\t\t\t\t\t            <div class=\"img\">\n                                            <img decoding=\"async\" src=\"https:\/\/wolfram-industrie.de\/wp-content\/uploads\/2023\/12\/wolfram-industrie-karriere-maehrlein.jpg\" alt=\"Wolfram Industrie Karriere Ausbildung\" \/>\n                                                    \t\t\t\t\t\n\t\t\t\t<\/div>\t\t\t\t\t\n            <\/div>\n\t\t\t<div class=\"col-2\">\n\t\t\t\t<div class=\"info\">\n\t\t\t\t\t<p class=\"p1\"><strong>Does This Sound Like You?<\/strong><\/p>\n<p class=\"p2\">Great! Apply now via our <strong>Online Form<\/strong> or ask our HR consultant Stephanie M\u00e4hrlein your questions. Just call Steffi at +49 (0)8669 7899110 or send her an <strong><a href=\"mailto:maehrlein@wolfram-industrie.de\"><span class=\"s1\">Email<\/span><\/a>.<\/strong><\/p>\n\t\t\t\t<\/div>\n\t\t\t<\/div>\n        <\/article>\n    <\/section>\n\n\n<a class=\"anchor\" name=\"bewerben\"><\/a>\n\n\n\n\n\n        <section class=\"text-info-col-2 intro bg-grey\">\n\t\t\t<article>\t\t\t\t\n\t\t\t\t\t  \t\t<div class=\"col-8 fullwidth\">\n\t\t\t\t\t<div class=\"produkt-text\">\n\t\t\t\t\t\t<h2>Please fill out the application form below.<\/h2>\n\n<div class=\"wpcf7 no-js\" id=\"wpcf7-f4789-o1\" lang=\"en-US\" dir=\"ltr\" data-wpcf7-id=\"4789\">\n<div class=\"screen-reader-response\"><p role=\"status\" aria-live=\"polite\" aria-atomic=\"true\"><\/p> <ul><\/ul><\/div>\n<form action=\"\/en\/wp-json\/wp\/v2\/pages\/7264#wpcf7-f4789-o1\" method=\"post\" class=\"wpcf7-form init wpcf7-acceptance-as-validation\" aria-label=\"Contact form\" enctype=\"multipart\/form-data\" novalidate=\"novalidate\" data-status=\"init\">\n<fieldset class=\"hidden-fields-container\"><input type=\"hidden\" name=\"_wpcf7\" value=\"4789\" \/><input type=\"hidden\" name=\"_wpcf7_version\" value=\"6.1.5\" \/><input type=\"hidden\" name=\"_wpcf7_locale\" value=\"en_US\" \/><input type=\"hidden\" name=\"_wpcf7_unit_tag\" value=\"wpcf7-f4789-o1\" \/><input type=\"hidden\" name=\"_wpcf7_container_post\" value=\"0\" \/><input type=\"hidden\" name=\"_wpcf7_posted_data_hash\" value=\"\" \/><input type=\"hidden\" name=\"_wpcf7dtx_version\" value=\"5.0.5\" \/>\n<\/fieldset>\n<p>Many thanks for your interest in our company.\n<\/p>\n<p>The information you provide will help us to process your application quickly!<br \/>\nYou can fill in the form quickly and easily.\n<\/p>\n<p><label>Application as*<\/label><span class=\"wpcf7-form-control-wrap stelle\" data-name=\"stelle\"><input type=\"text\" name=\"stelle\" class=\"wpcf7-form-control wpcf7-text wpcf7dtx wpcf7dtx-text\" aria-invalid=\"false\" required=\"required\" readonly=\"readonly\" value=\"Accounting Specialist (m\/f\/d) - Nu\u00dfdorf Location\"><\/span>\n<\/p>\n<p><label> Surname, name*<\/label><span class=\"wpcf7-form-control-wrap\" data-name=\"namen\"><input size=\"40\" maxlength=\"400\" class=\"wpcf7-form-control wpcf7-text wpcf7-validates-as-required\" aria-required=\"true\" aria-invalid=\"false\" value=\"\" type=\"text\" name=\"namen\" \/><\/span>\n<\/p>\n<p><label> Email address*<\/label><span class=\"wpcf7-form-control-wrap\" data-name=\"email\"><input size=\"40\" maxlength=\"400\" class=\"wpcf7-form-control wpcf7-email wpcf7-validates-as-required wpcf7-text wpcf7-validates-as-email\" aria-required=\"true\" aria-invalid=\"false\" value=\"\" type=\"email\" name=\"email\" \/><\/span>\n<\/p>\n<p><label> Message*<\/label><span class=\"wpcf7-form-control-wrap\" data-name=\"nachricht\"><textarea cols=\"40\" rows=\"10\" maxlength=\"2000\" class=\"wpcf7-form-control wpcf7-textarea wpcf7-validates-as-required\" aria-required=\"true\" aria-invalid=\"false\" name=\"nachricht\"><\/textarea><\/span>\n<\/p>\n<p><span id=\"wpcf7-69f04f9d3e160-wrapper\" class=\"wpcf7-form-control-wrap topics-634-wrap\" ><input type=\"hidden\" name=\"topics-634-time-start\" value=\"1777356701\"><input type=\"hidden\" name=\"topics-634-time-check\" value=\"4\"><label for=\"wpcf7-69f04f9d3e160-field\" class=\"hp-message\">Please leave this field empty.<\/label><input id=\"wpcf7-69f04f9d3e160-field\"  class=\"wpcf7-form-control wpcf7-text\" type=\"text\" name=\"topics-634\" value=\"\" size=\"40\" tabindex=\"-1\" autocomplete=\"new-password\" \/><\/span>\n<\/p>\n<p><label> Upload cover letter<\/label><span class=\"wpcf7-form-control-wrap\" data-name=\"anschreiben\"><input size=\"40\" class=\"wpcf7-form-control wpcf7-file\" accept=\".pdf,.jpg,.jpeg,.png,.doc,.docx\" aria-invalid=\"false\" type=\"file\" name=\"anschreiben\" \/><\/span>\n<\/p>\n<p><label> Upload resume*<\/label><span class=\"wpcf7-form-control-wrap\" data-name=\"lebenslauf\"><input size=\"40\" class=\"wpcf7-form-control wpcf7-file wpcf7-validates-as-required\" accept=\".pdf,.jpg,.jpeg,.png,.doc,.docx\" aria-required=\"true\" aria-invalid=\"false\" type=\"file\" name=\"lebenslauf\" \/><\/span>\n<\/p>\n<p><label> Upload certificates\/references<\/label><span class=\"wpcf7-form-control-wrap\" data-name=\"zeugnisse\"><input size=\"40\" class=\"wpcf7-form-control wpcf7-file\" accept=\".pdf,.jpg,.jpeg,.png,.doc,.docx\" aria-invalid=\"false\" type=\"file\" name=\"zeugnisse\" \/><\/span>\n<\/p>\n<p>Your data will be treated confidentially. It will not be passed on to third parties.\n<\/p>\n<p>Please note the max. upload size of 4MB per file.\n<\/p>\n<p>Security: Your data is transmitted by a secure encryption process (SSL) and cannot be read by third parties.\n<\/p>\n<p><span class=\"wpcf7-form-control-wrap\" data-name=\"acceptance-data\"><span class=\"wpcf7-form-control wpcf7-acceptance\"><span class=\"wpcf7-list-item\"><label><input type=\"checkbox\" name=\"acceptance-data\" value=\"1\" aria-invalid=\"false\" \/><span class=\"wpcf7-list-item-label\">I acknowledge the <a target='_blank' href='\/en\/privacy-policy\/'>data protection policy<\/a> of Gesellschaft f\u00fcr Wolfram Industrie mbH.<\/span><\/label><\/span><\/span><\/span>\n<\/p>\n<p><input class=\"wpcf7-form-control wpcf7-submit has-spinner send\" type=\"submit\" value=\"Send\" \/>\n<\/p>\n<div class=\"clear\">\n<\/div><div class=\"wpcf7-response-output\" aria-hidden=\"true\"><\/div>\n<\/form>\n<\/div>\n\n                    <\/div>\t\t\t\t\t\n\t\t\t\t<\/div>\t\n\t\t\t\t\t\t\t\n\t\t\t\t\n\t\t\t\t\t<\/article>\n\t\t<\/section>\n","protected":false},"excerpt":{"rendered":"","protected":false},"author":9,"featured_media":0,"parent":797,"menu_order":0,"comment_status":"closed","ping_status":"closed","template":"","meta":{"_acf_changed":false,"footnotes":""},"class_list":["post-7264","page","type-page","status-publish","hentry"],"acf":[],"_links":{"self":[{"href":"https:\/\/wolfram-industrie.de\/en\/wp-json\/wp\/v2\/pages\/7264","targetHints":{"allow":["GET"]}}],"collection":[{"href":"https:\/\/wolfram-industrie.de\/en\/wp-json\/wp\/v2\/pages"}],"about":[{"href":"https:\/\/wolfram-industrie.de\/en\/wp-json\/wp\/v2\/types\/page"}],"author":[{"embeddable":true,"href":"https:\/\/wolfram-industrie.de\/en\/wp-json\/wp\/v2\/users\/9"}],"replies":[{"embeddable":true,"href":"https:\/\/wolfram-industrie.de\/en\/wp-json\/wp\/v2\/comments?post=7264"}],"version-history":[{"count":7,"href":"https:\/\/wolfram-industrie.de\/en\/wp-json\/wp\/v2\/pages\/7264\/revisions"}],"predecessor-version":[{"id":7299,"href":"https:\/\/wolfram-industrie.de\/en\/wp-json\/wp\/v2\/pages\/7264\/revisions\/7299"}],"up":[{"embeddable":true,"href":"https:\/\/wolfram-industrie.de\/en\/wp-json\/wp\/v2\/pages\/797"}],"wp:attachment":[{"href":"https:\/\/wolfram-industrie.de\/en\/wp-json\/wp\/v2\/media?parent=7264"}],"curies":[{"name":"wp","href":"https:\/\/api.w.org\/{rel}","templated":true}]}}