{"id":7252,"date":"2026-04-08T08:06:40","date_gmt":"2026-04-08T06:06:40","guid":{"rendered":"https:\/\/wolfram-industrie.de\/?page_id=7252"},"modified":"2026-04-08T08:09:09","modified_gmt":"2026-04-08T06:09:09","slug":"apprenticeship-as-a-cnc-machinist-m-f-d-location-nussdorf","status":"publish","type":"page","link":"https:\/\/wolfram-industrie.de\/en\/company\/career\/apprenticeship-as-a-cnc-machinist-m-f-d-location-nussdorf\/","title":{"rendered":"Apprenticeship as a CNC Machinist (m\/f\/d) &#8211; Location Nu\u00dfdorf"},"content":{"rendered":"\n \n\n    <section class=\"img-text-combi-produkt header\" style=\"background-image: url('https:\/\/wolfram-industrie.de\/wp-content\/uploads\/2023\/06\/wolfram-industrie-unternehmen-karriere-3.jpg');position: relative;\">\n        <article>\n\t\t\t <div class=\"rhombus bg-green\">\n\t\t\t\t<div class=\"inner-rhombus\">\n\t\t\t\t<\/div>\n\t\t\t<\/div>\n\t\t\t<div class=\"rhombus-hero\">\t\n\t\t\t\t<div class=\"hero anim anim-left\">\n\t\t\t\t\t<h1>Apprenticeship as a CNC Machinist (m\/f\/d)<\/h1>\n\t\t\t\t\t<p>Precision is a skill that can be learned<\/p>\n\t\t    \t<\/div>\t\t\t\n        \t<\/div>\n\t\t<\/article>\n    <\/section>\n\n\n\n<div class=\"breadcrumbs align  wp-block-bcn-breadcrumb-trail has-text-color has-background\" vocab=\"https:\/\/schema.org\/\" typeof=\"BreadcrumbList\">\n\t<span><\/span>\n\t<span property=\"itemListElement\" typeof=\"ListItem\"><a property=\"item\" typeof=\"WebPage\" title=\"Go to Service- und Qualit\u00e4tsmarktf\u00fchrer f\u00fcr Wolfram - More than just Tungsten.\" href=\"https:\/\/wolfram-industrie.de\/en\/\" class=\"home\" aria-current=\"page\"><span property=\"name\">Service- und Qualit\u00e4tsmarktf\u00fchrer f\u00fcr Wolfram &#8211; More than just Tungsten<\/span><\/a><meta property=\"position\" content=\"1\"><\/span><\/div>\n\n\n\n\n\n        <section class=\"text-info-col-2 intro \">\n\t\t\t<article>\t\t\t\t\n\t\t\t\t\t  \t\t<div class=\"col-8 fullwidth\">\n\t\t\t\t\t<div class=\"produkt-text\">\n\t\t\t\t\t\t<p class=\"p1\">Wolfram Industrie is the specialist in the development and manufacturing of tungsten-based products. Our international customers seek innovative solutions for complex requirements. They particularly value our commitment to product quality, as our products always deliver the right properties for demanding applications.<\/p>\n<p class=\"p1\">To keep it that way, our <strong>production teams in Nu\u00dfdorf<\/strong>\u00a0are looking to train a <strong>CNC Machinist \/ Precision Machining Technician (m\/f\/d)<\/strong> starting September 1, 2026.<\/p>\n<div class=\"btn bg-green\"><a href=\"#bewerben\">Application form<\/a><\/div>\n                    <\/div>\t\t\t\t\t\n\t\t\t\t<\/div>\t\n\t\t\t\t\t\t\t\n\t\t\t\t\n\t\t\t\t\t<\/article>\n\t\t<\/section>\n\n\n\n     <section class=\"img-info-col-2  \">\n\t\t<article>\n\t\t\t\t\t\t<div class=\"col-2\">\n\t\t\t\t\t            <div class=\"img\">\n                                            <img decoding=\"async\" src=\"https:\/\/wolfram-industrie.de\/wp-content\/uploads\/2022\/06\/wolfram-industrie_produkte_triamte_schwermetall.jpg\" alt=\"Wolfram Industrie Triamet\" \/>\n                                                    \t\t\t\t\t\n\t\t\t\t<\/div>\t\t\t\t\t\n            <\/div>\n\t\t\t<div class=\"col-2\">\n\t\t\t\t<div class=\"info\">\n\t\t\t\t\t<p class=\"p1\"><strong>What you&#8217;ll learn with us:<\/strong><\/p>\n<p class=\"p1\"><span class=\"s1\">How to set up CNC turning and milling machines and use them to produce precision parts.<\/span><\/p>\n<p class=\"p1\"><span class=\"s1\">How to correctly read technical drawings and CAD models, and how to create programs yourself.<\/span><\/p>\n<p class=\"p1\"><span class=\"s1\">What you can achieve with machining techniques such as turning, milling, grinding, and drilling on metal workpieces.<\/span><\/p>\n<p class=\"p2\"><span class=\"s1\">How to operate, maintain, and service the machines, and monitor all process workflows.<\/span><\/p>\n\t\t\t\t<\/div>\n\t\t\t<\/div>\n        <\/article>\n    <\/section>\n\n\n     <section class=\"img-info-col-2  \">\n\t\t<article>\n\t\t\t\t\t\t<div class=\"col-2\">\n\t\t\t\t\t            <div class=\"img\">\n                                            <img decoding=\"async\" src=\"https:\/\/wolfram-industrie.de\/wp-content\/uploads\/2022\/06\/wolfram-industrie_unternehmen_karriere_1.jpg\" alt=\"\" \/>\n                                                    \t\t\t\t\t\n\t\t\t\t<\/div>\t\t\t\t\t\n            <\/div>\n\t\t\t<div class=\"col-2\">\n\t\t\t\t<div class=\"info\">\n\t\t\t\t\t<p class=\"p1\"><strong>Your training advantages at Wolfram Industrie:<\/strong><\/p>\n<p class=\"p1\">No training workshop. You learn what machining really means inside a real company.<\/p>\n<p class=\"p1\">No standard programs. You program directly on our CNC machines.<\/p>\n<p class=\"p1\">No mass production. You manufacture parts according to individual customer requirements.<\/p>\n<p class=\"p1\"><strong>&#8220;To uphold our impeccable reputation as a medium-sized manufacturing company, you will learn to produce quality products <span class=\"s1\">at a modernly equipped workplace.&#8221;<\/span><\/strong><\/p>\n\t\t\t\t<\/div>\n\t\t\t<\/div>\n        <\/article>\n    <\/section>\n\n\n     <section class=\"img-info-col-2  \">\n\t\t<article>\n\t\t\t\t\t\t<div class=\"col-2\">\n\t\t\t\t\t            <div class=\"img\">\n                                                    \t\t\t\t\t\n\t\t\t\t<\/div>\t\t\t\t\t\n            <\/div>\n\t\t\t<div class=\"col-2\">\n\t\t\t\t<div class=\"info\">\n\t\t\t\t\t<p class=\"p1\"><strong>What you bring:<\/strong><\/p>\n<p class=\"p1\"><span class=\"s1\">A secondary school certificate (Realschule or good Mittelschule qualification).<\/span><\/p>\n<p class=\"p1\"><span class=\"s1\">Manual dexterity and a passion for precision work.<\/span><\/p>\n<p class=\"p1\"><span class=\"s1\">A strong sense of spatial awareness.<\/span><\/p>\n<p class=\"p1\"><span class=\"s1\">A broad understanding of the production standards demanded by international companies such as SpaceX from the USA and Rolls-Royce from the UK.<\/span><\/p>\n<p class=\"p2\">Your willingness to commute to our second location (Nu\u00dfdorf or Dachau) for a few days to get to know the manufacturing machines used for further metalworking processes.<\/p>\n\t\t\t\t<\/div>\n\t\t\t<\/div>\n        <\/article>\n    <\/section>\n\n\n     <section class=\"img-info-col-2 bg-grey \">\n\t\t<article>\n\t\t\t\t\t\t<h2>&#8220;Innovative products only come to life when specific customer requirements are truly understood and precisely executed.&#8221;\t<\/h2>\n\t\t\t\t\t\t<div class=\"col-2\">\n\t\t\t\t\t            <div class=\"img\">\n                                                    \t\t\t\t\t\n\t\t\t\t<\/div>\t\t\t\t\t\n            <\/div>\n\t\t\t<div class=\"col-2\">\n\t\t\t\t<div class=\"info\">\n\t\t\t\t\t\t\t\t\t<\/div>\n\t\t\t<\/div>\n        <\/article>\n    <\/section>\n\n\n     <section class=\"img-info-col-2  \">\n\t\t<article>\n\t\t\t\t\t\t<div class=\"col-2\">\n\t\t\t\t\t            <div class=\"img\">\n                                            <img decoding=\"async\" src=\"https:\/\/wolfram-industrie.de\/wp-content\/uploads\/2022\/05\/wolfram-industrie-team-produktion-azubi.jpg\" alt=\"\" \/>\n                                                    \t\t\t\t\t\n\t\t\t\t<\/div>\t\t\t\t\t\n            <\/div>\n\t\t\t<div class=\"col-2\">\n\t\t\t\t<div class=\"info\">\n\t\t\t\t\t<p class=\"p1\"><strong>The Onboarding Programme at Wolfram Industrie<\/strong><\/p>\n<p class=\"p1\">You will get to know our company from A for order (Auftrag) to Z for cutting (Zuschnitt).<\/p>\n<p class=\"p1\">For your 3.5-year dual training programme, we will support you in finding the right vocational school and provide you with a comprehensive overview of your school block options.<\/p>\n<p>You will receive continuous support throughout your entire apprenticeship, with a dedicated contact person as well as multiple points of contact for your questions across the various departments.<\/p>\n<p>We give our apprentices a genuine sense of belonging and collaboration. With dedicated communication channels and innovation days for our trainees, this works seamlessly across multiple locations.<\/p>\n<p class=\"p1\"><strong>What you can expect from us<\/strong><\/p>\n<p class=\"p1\">The apprenticeship salary ranges from \u20ac11,000 to \u20ac13,000 gross per year depending on the year of training. In addition, you will receive Christmas and holiday bonuses as well as a travel allowance.<\/p>\n<p class=\"p1\">Company medical care, occupational social benefits, and employee-friendly working conditions are included across all our apprenticeship positions and jobs.<\/p>\n\t\t\t\t<\/div>\n\t\t\t<\/div>\n        <\/article>\n    <\/section>\n\n\n     <section class=\"img-info-col-2  \">\n\t\t<article>\n\t\t\t\t\t\t<div class=\"col-2\">\n\t\t\t\t\t            <div class=\"img\">\n                                            <img decoding=\"async\" src=\"https:\/\/wolfram-industrie.de\/wp-content\/uploads\/2023\/12\/wolfram-industrie-karriere-maehrlein.jpg\" alt=\"Wolfram Industrie Karriere Ausbildung\" \/>\n                                                    \t\t\t\t\t\n\t\t\t\t<\/div>\t\t\t\t\t\n            <\/div>\n\t\t\t<div class=\"col-2\">\n\t\t\t\t<div class=\"info\">\n\t\t\t\t\t<p class=\"p3\"><strong>Your career perspective<\/strong><\/p>\n<p class=\"p3\">You will become a skilled worker in the metalworking industry.<\/p>\n<p class=\"p3\">You will have a comprehensive understanding of operating and programming CNC machines, as well as the quality standards required for the high-precision manufacturing of metal components.<\/p>\n<p class=\"p3\">You will have built a broad range of experience on both conventional and automated machines.<\/p>\n<p class=\"p3\">We will take you on as a permanent team member in production at the location of your choice.<\/p>\n<p class=\"p1\"><strong>Like what you read?<\/strong> Want to find out more about this apprenticeship or have your own questions? Simply call Stephanie M\u00e4hrlein on +49 8669 7899 110 or send her an <a href=\"mailto:maehrlein@wolfram-industrie.de\"><span class=\"s1\">email<\/span><\/a>.<\/p>\n<p class=\"p1\">To apply directly, please send your documents to us via the application form. We will get back to you promptly <span class=\"s2\">[within 3 working days]<\/span> and are happy to arrange an introductory meeting at our premises by phone.<\/p>\n\t\t\t\t<\/div>\n\t\t\t<\/div>\n        <\/article>\n    <\/section>\n\n\n<a class=\"anchor\" name=\"bewerben\"><\/a>\n\n\n\n\n\n        <section class=\"text-info-col-2 intro bg-grey\">\n\t\t\t<article>\t\t\t\t\n\t\t\t\t\t  \t\t<div class=\"col-8 fullwidth\">\n\t\t\t\t\t<div class=\"produkt-text\">\n\t\t\t\t\t\t<h2>Please fill out the application form below.<\/h2>\n\n<div class=\"wpcf7 no-js\" id=\"wpcf7-f4789-o1\" lang=\"en-US\" dir=\"ltr\" data-wpcf7-id=\"4789\">\n<div class=\"screen-reader-response\"><p role=\"status\" aria-live=\"polite\" aria-atomic=\"true\"><\/p> <ul><\/ul><\/div>\n<form action=\"\/en\/wp-json\/wp\/v2\/pages\/7252#wpcf7-f4789-o1\" method=\"post\" class=\"wpcf7-form init wpcf7-acceptance-as-validation\" aria-label=\"Contact form\" enctype=\"multipart\/form-data\" novalidate=\"novalidate\" data-status=\"init\">\n<fieldset class=\"hidden-fields-container\"><input type=\"hidden\" name=\"_wpcf7\" value=\"4789\" \/><input type=\"hidden\" name=\"_wpcf7_version\" value=\"6.1.5\" \/><input type=\"hidden\" name=\"_wpcf7_locale\" value=\"en_US\" \/><input type=\"hidden\" name=\"_wpcf7_unit_tag\" value=\"wpcf7-f4789-o1\" \/><input type=\"hidden\" name=\"_wpcf7_container_post\" value=\"0\" \/><input type=\"hidden\" name=\"_wpcf7_posted_data_hash\" value=\"\" \/><input type=\"hidden\" name=\"_wpcf7dtx_version\" value=\"5.0.5\" \/>\n<\/fieldset>\n<p>Many thanks for your interest in our company.\n<\/p>\n<p>The information you provide will help us to process your application quickly!<br \/>\nYou can fill in the form quickly and easily.\n<\/p>\n<p><label>Application as*<\/label><span class=\"wpcf7-form-control-wrap stelle\" data-name=\"stelle\"><input type=\"text\" name=\"stelle\" class=\"wpcf7-form-control wpcf7-text wpcf7dtx wpcf7dtx-text\" aria-invalid=\"false\" required=\"required\" readonly=\"readonly\" value=\"Apprenticeship as a CNC Machinist (m\/f\/d) - Location Nu\u00dfdorf\"><\/span>\n<\/p>\n<p><label> Surname, name*<\/label><span class=\"wpcf7-form-control-wrap\" data-name=\"namen\"><input size=\"40\" maxlength=\"400\" class=\"wpcf7-form-control wpcf7-text wpcf7-validates-as-required\" aria-required=\"true\" aria-invalid=\"false\" value=\"\" type=\"text\" name=\"namen\" \/><\/span>\n<\/p>\n<p><label> Email address*<\/label><span class=\"wpcf7-form-control-wrap\" data-name=\"email\"><input size=\"40\" maxlength=\"400\" class=\"wpcf7-form-control wpcf7-email wpcf7-validates-as-required wpcf7-text wpcf7-validates-as-email\" aria-required=\"true\" aria-invalid=\"false\" value=\"\" type=\"email\" name=\"email\" \/><\/span>\n<\/p>\n<p><label> Message*<\/label><span class=\"wpcf7-form-control-wrap\" data-name=\"nachricht\"><textarea cols=\"40\" rows=\"10\" maxlength=\"2000\" class=\"wpcf7-form-control wpcf7-textarea wpcf7-validates-as-required\" aria-required=\"true\" aria-invalid=\"false\" name=\"nachricht\"><\/textarea><\/span>\n<\/p>\n<p><span id=\"wpcf7-69db538d68cd3-wrapper\" class=\"wpcf7-form-control-wrap topics-634-wrap\" ><input type=\"hidden\" name=\"topics-634-time-start\" value=\"1775981453\"><input type=\"hidden\" name=\"topics-634-time-check\" value=\"4\"><label for=\"wpcf7-69db538d68cd3-field\" class=\"hp-message\">Please leave this field empty.<\/label><input id=\"wpcf7-69db538d68cd3-field\"  class=\"wpcf7-form-control wpcf7-text\" type=\"text\" name=\"topics-634\" value=\"\" size=\"40\" tabindex=\"-1\" autocomplete=\"new-password\" \/><\/span>\n<\/p>\n<p><label> Upload cover letter<\/label><span class=\"wpcf7-form-control-wrap\" data-name=\"anschreiben\"><input size=\"40\" class=\"wpcf7-form-control wpcf7-file\" accept=\".pdf,.jpg,.jpeg,.png,.doc,.docx\" aria-invalid=\"false\" type=\"file\" name=\"anschreiben\" \/><\/span>\n<\/p>\n<p><label> Upload resume*<\/label><span class=\"wpcf7-form-control-wrap\" data-name=\"lebenslauf\"><input size=\"40\" class=\"wpcf7-form-control wpcf7-file wpcf7-validates-as-required\" accept=\".pdf,.jpg,.jpeg,.png,.doc,.docx\" aria-required=\"true\" aria-invalid=\"false\" type=\"file\" name=\"lebenslauf\" \/><\/span>\n<\/p>\n<p><label> Upload certificates\/references<\/label><span class=\"wpcf7-form-control-wrap\" data-name=\"zeugnisse\"><input size=\"40\" class=\"wpcf7-form-control wpcf7-file\" accept=\".pdf,.jpg,.jpeg,.png,.doc,.docx\" aria-invalid=\"false\" type=\"file\" name=\"zeugnisse\" \/><\/span>\n<\/p>\n<p>Your data will be treated confidentially. It will not be passed on to third parties.\n<\/p>\n<p>Please note the max. upload size of 4MB per file.\n<\/p>\n<p>Security: Your data is transmitted by a secure encryption process (SSL) and cannot be read by third parties.\n<\/p>\n<p><span class=\"wpcf7-form-control-wrap\" data-name=\"acceptance-data\"><span class=\"wpcf7-form-control wpcf7-acceptance\"><span class=\"wpcf7-list-item\"><label><input type=\"checkbox\" name=\"acceptance-data\" value=\"1\" aria-invalid=\"false\" \/><span class=\"wpcf7-list-item-label\">I acknowledge the <a target='_blank' href='\/en\/privacy-policy\/'>data protection policy<\/a> of Gesellschaft f\u00fcr Wolfram Industrie mbH.<\/span><\/label><\/span><\/span><\/span>\n<\/p>\n<p><input class=\"wpcf7-form-control wpcf7-submit has-spinner send\" type=\"submit\" value=\"Send\" \/>\n<\/p>\n<div class=\"clear\">\n<\/div><div class=\"wpcf7-response-output\" aria-hidden=\"true\"><\/div>\n<\/form>\n<\/div>\n\n                    <\/div>\t\t\t\t\t\n\t\t\t\t<\/div>\t\n\t\t\t\t\t\t\t\n\t\t\t\t\n\t\t\t\t\t<\/article>\n\t\t<\/section>\n","protected":false},"excerpt":{"rendered":"","protected":false},"author":9,"featured_media":0,"parent":797,"menu_order":0,"comment_status":"closed","ping_status":"closed","template":"","meta":{"_acf_changed":false,"footnotes":""},"class_list":["post-7252","page","type-page","status-publish","hentry"],"acf":[],"_links":{"self":[{"href":"https:\/\/wolfram-industrie.de\/en\/wp-json\/wp\/v2\/pages\/7252","targetHints":{"allow":["GET"]}}],"collection":[{"href":"https:\/\/wolfram-industrie.de\/en\/wp-json\/wp\/v2\/pages"}],"about":[{"href":"https:\/\/wolfram-industrie.de\/en\/wp-json\/wp\/v2\/types\/page"}],"author":[{"embeddable":true,"href":"https:\/\/wolfram-industrie.de\/en\/wp-json\/wp\/v2\/users\/9"}],"replies":[{"embeddable":true,"href":"https:\/\/wolfram-industrie.de\/en\/wp-json\/wp\/v2\/comments?post=7252"}],"version-history":[{"count":1,"href":"https:\/\/wolfram-industrie.de\/en\/wp-json\/wp\/v2\/pages\/7252\/revisions"}],"predecessor-version":[{"id":7253,"href":"https:\/\/wolfram-industrie.de\/en\/wp-json\/wp\/v2\/pages\/7252\/revisions\/7253"}],"up":[{"embeddable":true,"href":"https:\/\/wolfram-industrie.de\/en\/wp-json\/wp\/v2\/pages\/797"}],"wp:attachment":[{"href":"https:\/\/wolfram-industrie.de\/en\/wp-json\/wp\/v2\/media?parent=7252"}],"curies":[{"name":"wp","href":"https:\/\/api.w.org\/{rel}","templated":true}]}}