{"id":6445,"date":"2025-01-21T12:14:51","date_gmt":"2025-01-21T11:14:51","guid":{"rendered":"https:\/\/wolfram-industrie.de\/?page_id=6445"},"modified":"2025-07-09T17:17:53","modified_gmt":"2025-07-09T15:17:53","slug":"sales-engineer-m-f-d","status":"publish","type":"page","link":"https:\/\/wolfram-industrie.de\/en\/company\/career\/sales-engineer-m-f-d\/","title":{"rendered":"Sales Engineer (m\/f\/d)"},"content":{"rendered":"\n \n\n    <section class=\"img-text-combi-produkt header\" style=\"background-image: url('https:\/\/wolfram-industrie.de\/wp-content\/uploads\/2025\/01\/wolfram-industrie-karriere-sales-engineer-4.jpg');position: relative;\">\n        <article>\n\t\t\t <div class=\"rhombus bg-green\">\n\t\t\t\t<div class=\"inner-rhombus\">\n\t\t\t\t<\/div>\n\t\t\t<\/div>\n\t\t\t<div class=\"rhombus-hero\">\t\n\t\t\t\t<div class=\"hero anim anim-left\">\n\t\t\t\t\t<h1>Sales Engineer (m\/f\/d)<\/h1>\n\t\t\t\t\t<p>International technical sales<\/p>\n\t\t    \t<\/div>\t\t\t\n        \t<\/div>\n\t\t<\/article>\n    <\/section>\n\n\n\n<div class=\"breadcrumbs align  wp-block-bcn-breadcrumb-trail has-text-color has-background\" vocab=\"https:\/\/schema.org\/\" typeof=\"BreadcrumbList\">\n\t<span><\/span>\n\t<span property=\"itemListElement\" typeof=\"ListItem\"><a property=\"item\" typeof=\"WebPage\" title=\"Go to Service- und Qualit\u00e4tsmarktf\u00fchrer f\u00fcr Wolfram - More than just Tungsten.\" href=\"https:\/\/wolfram-industrie.de\/en\/\" class=\"home\" aria-current=\"page\"><span property=\"name\">Service- und Qualit\u00e4tsmarktf\u00fchrer f\u00fcr Wolfram &#8211; More than just Tungsten<\/span><\/a><meta property=\"position\" content=\"1\"><\/span><\/div>\n\n\n\n\n\n        <section class=\"text-info-col-2 intro \">\n\t\t\t<article>\t\t\t\t\n\t\t\t\t\t  \t\t<div class=\"col-8 fullwidth\">\n\t\t\t\t\t<div class=\"produkt-text\">\n\t\t\t\t\t\t<p>Wolfram Industrie is the specialist in developing and manufacturing tungsten-based products.\u2028Our international customers value innovative solutions for complex challenges, especially our commitment to providing technically advanced, reliable, and high-performance solutions.<\/p>\n<p>To continue meeting this standard in specialised sectors such as aerospace, automotive and manufacturing industries, we are looking for a Sales Engineer (m\/f\/d) in international technical sales. This is a permanent full-time position based across multiple locations, starting as soon as possible.<\/p>\n<div class=\"btn bg-green\"><a href=\"#apply\">Application form<\/a><\/div>\n                    <\/div>\t\t\t\t\t\n\t\t\t\t<\/div>\t\n\t\t\t\t\t\t\t\n\t\t\t\t\n\t\t\t\t\t<\/article>\n\t\t<\/section>\n\n\n\n     <section class=\"img-info-col-2  \">\n\t\t<article>\n\t\t\t\t\t\t<div class=\"col-2\">\n\t\t\t\t\t            <div class=\"img\">\n                                            <img decoding=\"async\" src=\"https:\/\/wolfram-industrie.de\/wp-content\/uploads\/2025\/01\/wolfram-industrie-karriere-sales-engineer-3.jpg\" alt=\"Wolfram Industrie Sales Engineer\" \/>\n                                                    \t\t\t\t\t\n\t\t\t\t<\/div>\t\t\t\t\t\n            <\/div>\n\t\t\t<div class=\"col-2\">\n\t\t\t\t<div class=\"info\">\n\t\t\t\t\t<h2>Your Responsibilities<\/h2>\n<p><strong>Customer Retention:<\/strong> Manage existing client accounts by conducting regular sales visits and consultations to ensure satisfaction and identify new opportunities for upselling or cross-selling.<\/p>\n<p><strong>Relationship Management:<\/strong> Establish targeted relationships with key decision-makers in the target industries to foster long-term partnerships and ensure repeat business.<\/p>\n<p><strong>International Focus:<\/strong> Serve not only German but also global customers, regularly travelling abroad to visit international clients and open up new markets.<\/p>\n<p><strong>Technical Consulting:<\/strong> Understand the technical requirements of our clients and work with them to develop detailed, customised solutions.<\/p>\n<p><strong>Quotation Preparation and Follow-up:<\/strong> Prepare sales quotes, present them in close collaboration with our technical team, and manage the quotation process from follow-up to completion.<\/p>\n<p><strong>Market and Competitor Analysis:<\/strong> Analyse market trends and competitors to identify growth opportunities and respond strategically.<\/p>\n<p><strong>Networking:<\/strong> Actively pursue new business opportunities through innovative networking and strategic acquisition initiatives.<\/p>\n<p><strong>New Customer Acquisition:<\/strong> Build new client relationships in the field, identify potential customers, and proactively approach them to showcase our portfolio of technical solutions.<\/p>\n\t\t\t\t<\/div>\n\t\t\t<\/div>\n        <\/article>\n    <\/section>\n\n\n     <section class=\"img-info-col-2  \">\n\t\t<article>\n\t\t\t\t\t\t<div class=\"col-2\">\n\t\t\t\t\t            <div class=\"img\">\n                                            <img decoding=\"async\" src=\"https:\/\/wolfram-industrie.de\/wp-content\/uploads\/2025\/01\/wolfram-industrie-karriere-sales-engineer-1.jpg\" alt=\"Wolfram Industrie Sales Engineer\" \/>\n                                                    \t\t\t\t\t\n\t\t\t\t<\/div>\t\t\t\t\t\n            <\/div>\n\t\t\t<div class=\"col-2\">\n\t\t\t\t<div class=\"info\">\n\t\t\t\t\t<h2>Your Expertise<\/h2>\n<p>To ensure customer satisfaction through your practical solutions, we are looking for someone with a combination of sales skills, technical expertise, and a customer-focused approach. You should bring the following to the role:<\/p>\n<p><strong>A degree in mechanical engineering<\/strong> or a comparable technical qualification.<\/p>\n<p><strong>Additional qualifications<\/strong> in metallurgy, materials science, or plasma spraying\/thermal spraying would be an advantage.<br \/>\n<strong><br \/>\nSeveral years of sales experience<\/strong> in technical or industrial markets.<br \/>\n<strong><br \/>\nProven experience in new customer acquisition<\/strong> and building and maintaining long-term customer relationships, including cold calling.<br \/>\nSkills in developing and <strong>presenting technical solutions<\/strong> as well as creating commercial proposals.<\/p>\n<p>Willingness to <strong>travel<\/strong> regularly within Germany and Europe for customer visits and fieldwork.<\/p>\n<p>Ability to <strong>seamlessly combine technical and commercial topics<\/strong> and present them with enthusiasm in direct customer interactions.<br \/>\nInterest in continuous professional development and learning our product portfolio.<br \/>\n<strong><br \/>\nFluent German and English<\/strong>, both written and spoken. Additional language skills are advantageous.<\/p>\n<p>Strong computer skills, particularly in MS Office and <strong>CRM systems<\/strong>.<\/p>\n\t\t\t\t<\/div>\n\t\t\t<\/div>\n        <\/article>\n    <\/section>\n\n\n    <section class=\"zitat withsvg\">\n\t\t<article>\n\t\t\t\t\t\t\t<div class=\"flex-item centered\">\n\t\t\t\t  <div class=\"col-3\">\n\t\t\t\t\t<svg class=\"anim anim-left\" version=\"1.1\" viewBox=\"0 0 603.89 221.67\" xml:space=\"preserve\" xmlns=\"http:\/\/www.w3.org\/2000\/svg\">\n\t\t\t\t\t  <g id=\"start_raute\" transform=\"translate(-67.887 -88.673)\">\n\t\t\t\t\t\t<path d=\"m405.9 307.4-332.3 0.8 250.7-217.4 341.6 0.6z\"><\/path>\n\t\t\t\t\t  <\/g>\n\t\t\t\t\t  <\/svg>\n\t\t\t\t  <\/div>\n\t\t\t\t   <div class=\"col-2\">\n\t\t\t\t\t<div class=\"zitat-inner anim anim-left\">\n\t\t\t\t\t  &#8220;Our success in technologically leading industries depends on strong customer relationships \u2013 as a Sales Engineer, you\u2019ll ensure we continue to grow across Europe and shape markets with our reliable solutions.&#8221;\t\t\t\t\t  \t\t\t\t\t<\/div>\n\t\t\t\t  <\/div>\n\t\t\t\t<\/div>\n\t\t\t        <\/article>\n    <\/section>\n\n\n     <section class=\"img-info-col-2  \">\n\t\t<article>\n\t\t\t\t\t\t<div class=\"col-2\">\n\t\t\t\t\t            <div class=\"img\">\n                                            <img decoding=\"async\" src=\"https:\/\/wolfram-industrie.de\/wp-content\/uploads\/2025\/01\/wolfram-industrie-karriere-sales-engineer-2.jpg\" alt=\"Wolfram Industrie Standort Nu\u00dfdorf\" \/>\n                                                    \t\t\t\t\t\n\t\t\t\t<\/div>\t\t\t\t\t\n            <\/div>\n\t\t\t<div class=\"col-2\">\n\t\t\t\t<div class=\"info\">\n\t\t\t\t\t<h2>Your Benefits<\/h2>\n<p><strong>Job Security:<\/strong> With over 113 years of company history and our position as a market leader in the international market, we offer you a secure job at Wolfram Industrie.<\/p>\n<p><strong>Personal Development:<\/strong> After thorough onboarding, we support your professional growth and offer diverse learning and development opportunities.<\/p>\n<p><strong>Collegial Environment:<\/strong> Work in a team-oriented and collaborative setting with flat hierarchies and direct communication channels. Our corporate culture focuses on innovation and customer satisfaction.<\/p>\n<p><strong>Diverse Tasks:<\/strong> Expect varied tasks with an international customer base and technically challenging projects in a modern manufacturing environment.<\/p>\n<p><strong>Performance-Based Pay:<\/strong> Your performance will be rewarded with a competitive salary that reflects your commitment.<\/p>\n<p><strong>Additional Benefits:<\/strong> Enjoy comprehensive health services, mobility allowances, and attractive perks such as EGYM Wellpass, JobRad, private supplementary health insurance, childcare subsidies, and pension contributions.<\/p>\n\t\t\t\t<\/div>\n\t\t\t<\/div>\n        <\/article>\n    <\/section>\n\n\n     <section class=\"img-info-col-2  \">\n\t\t<article>\n\t\t\t\t\t\t<div class=\"col-2\">\n\t\t\t\t\t            <div class=\"img\">\n                                            <img decoding=\"async\" src=\"https:\/\/wolfram-industrie.de\/wp-content\/uploads\/2024\/04\/Maehrlein_Wolfram_Industrie___2023_08_027467-scaled-e1771844740465.jpg\" alt=\"Wolfram Industrie Stephanie M\u00e4hrlein\" \/>\n                                                    \t\t\t\t\t\n\t\t\t\t<\/div>\t\t\t\t\t\n            <\/div>\n\t\t\t<div class=\"col-2\">\n\t\t\t\t<div class=\"info\">\n\t\t\t\t\t<h2>Sounds like you?<\/h2>\n<p>Great! Apply now via our <strong>online form<\/strong> or contact our HR Manager, Stephanie M\u00e4hrlein, directly with your questions. Just drop Steffi an <a href=\"mailto:maehrlein@wolfram-industrie.de\"><strong>email<\/strong><\/a>.<\/p>\n\t\t\t\t<\/div>\n\t\t\t<\/div>\n        <\/article>\n    <\/section>\n\n\n<a class=\"anchor\" name=\"apply\"><\/a>\n\n\n\n\n\n        <section class=\"text-info-col-2 intro bg-grey\">\n\t\t\t<article>\t\t\t\t\n\t\t\t\t\t  \t\t<div class=\"col-8 fullwidth\">\n\t\t\t\t\t<div class=\"produkt-text\">\n\t\t\t\t\t\t<h2>Please fill out the form below.<\/h2>\n\n<div class=\"wpcf7 no-js\" id=\"wpcf7-f4789-o1\" lang=\"en-US\" dir=\"ltr\" data-wpcf7-id=\"4789\">\n<div class=\"screen-reader-response\"><p role=\"status\" aria-live=\"polite\" aria-atomic=\"true\"><\/p> <ul><\/ul><\/div>\n<form action=\"\/en\/wp-json\/wp\/v2\/pages\/6445#wpcf7-f4789-o1\" method=\"post\" class=\"wpcf7-form init wpcf7-acceptance-as-validation\" aria-label=\"Contact form\" enctype=\"multipart\/form-data\" novalidate=\"novalidate\" data-status=\"init\">\n<fieldset class=\"hidden-fields-container\"><input type=\"hidden\" name=\"_wpcf7\" value=\"4789\" \/><input type=\"hidden\" name=\"_wpcf7_version\" value=\"6.1.5\" \/><input type=\"hidden\" name=\"_wpcf7_locale\" value=\"en_US\" \/><input type=\"hidden\" name=\"_wpcf7_unit_tag\" value=\"wpcf7-f4789-o1\" \/><input type=\"hidden\" name=\"_wpcf7_container_post\" value=\"0\" \/><input type=\"hidden\" name=\"_wpcf7_posted_data_hash\" value=\"\" \/><input type=\"hidden\" name=\"_wpcf7dtx_version\" value=\"5.0.5\" \/>\n<\/fieldset>\n<p>Many thanks for your interest in our company.\n<\/p>\n<p>The information you provide will help us to process your application quickly!<br \/>\nYou can fill in the form quickly and easily.\n<\/p>\n<p><label>Application as*<\/label><span class=\"wpcf7-form-control-wrap stelle\" data-name=\"stelle\"><input type=\"text\" name=\"stelle\" class=\"wpcf7-form-control wpcf7-text wpcf7dtx wpcf7dtx-text\" aria-invalid=\"false\" required=\"required\" readonly=\"readonly\" value=\"Sales Engineer (m\/f\/d)\"><\/span>\n<\/p>\n<p><label> Surname, name*<\/label><span class=\"wpcf7-form-control-wrap\" data-name=\"namen\"><input size=\"40\" maxlength=\"400\" class=\"wpcf7-form-control wpcf7-text wpcf7-validates-as-required\" aria-required=\"true\" aria-invalid=\"false\" value=\"\" type=\"text\" name=\"namen\" \/><\/span>\n<\/p>\n<p><label> Email address*<\/label><span class=\"wpcf7-form-control-wrap\" data-name=\"email\"><input size=\"40\" maxlength=\"400\" class=\"wpcf7-form-control wpcf7-email wpcf7-validates-as-required wpcf7-text wpcf7-validates-as-email\" aria-required=\"true\" aria-invalid=\"false\" value=\"\" type=\"email\" name=\"email\" \/><\/span>\n<\/p>\n<p><label> Message*<\/label><span class=\"wpcf7-form-control-wrap\" data-name=\"nachricht\"><textarea cols=\"40\" rows=\"10\" maxlength=\"2000\" class=\"wpcf7-form-control wpcf7-textarea wpcf7-validates-as-required\" aria-required=\"true\" aria-invalid=\"false\" name=\"nachricht\"><\/textarea><\/span>\n<\/p>\n<p><span id=\"wpcf7-69f4029d50fe8-wrapper\" class=\"wpcf7-form-control-wrap topics-634-wrap\" ><input type=\"hidden\" name=\"topics-634-time-start\" value=\"1777599133\"><input type=\"hidden\" name=\"topics-634-time-check\" value=\"4\"><label for=\"wpcf7-69f4029d50fe8-field\" class=\"hp-message\">Please leave this field empty.<\/label><input id=\"wpcf7-69f4029d50fe8-field\"  class=\"wpcf7-form-control wpcf7-text\" type=\"text\" name=\"topics-634\" value=\"\" size=\"40\" tabindex=\"-1\" autocomplete=\"new-password\" \/><\/span>\n<\/p>\n<p><label> Upload cover letter<\/label><span class=\"wpcf7-form-control-wrap\" data-name=\"anschreiben\"><input size=\"40\" class=\"wpcf7-form-control wpcf7-file\" accept=\".pdf,.jpg,.jpeg,.png,.doc,.docx\" aria-invalid=\"false\" type=\"file\" name=\"anschreiben\" \/><\/span>\n<\/p>\n<p><label> Upload resume*<\/label><span class=\"wpcf7-form-control-wrap\" data-name=\"lebenslauf\"><input size=\"40\" class=\"wpcf7-form-control wpcf7-file wpcf7-validates-as-required\" accept=\".pdf,.jpg,.jpeg,.png,.doc,.docx\" aria-required=\"true\" aria-invalid=\"false\" type=\"file\" name=\"lebenslauf\" \/><\/span>\n<\/p>\n<p><label> Upload certificates\/references<\/label><span class=\"wpcf7-form-control-wrap\" data-name=\"zeugnisse\"><input size=\"40\" class=\"wpcf7-form-control wpcf7-file\" accept=\".pdf,.jpg,.jpeg,.png,.doc,.docx\" aria-invalid=\"false\" type=\"file\" name=\"zeugnisse\" \/><\/span>\n<\/p>\n<p>Your data will be treated confidentially. It will not be passed on to third parties.\n<\/p>\n<p>Please note the max. upload size of 4MB per file.\n<\/p>\n<p>Security: Your data is transmitted by a secure encryption process (SSL) and cannot be read by third parties.\n<\/p>\n<p><span class=\"wpcf7-form-control-wrap\" data-name=\"acceptance-data\"><span class=\"wpcf7-form-control wpcf7-acceptance\"><span class=\"wpcf7-list-item\"><label><input type=\"checkbox\" name=\"acceptance-data\" value=\"1\" aria-invalid=\"false\" \/><span class=\"wpcf7-list-item-label\">I acknowledge the <a target='_blank' href='\/en\/privacy-policy\/'>data protection policy<\/a> of Gesellschaft f\u00fcr Wolfram Industrie mbH.<\/span><\/label><\/span><\/span><\/span>\n<\/p>\n<p><input class=\"wpcf7-form-control wpcf7-submit has-spinner send\" type=\"submit\" value=\"Send\" \/>\n<\/p>\n<div class=\"clear\">\n<\/div><div class=\"wpcf7-response-output\" aria-hidden=\"true\"><\/div>\n<\/form>\n<\/div>\n\n                    <\/div>\t\t\t\t\t\n\t\t\t\t<\/div>\t\n\t\t\t\t\t\t\t\n\t\t\t\t\n\t\t\t\t\t<\/article>\n\t\t<\/section>\n","protected":false},"excerpt":{"rendered":"","protected":false},"author":2,"featured_media":0,"parent":797,"menu_order":0,"comment_status":"closed","ping_status":"closed","template":"","meta":{"_acf_changed":false,"footnotes":""},"class_list":["post-6445","page","type-page","status-publish","hentry"],"acf":[],"_links":{"self":[{"href":"https:\/\/wolfram-industrie.de\/en\/wp-json\/wp\/v2\/pages\/6445","targetHints":{"allow":["GET"]}}],"collection":[{"href":"https:\/\/wolfram-industrie.de\/en\/wp-json\/wp\/v2\/pages"}],"about":[{"href":"https:\/\/wolfram-industrie.de\/en\/wp-json\/wp\/v2\/types\/page"}],"author":[{"embeddable":true,"href":"https:\/\/wolfram-industrie.de\/en\/wp-json\/wp\/v2\/users\/2"}],"replies":[{"embeddable":true,"href":"https:\/\/wolfram-industrie.de\/en\/wp-json\/wp\/v2\/comments?post=6445"}],"version-history":[{"count":15,"href":"https:\/\/wolfram-industrie.de\/en\/wp-json\/wp\/v2\/pages\/6445\/revisions"}],"predecessor-version":[{"id":6936,"href":"https:\/\/wolfram-industrie.de\/en\/wp-json\/wp\/v2\/pages\/6445\/revisions\/6936"}],"up":[{"embeddable":true,"href":"https:\/\/wolfram-industrie.de\/en\/wp-json\/wp\/v2\/pages\/797"}],"wp:attachment":[{"href":"https:\/\/wolfram-industrie.de\/en\/wp-json\/wp\/v2\/media?parent=6445"}],"curies":[{"name":"wp","href":"https:\/\/api.w.org\/{rel}","templated":true}]}}