{"id":5995,"date":"2024-04-16T14:15:28","date_gmt":"2024-04-16T12:15:28","guid":{"rendered":"https:\/\/wolfram-industrie.de\/company\/career\/it-systemadministrator-w-m-d\/"},"modified":"2024-04-24T14:53:17","modified_gmt":"2024-04-24T12:53:17","slug":"it-systemadministrator-m-f-d","status":"publish","type":"page","link":"https:\/\/wolfram-industrie.de\/en\/company\/career\/it-systemadministrator-m-f-d\/","title":{"rendered":"IT\/Systemadministrator (m\/f\/d)"},"content":{"rendered":"\n \n\n    <section class=\"img-text-combi-produkt header\" style=\"background-image: url('https:\/\/wolfram-industrie.de\/wp-content\/uploads\/2023\/06\/wolfram-industrie-unternehmen-standorte.jpg');position: relative;\">\n        <article>\n\t\t\t <div class=\"rhombus bg-green\">\n\t\t\t\t<div class=\"inner-rhombus\">\n\t\t\t\t<\/div>\n\t\t\t<\/div>\n\t\t\t<div class=\"rhombus-hero\">\t\n\t\t\t\t<div class=\"hero anim anim-left\">\n\t\t\t\t\t<h1>IT \/ System Administrator<\/h1>\n\t\t\t\t\t<p>Become part of our Wolfram Industrie team<\/p>\n\t\t    \t<\/div>\t\t\t\n        \t<\/div>\n\t\t<\/article>\n    <\/section>\n\n\n\n<div class=\"breadcrumbs align  wp-block-bcn-breadcrumb-trail has-text-color has-background\" vocab=\"https:\/\/schema.org\/\" typeof=\"BreadcrumbList\">\n\t<span><\/span>\n\t<span property=\"itemListElement\" typeof=\"ListItem\"><a property=\"item\" typeof=\"WebPage\" title=\"Go to Service- und Qualit\u00e4tsmarktf\u00fchrer f\u00fcr Wolfram - More than just Tungsten.\" href=\"https:\/\/wolfram-industrie.de\/en\/\" class=\"home\" aria-current=\"page\"><span property=\"name\">Service- und Qualit\u00e4tsmarktf\u00fchrer f\u00fcr Wolfram &#8211; More than just Tungsten<\/span><\/a><meta property=\"position\" content=\"1\"><\/span><\/div>\n\n\n\n\n\n        <section class=\"text-info-col-2 intro \">\n\t\t\t<article>\t\t\t\t\n\t\t\t\t\t  \t\t<div class=\"col-8 fullwidth\">\n\t\t\t\t\t<div class=\"produkt-text\">\n\t\t\t\t\t\t<p>IT \/ System Administrator wanted at <strong>Wolfram Industrie in Nu\u00dfdorf<\/strong>, shape the future of our plants in Nu\u00dfdorf and Dachau with us: Become part of the Wolfram Industrie family! Are you a dedicated problem solver and looking for a team that shares your passion for innovation?<\/p>\n                    <\/div>\t\t\t\t\t\n\t\t\t\t<\/div>\t\n\t\t\t\t\t\t\t\n\t\t\t\t\n\t\t\t\t\t<\/article>\n\t\t<\/section>\n\n\n\n     <section class=\"img-info-col-2  \">\n\t\t<article>\n\t\t\t\t\t\t<div class=\"col-2\">\n\t\t\t\t\t            <div class=\"img\">\n                                            <img decoding=\"async\" src=\"https:\/\/wolfram-industrie.de\/wp-content\/uploads\/2024\/04\/wolfram-industrie-karriere-job-bewerbung-3.jpg\" alt=\"Wolfram Industrie Karriere und Ausbildung\" \/>\n                                                    \t\t\t\t\t\n\t\t\t\t<\/div>\t\t\t\t\t\n            <\/div>\n\t\t\t<div class=\"col-2\">\n\t\t\t\t<div class=\"info\">\n\t\t\t\t\t<p>At Wolfram Industrie, a leading company in the production of tungsten and its alloys, that&#8217;s exactly what you&#8217;ll find. We are looking for an I<strong>T \/ System Administrator<\/strong> to develop innovative solutions together with us &#8211; secure and goal-orientated.<\/p>\n<p><strong>Your contribution:<\/strong><\/p>\n<p>You will play a proactive key role in our digitalisation projects in production and administration and contribute your ideas for the use of new technologies.<\/p>\n<p>You support our teams with first-class support and share your knowledge through training to optimise the use of our applications.<\/p>\n<p>You will be responsible for maintaining, configuring and updating our ERP system.<\/p>\n\t\t\t\t<\/div>\n\t\t\t<\/div>\n        <\/article>\n    <\/section>\n\n\n     <section class=\"img-info-col-2  \">\n\t\t<article>\n\t\t\t\t\t\t<div class=\"col-2\">\n\t\t\t\t\t            <div class=\"img\">\n                                            <img decoding=\"async\" src=\"https:\/\/wolfram-industrie.de\/wp-content\/uploads\/2024\/04\/wolfram-industrie-karriere-job-bewerbung-2.jpg\" alt=\"Wolfram Industrie Karriere und Ausbildung\" \/>\n                                                    \t\t\t\t\t\n\t\t\t\t<\/div>\t\t\t\t\t\n            <\/div>\n\t\t\t<div class=\"col-2\">\n\t\t\t\t<div class=\"info\">\n\t\t\t\t\t<p><strong>What you should bring with you:<\/strong><\/p>\n<p>A degree in computer science or business informatics &#8211; or a comparable qualification.<\/p>\n<p>A good command of German and English. Ideally experience with ERP systems and a passion for technological innovations and new projects.<\/p>\n<p>Ability to work in a team, creativity and a willingness to continuously learn and develop.<\/p>\n\t\t\t\t<\/div>\n\t\t\t<\/div>\n        <\/article>\n    <\/section>\n\n\n     <section class=\"img-info-col-2 bg-grey \">\n\t\t<article>\n\t\t\t\t\t\t<h2>&#8220;If you&#8217;re ready to put your skills to use and explore new paths with us, then you&#8217;re in the right place!&#8221;\t<\/h2>\n\t\t\t\t\t\t<div class=\"col-2\">\n\t\t\t\t\t            <div class=\"img\">\n                                                    \t\t\t\t\t\n\t\t\t\t<\/div>\t\t\t\t\t\n            <\/div>\n\t\t\t<div class=\"col-2\">\n\t\t\t\t<div class=\"info\">\n\t\t\t\t\t\t\t\t\t<\/div>\n\t\t\t<\/div>\n        <\/article>\n    <\/section>\n\n\n     <section class=\"img-info-col-2  \">\n\t\t<article>\n\t\t\t\t\t\t<div class=\"col-2\">\n\t\t\t\t\t            <div class=\"img\">\n                                            <img decoding=\"async\" src=\"https:\/\/wolfram-industrie.de\/wp-content\/uploads\/2024\/04\/wolfram-industrie-karriere-job-bewerbung-1.jpg\" alt=\"Wolfram Industrie Karriere und Ausbildung\" \/>\n                                                    \t\t\t\t\t\n\t\t\t\t<\/div>\t\t\t\t\t\n            <\/div>\n\t\t\t<div class=\"col-2\">\n\t\t\t\t<div class=\"info\">\n\t\t\t\t\t<p><strong>What we offer you:<\/strong><\/p>\n<p>A secure job that challenges you and offers room for personal growth.<\/p>\n<p>A technology-open environment that supports your ideas and encourages innovation.<\/p>\n<p>Flat hierarchies that enable quick decisions and direct communication.<\/p>\n<p>A flexible workplace that can be adapted where possible to provide the best possible support for both plants<\/p>\n<p>Additional benefits such as comprehensive health benefits and mobility allowances (EGYM Wellpass, JobRad, private supplementary health insurance and much more)<\/p>\n<p>&nbsp;<\/p>\n\t\t\t\t<\/div>\n\t\t\t<\/div>\n        <\/article>\n    <\/section>\n\n\n     <section class=\"img-info-col-2  \">\n\t\t<article>\n\t\t\t\t\t\t<div class=\"col-2\">\n\t\t\t\t\t            <div class=\"img\">\n                                            <img decoding=\"async\" src=\"https:\/\/wolfram-industrie.de\/wp-content\/uploads\/2024\/04\/Maehrlein_Wolfram_Industrie___2023_08_027467-scaled-e1771844740465.jpg\" alt=\"Wolfram Industrie Stephanie M\u00e4hrlein\" \/>\n                                                    \t\t\t\t\t\n\t\t\t\t<\/div>\t\t\t\t\t\n            <\/div>\n\t\t\t<div class=\"col-2\">\n\t\t\t\t<div class=\"info\">\n\t\t\t\t\t<p>If you are ready to use your skills and break new ground with us, then the WI family is the right place for you! At Wolfram Industrie, you can expect exciting projects, a supportive team and the opportunity to develop personally and professionally.<\/p>\n<p><strong>We look forward to getting to know you! Apply now as an IT \/ System Administrator and become part of our Wolfram Industrie family!<\/strong><\/p>\n\t\t\t\t<\/div>\n\t\t\t<\/div>\n        <\/article>\n    <\/section>\n\n\n\n\n        <section class=\"text-info-col-2 intro bg-grey\">\n\t\t\t<article>\t\t\t\t\n\t\t\t\t\t  \t\t<div class=\"col-8 fullwidth\">\n\t\t\t\t\t<div class=\"produkt-text\">\n\t\t\t\t\t\t<h2>Please fill out the form below.<\/h2>\n\n<div class=\"wpcf7 no-js\" id=\"wpcf7-f4789-o1\" lang=\"en-US\" dir=\"ltr\" data-wpcf7-id=\"4789\">\n<div class=\"screen-reader-response\"><p role=\"status\" aria-live=\"polite\" aria-atomic=\"true\"><\/p> <ul><\/ul><\/div>\n<form action=\"\/en\/wp-json\/wp\/v2\/pages\/5995#wpcf7-f4789-o1\" method=\"post\" class=\"wpcf7-form init wpcf7-acceptance-as-validation\" aria-label=\"Contact form\" enctype=\"multipart\/form-data\" novalidate=\"novalidate\" data-status=\"init\">\n<fieldset class=\"hidden-fields-container\"><input type=\"hidden\" name=\"_wpcf7\" value=\"4789\" \/><input type=\"hidden\" name=\"_wpcf7_version\" value=\"6.1.5\" \/><input type=\"hidden\" name=\"_wpcf7_locale\" value=\"en_US\" \/><input type=\"hidden\" name=\"_wpcf7_unit_tag\" value=\"wpcf7-f4789-o1\" \/><input type=\"hidden\" name=\"_wpcf7_container_post\" value=\"0\" \/><input type=\"hidden\" name=\"_wpcf7_posted_data_hash\" value=\"\" \/><input type=\"hidden\" name=\"_wpcf7dtx_version\" value=\"5.0.5\" \/>\n<\/fieldset>\n<p>Many thanks for your interest in our company.\n<\/p>\n<p>The information you provide will help us to process your application quickly!<br \/>\nYou can fill in the form quickly and easily.\n<\/p>\n<p><label>Application as*<\/label><span class=\"wpcf7-form-control-wrap stelle\" data-name=\"stelle\"><input type=\"text\" name=\"stelle\" class=\"wpcf7-form-control wpcf7-text wpcf7dtx wpcf7dtx-text\" aria-invalid=\"false\" required=\"required\" readonly=\"readonly\" value=\"IT\/Systemadministrator (m\/f\/d)\"><\/span>\n<\/p>\n<p><label> Surname, name*<\/label><span class=\"wpcf7-form-control-wrap\" data-name=\"namen\"><input size=\"40\" maxlength=\"400\" class=\"wpcf7-form-control wpcf7-text wpcf7-validates-as-required\" aria-required=\"true\" aria-invalid=\"false\" value=\"\" type=\"text\" name=\"namen\" \/><\/span>\n<\/p>\n<p><label> Email address*<\/label><span class=\"wpcf7-form-control-wrap\" data-name=\"email\"><input size=\"40\" maxlength=\"400\" class=\"wpcf7-form-control wpcf7-email wpcf7-validates-as-required wpcf7-text wpcf7-validates-as-email\" aria-required=\"true\" aria-invalid=\"false\" value=\"\" type=\"email\" name=\"email\" \/><\/span>\n<\/p>\n<p><label> Message*<\/label><span class=\"wpcf7-form-control-wrap\" data-name=\"nachricht\"><textarea cols=\"40\" rows=\"10\" maxlength=\"2000\" class=\"wpcf7-form-control wpcf7-textarea wpcf7-validates-as-required\" aria-required=\"true\" aria-invalid=\"false\" name=\"nachricht\"><\/textarea><\/span>\n<\/p>\n<p><span id=\"wpcf7-69f34955c3015-wrapper\" class=\"wpcf7-form-control-wrap topics-634-wrap\" ><input type=\"hidden\" name=\"topics-634-time-start\" value=\"1777551701\"><input type=\"hidden\" name=\"topics-634-time-check\" value=\"4\"><label for=\"wpcf7-69f34955c3015-field\" class=\"hp-message\">Please leave this field empty.<\/label><input id=\"wpcf7-69f34955c3015-field\"  class=\"wpcf7-form-control wpcf7-text\" type=\"text\" name=\"topics-634\" value=\"\" size=\"40\" tabindex=\"-1\" autocomplete=\"new-password\" \/><\/span>\n<\/p>\n<p><label> Upload cover letter<\/label><span class=\"wpcf7-form-control-wrap\" data-name=\"anschreiben\"><input size=\"40\" class=\"wpcf7-form-control wpcf7-file\" accept=\".pdf,.jpg,.jpeg,.png,.doc,.docx\" aria-invalid=\"false\" type=\"file\" name=\"anschreiben\" \/><\/span>\n<\/p>\n<p><label> Upload resume*<\/label><span class=\"wpcf7-form-control-wrap\" data-name=\"lebenslauf\"><input size=\"40\" class=\"wpcf7-form-control wpcf7-file wpcf7-validates-as-required\" accept=\".pdf,.jpg,.jpeg,.png,.doc,.docx\" aria-required=\"true\" aria-invalid=\"false\" type=\"file\" name=\"lebenslauf\" \/><\/span>\n<\/p>\n<p><label> Upload certificates\/references<\/label><span class=\"wpcf7-form-control-wrap\" data-name=\"zeugnisse\"><input size=\"40\" class=\"wpcf7-form-control wpcf7-file\" accept=\".pdf,.jpg,.jpeg,.png,.doc,.docx\" aria-invalid=\"false\" type=\"file\" name=\"zeugnisse\" \/><\/span>\n<\/p>\n<p>Your data will be treated confidentially. It will not be passed on to third parties.\n<\/p>\n<p>Please note the max. upload size of 4MB per file.\n<\/p>\n<p>Security: Your data is transmitted by a secure encryption process (SSL) and cannot be read by third parties.\n<\/p>\n<p><span class=\"wpcf7-form-control-wrap\" data-name=\"acceptance-data\"><span class=\"wpcf7-form-control wpcf7-acceptance\"><span class=\"wpcf7-list-item\"><label><input type=\"checkbox\" name=\"acceptance-data\" value=\"1\" aria-invalid=\"false\" \/><span class=\"wpcf7-list-item-label\">I acknowledge the <a target='_blank' href='\/en\/privacy-policy\/'>data protection policy<\/a> of Gesellschaft f\u00fcr Wolfram Industrie mbH.<\/span><\/label><\/span><\/span><\/span>\n<\/p>\n<p><input class=\"wpcf7-form-control wpcf7-submit has-spinner send\" type=\"submit\" value=\"Send\" \/>\n<\/p>\n<div class=\"clear\">\n<\/div><div class=\"wpcf7-response-output\" aria-hidden=\"true\"><\/div>\n<\/form>\n<\/div>\n\n                    <\/div>\t\t\t\t\t\n\t\t\t\t<\/div>\t\n\t\t\t\t\t\t\t\n\t\t\t\t\n\t\t\t\t\t<\/article>\n\t\t<\/section>\n","protected":false},"excerpt":{"rendered":"","protected":false},"author":2,"featured_media":0,"parent":797,"menu_order":0,"comment_status":"closed","ping_status":"closed","template":"","meta":{"_acf_changed":false,"footnotes":""},"class_list":["post-5995","page","type-page","status-publish","hentry"],"acf":[],"_links":{"self":[{"href":"https:\/\/wolfram-industrie.de\/en\/wp-json\/wp\/v2\/pages\/5995","targetHints":{"allow":["GET"]}}],"collection":[{"href":"https:\/\/wolfram-industrie.de\/en\/wp-json\/wp\/v2\/pages"}],"about":[{"href":"https:\/\/wolfram-industrie.de\/en\/wp-json\/wp\/v2\/types\/page"}],"author":[{"embeddable":true,"href":"https:\/\/wolfram-industrie.de\/en\/wp-json\/wp\/v2\/users\/2"}],"replies":[{"embeddable":true,"href":"https:\/\/wolfram-industrie.de\/en\/wp-json\/wp\/v2\/comments?post=5995"}],"version-history":[{"count":18,"href":"https:\/\/wolfram-industrie.de\/en\/wp-json\/wp\/v2\/pages\/5995\/revisions"}],"predecessor-version":[{"id":6017,"href":"https:\/\/wolfram-industrie.de\/en\/wp-json\/wp\/v2\/pages\/5995\/revisions\/6017"}],"up":[{"embeddable":true,"href":"https:\/\/wolfram-industrie.de\/en\/wp-json\/wp\/v2\/pages\/797"}],"wp:attachment":[{"href":"https:\/\/wolfram-industrie.de\/en\/wp-json\/wp\/v2\/media?parent=5995"}],"curies":[{"name":"wp","href":"https:\/\/api.w.org\/{rel}","templated":true}]}}