{"id":4872,"date":"2023-07-04T15:00:08","date_gmt":"2023-07-04T13:00:08","guid":{"rendered":"https:\/\/wolfram-industrie.de\/products\/downloads\/"},"modified":"2026-02-03T10:55:22","modified_gmt":"2026-02-03T09:55:22","slug":"downloads","status":"publish","type":"page","link":"https:\/\/wolfram-industrie.de\/en\/products\/downloads\/","title":{"rendered":"Downloads"},"content":{"rendered":"\n \n\n    <section class=\"img-text-combi-produkt header\" style=\"background-image: url('https:\/\/wolfram-industrie.de\/wp-content\/uploads\/2023\/07\/Wolfram-Industrie_Produkte_Elektroden.jpg');position: relative;\">\n        <article>\n\t\t\t <div class=\"rhombus bg-green\">\n\t\t\t\t<div class=\"inner-rhombus\">\n\t\t\t\t<\/div>\n\t\t\t<\/div>\n\t\t\t<div class=\"rhombus-hero\">\t\n\t\t\t\t<div class=\"hero anim anim-left\">\n\t\t\t\t\t<h1>Additional information about our products.<\/h1>\n\t\t\t\t\t<p><\/p>\n\t\t    \t<\/div>\t\t\t\n        \t<\/div>\n\t\t<\/article>\n    <\/section>\n\n\n\n<div class=\"breadcrumbs align  wp-block-bcn-breadcrumb-trail has-text-color has-background\" vocab=\"https:\/\/schema.org\/\" typeof=\"BreadcrumbList\">\n\t<span><\/span>\n\t<span property=\"itemListElement\" typeof=\"ListItem\"><a property=\"item\" typeof=\"WebPage\" title=\"Go to Service- und Qualit\u00e4tsmarktf\u00fchrer f\u00fcr Wolfram - More than just Tungsten.\" href=\"https:\/\/wolfram-industrie.de\/en\/\" class=\"home\" aria-current=\"page\"><span property=\"name\">Service- und Qualit\u00e4tsmarktf\u00fchrer f\u00fcr Wolfram &#8211; More than just Tungsten<\/span><\/a><meta property=\"position\" content=\"1\"><\/span><\/div>\n\n\n\n\n\n        <section class=\"text-info-col-2 intro \">\n\t\t\t<article>\t\t\t\t\n\t\t\t\t\t  \t\t<div class=\"col-8 fullwidth\">\n\t\t\t\t\t<div class=\"produkt-text\">\n\t\t\t\t\t\t<p>If you are interested in materials or products that are not currently posted online, please feel free to <a href=\"https:\/\/wolfram-industrie.de\/en\/contact\/\">contact us<\/a>.<\/p>\n                    <\/div>\t\t\t\t\t\n\t\t\t\t<\/div>\t\n\t\t\t\t\t\t\t\n\t\t\t\t\n\t\t\t\t\t<\/article>\n\t\t<\/section>\n\n\n\n\n\n        <section class=\"text-info-col-2 intro \">\n\t\t\t<article>\t\t\t\t\n\t\t\t\t\t\t\t<div class=\"col-8 fullwidth linklist grey\">\n\t\t\t\t\t \n\t\t\t\t\t\n                                           \n                        \n                        \n    <ul>\n            <li>\n            <a href=\"https:\/\/wolfram-industrie.de\/wp-content\/uploads\/2026\/02\/WI_Flyer_Alustar_e_RZ.pdf\" target=\"\u00bb ALUSTAR\u00ae - (PDF download)\">\u00bb ALUSTAR\u00ae &#8211; (PDF download)<\/a>\n        <\/li>\n            <li>\n            <a href=\"https:\/\/wolfram-industrie.de\/wp-content\/uploads\/2023\/08\/wolfram-industrie-dotimet-en.pdf\" target=\"\u00bb DOTIMET\u00ae - (PDF download)\">\u00bb DOTIMET\u00ae &#8211; (PDF download)<\/a>\n        <\/li>\n            <li>\n            <a href=\"https:\/\/wolfram-industrie.de\/wp-content\/uploads\/2023\/08\/wolfram-industrie-heizelemente-en.pdf\" target=\"\u00bb Heating elements - (PDF download)\">\u00bb Heating elements &#8211; (PDF download)<\/a>\n        <\/li>\n            <li>\n            <a href=\"https:\/\/wolfram-industrie.de\/wp-content\/uploads\/2023\/08\/wolfram-industrie-inostar-welding-line-en.pdf\" target=\"\u00bb INOSTAR\u00ae - (PDF download)\">\u00bb INOSTAR\u00ae &#8211; (PDF download)<\/a>\n        <\/li>\n            <li>\n            <a href=\"https:\/\/wolfram-industrie.de\/wp-content\/uploads\/2023\/08\/wolfram-industrie-regrinding-service-en.pdf\" target=\"\u00bb Regrinding service - (PDF download)\">\u00bb Regrinding service &#8211; (PDF download)<\/a>\n        <\/li>\n            <li>\n            <a href=\"https:\/\/wolfram-industrie.de\/wp-content\/uploads\/2026\/02\/WI_Flyer_Orbistar_e_RZ.pdf\" target=\"\u00bb ORBISTAR\u00ae - (PDF download) \">\u00bb ORBISTAR\u00ae &#8211; (PDF download) <\/a>\n        <\/li>\n            <li>\n            <a href=\"https:\/\/wolfram-industrie.de\/wp-content\/uploads\/2023\/08\/wolfram-industrie-recycling-electrodes-en.pdf\" target=\"\u00bb Recycling Electrodes - (PDF download)\">\u00bb Recycling Electrodes &#8211; (PDF download)<\/a>\n        <\/li>\n            <li>\n            <a href=\"https:\/\/wolfram-industrie.de\/wp-content\/uploads\/2023\/08\/wolfram-industrie-triamet-a-en.pdf\" target=\"\u00bb TRIAMET\u00ae A (PDF download)\">\u00bb TRIAMET\u00ae A (PDF download)<\/a>\n        <\/li>\n            <li>\n            <a href=\"https:\/\/wolfram-industrie.de\/wp-content\/uploads\/2023\/08\/wolfram-industrie-triamet-en.pdf\" target=\"\u00bb TRIAMET\u00ae (PDF download)\">\u00bb TRIAMET\u00ae (PDF download)<\/a>\n        <\/li>\n            <li>\n            <a href=\"https:\/\/wolfram-industrie.de\/wp-content\/uploads\/2023\/08\/wolfram-industrie-widerstands-elektrode-en.pdf\" target=\"\u00bb TRICONSTANT\u00ae- (PDF download)\">\u00bb TRICONSTANT\u00ae- (PDF download)<\/a>\n        <\/li>\n            <li>\n            <a href=\"https:\/\/wolfram-industrie.de\/wp-content\/uploads\/2026\/02\/WI_Flyer_Tungstit_e_RZ.pdf\" target=\"\u00bb TUNGSTIT\u00ae - (PDF download\">\u00bb TUNGSTIT\u00ae &#8211; (PDF download<\/a>\n        <\/li>\n            <li>\n            <a href=\"https:\/\/wolfram-industrie.de\/wp-content\/uploads\/2025\/01\/wolfram-industrie-certificate-en-9001-2015.pdf\" target=\"\u00bb Certificate ISO 9001:2015\">\u00bb Certificate ISO 9001:2015<\/a>\n        <\/li>\n            <li>\n            <a href=\"https:\/\/wolfram-industrie.de\/wp-content\/uploads\/2025\/07\/wolfram-industrie-image-brochure-en.pdf\" target=\"Image Brochure Wolfram Industie (PDF Download)\">Image Brochure Wolfram Industie (PDF Download)<\/a>\n        <\/li>\n        <\/ul>\n<\/div>\t\n\t\t\t\t\t\t\t\n\t\t\t\t\n\t\t\t\t\t<\/article>\n\t\t<\/section>\n","protected":false},"excerpt":{"rendered":"","protected":false},"author":2,"featured_media":0,"parent":836,"menu_order":0,"comment_status":"closed","ping_status":"closed","template":"","meta":{"_acf_changed":false,"footnotes":""},"class_list":["post-4872","page","type-page","status-publish","hentry"],"acf":[],"_links":{"self":[{"href":"https:\/\/wolfram-industrie.de\/en\/wp-json\/wp\/v2\/pages\/4872","targetHints":{"allow":["GET"]}}],"collection":[{"href":"https:\/\/wolfram-industrie.de\/en\/wp-json\/wp\/v2\/pages"}],"about":[{"href":"https:\/\/wolfram-industrie.de\/en\/wp-json\/wp\/v2\/types\/page"}],"author":[{"embeddable":true,"href":"https:\/\/wolfram-industrie.de\/en\/wp-json\/wp\/v2\/users\/2"}],"replies":[{"embeddable":true,"href":"https:\/\/wolfram-industrie.de\/en\/wp-json\/wp\/v2\/comments?post=4872"}],"version-history":[{"count":19,"href":"https:\/\/wolfram-industrie.de\/en\/wp-json\/wp\/v2\/pages\/4872\/revisions"}],"predecessor-version":[{"id":7154,"href":"https:\/\/wolfram-industrie.de\/en\/wp-json\/wp\/v2\/pages\/4872\/revisions\/7154"}],"up":[{"embeddable":true,"href":"https:\/\/wolfram-industrie.de\/en\/wp-json\/wp\/v2\/pages\/836"}],"wp:attachment":[{"href":"https:\/\/wolfram-industrie.de\/en\/wp-json\/wp\/v2\/media?parent=4872"}],"curies":[{"name":"wp","href":"https:\/\/api.w.org\/{rel}","templated":true}]}}