{"id":4811,"date":"2022-01-27T09:48:34","date_gmt":"2022-01-27T08:48:34","guid":{"rendered":"https:\/\/wolfram-industrie.de\/company\/career\/haemmerer-m-w-d-traunstein\/"},"modified":"2023-08-20T15:36:16","modified_gmt":"2023-08-20T13:36:16","slug":"hammerer-traunstein","status":"publish","type":"page","link":"https:\/\/wolfram-industrie.de\/en\/company\/career\/hammerer-traunstein\/","title":{"rendered":"Hammerer (m\/f\/d) &#8211; Nu\u00dfdorf location"},"content":{"rendered":"\n \n\n    <section class=\"img-text-combi-produkt header\" style=\"background-image: url('https:\/\/wolfram-industrie.de\/wp-content\/uploads\/2023\/06\/wolfram-industrie-unternehmen-karriere-4.jpg');position: relative;\">\n        <article>\n\t\t\t <div class=\"rhombus bg-green\">\n\t\t\t\t<div class=\"inner-rhombus\">\n\t\t\t\t<\/div>\n\t\t\t<\/div>\n\t\t\t<div class=\"rhombus-hero\">\t\n\t\t\t\t<div class=\"hero anim anim-left\">\n\t\t\t\t\t<h1>Hammerer (m\/f\/d)<br \/>\r\nTraunstein location<\/h1>\n\t\t\t\t\t<p>Good at what you do? Reliable? Flexible?<\/p>\n\t\t    \t<\/div>\t\t\t\n        \t<\/div>\n\t\t<\/article>\n    <\/section>\n\n\n\n<div class=\"breadcrumbs align bg-grey wp-block-bcn-breadcrumb-trail has-text-color has-background\" vocab=\"https:\/\/schema.org\/\" typeof=\"BreadcrumbList\">\n\t<span><\/span>\n\t<span property=\"itemListElement\" typeof=\"ListItem\"><a property=\"item\" typeof=\"WebPage\" title=\"Go to Service- und Qualit\u00e4tsmarktf\u00fchrer f\u00fcr Wolfram - More than just Tungsten.\" href=\"https:\/\/wolfram-industrie.de\/en\/\" class=\"home\" aria-current=\"page\"><span property=\"name\">Service- und Qualit\u00e4tsmarktf\u00fchrer f\u00fcr Wolfram &#8211; More than just Tungsten<\/span><\/a><meta property=\"position\" content=\"1\"><\/span><\/div>\n\n\n\n\n\n        <section class=\"text-info-col-2 intro bg-grey\">\n\t\t\t<article>\t\t\t\t\n\t\t\t\t\t  \t\t<div class=\"col-8 fullwidth\">\n\t\t\t\t\t<div class=\"produkt-text\">\n\t\t\t\t\t\t<p>We want both quality and heartfelt service. That&#8217;s why we offer a high-quality working environment in which first-class tungsten-based products come to the fore.<\/p>\n<p>Our team in <strong>Nu\u00dfdorf<\/strong> is looking to reinforce the hammering, drawing and grinding departments <strong>with immediate effect<\/strong>:<\/p>\n<h2>Hammerer (m\/f\/d)<\/h2>\n                    <\/div>\t\t\t\t\t\n\t\t\t\t<\/div>\t\n\t\t\t\t\t\t\t\n\t\t\t\t\n\t\t\t\t\t<\/article>\n\t\t<\/section>\n\n\n\n     <section class=\"img-info-col-2  \">\n\t\t<article>\n\t\t\t\t\t\t<div class=\"col-2\">\n\t\t\t\t\t            <div class=\"img\">\n                                            <img decoding=\"async\" src=\"https:\/\/wolfram-industrie.de\/wp-content\/uploads\/2023\/05\/wolfram-industrie-karriere-haemmerei-400-1.jpg\" alt=\"\" \/>\n                                                    \t\t\t\t\t\n\t\t\t\t<\/div>\t\t\t\t\t\n            <\/div>\n\t\t\t<div class=\"col-2\">\n\t\t\t\t<div class=\"info\">\n\t\t\t\t\t<h2>Tasks required:<\/h2>\n<ul>\n<li>Implementing production orders and technical drawings<\/li>\n<li>Independently determining and correcting process parameters<\/li>\n<li>Handling surface grinding machines, cylindrical grinding machines, rotary swaging machines<\/li>\n<li>Pulling wires on long hoists and drum hoists<\/li>\n<li>Independently changing process tools<\/li>\n<li>Sharpening via kneading and etching processes<\/li>\n<li>Handling lubricants (graphite; chemicals)<\/li>\n<li>Cleaning products with ultrasound<\/li>\n<li>Independently performing simple repairs and maintenance activities<\/li>\n<li>Handling test and measuring equipment<\/li>\n<\/ul>\n\t\t\t\t<\/div>\n\t\t\t<\/div>\n        <\/article>\n    <\/section>\n\n\n     <section class=\"img-info-col-2  \">\n\t\t<article>\n\t\t\t\t\t\t<div class=\"col-2\">\n\t\t\t\t\t            <div class=\"img\">\n                                            <img decoding=\"async\" src=\"https:\/\/wolfram-industrie.de\/wp-content\/uploads\/2022\/06\/wolfram-industrie_unternehmen_team.jpg\" alt=\"\" \/>\n                                                    \t\t\t\t\t\n\t\t\t\t<\/div>\t\t\t\t\t\n            <\/div>\n\t\t\t<div class=\"col-2\">\n\t\t\t\t<div class=\"info\">\n\t\t\t\t\t<h2>What we require:<\/h2>\n<ul>\n<li>Completed training in a metalworking or similar profession<\/li>\n<li>Manual metalworking skills<\/li>\n<li>Willingness to work in shifts and on a temporary basis<\/li>\n<li>Willingness to contribute new ideas<\/li>\n<li>Fluent written and spoken German<\/li>\n<li>A team player with good interpersonal skills<\/li>\n<li>A careful and independent work approach<\/li>\n<\/ul>\n\t\t\t\t<\/div>\n\t\t\t<\/div>\n        <\/article>\n    <\/section>\n\n\n     <section class=\"img-info-col-2  \">\n\t\t<article>\n\t\t\t\t\t\t<div class=\"col-2\">\n\t\t\t\t\t            <div class=\"img\">\n                                            <img decoding=\"async\" src=\"https:\/\/wolfram-industrie.de\/wp-content\/uploads\/2023\/05\/wolfram-industrie-home-2-1-1-1.jpg\" alt=\"\" \/>\n                                                    \t\t\t\t\t\n\t\t\t\t<\/div>\t\t\t\t\t\n            <\/div>\n\t\t\t<div class=\"col-2\">\n\t\t\t\t<div class=\"info\">\n\t\t\t\t\t<h2>What we offer:<\/h2>\n<ul>\n<li>Varied and exciting tasks<\/li>\n<li>A detailed and thorough onboarding from experienced employees<\/li>\n<li>Performance-based salary<\/li>\n<li>Long service awards (10, 25, 35 years)<\/li>\n<li>A lively team spirit and constructive cooperation<\/li>\n<li>Great potential for growth<\/li>\n<li>Subsidised transport costs<\/li>\n<li>The financial security of a full-time unlimited employment contract<\/li>\n<li>Flat hierarchies and swift decision-making<\/li>\n<li>Loyalty bonuses according to length of service<\/li>\n<li>Birth bonus \/ Marriage bonus<\/li>\n<li>Private health insurance, bonus card 300\u20ac<\/li>\n<li>Group accident insurance<\/li>\n<li>Payment of capital-forming benefits<\/li>\n<\/ul>\n\t\t\t\t<\/div>\n\t\t\t<\/div>\n        <\/article>\n    <\/section>\n\n\n\n\n        <section class=\"text-info-col-2 intro bg-grey\">\n\t\t\t<article>\t\t\t\t\n\t\t\t\t\t  \t\t<div class=\"col-8 fullwidth\">\n\t\t\t\t\t<div class=\"produkt-text\">\n\t\t\t\t\t\t<h2>Please fill out the form below.<\/h2>\n\n<div class=\"wpcf7 no-js\" id=\"wpcf7-f4789-o1\" lang=\"en-US\" dir=\"ltr\" data-wpcf7-id=\"4789\">\n<div class=\"screen-reader-response\"><p role=\"status\" aria-live=\"polite\" aria-atomic=\"true\"><\/p> <ul><\/ul><\/div>\n<form action=\"\/en\/wp-json\/wp\/v2\/pages\/4811#wpcf7-f4789-o1\" method=\"post\" class=\"wpcf7-form init wpcf7-acceptance-as-validation\" aria-label=\"Contact form\" enctype=\"multipart\/form-data\" novalidate=\"novalidate\" data-status=\"init\">\n<fieldset class=\"hidden-fields-container\"><input type=\"hidden\" name=\"_wpcf7\" value=\"4789\" \/><input type=\"hidden\" name=\"_wpcf7_version\" value=\"6.1.5\" \/><input type=\"hidden\" name=\"_wpcf7_locale\" value=\"en_US\" \/><input type=\"hidden\" name=\"_wpcf7_unit_tag\" value=\"wpcf7-f4789-o1\" \/><input type=\"hidden\" name=\"_wpcf7_container_post\" value=\"0\" \/><input type=\"hidden\" name=\"_wpcf7_posted_data_hash\" value=\"\" \/><input type=\"hidden\" name=\"_wpcf7dtx_version\" value=\"5.0.5\" \/>\n<\/fieldset>\n<p>Many thanks for your interest in our company.\n<\/p>\n<p>The information you provide will help us to process your application quickly!<br \/>\nYou can fill in the form quickly and easily.\n<\/p>\n<p><label>Application as*<\/label><span class=\"wpcf7-form-control-wrap stelle\" data-name=\"stelle\"><input type=\"text\" name=\"stelle\" class=\"wpcf7-form-control wpcf7-text wpcf7dtx wpcf7dtx-text\" aria-invalid=\"false\" required=\"required\" readonly=\"readonly\" value=\"Hammerer (m\/f\/d) - Nu\u00dfdorf location\"><\/span>\n<\/p>\n<p><label> Surname, name*<\/label><span class=\"wpcf7-form-control-wrap\" data-name=\"namen\"><input size=\"40\" maxlength=\"400\" class=\"wpcf7-form-control wpcf7-text wpcf7-validates-as-required\" aria-required=\"true\" aria-invalid=\"false\" value=\"\" type=\"text\" name=\"namen\" \/><\/span>\n<\/p>\n<p><label> Email address*<\/label><span class=\"wpcf7-form-control-wrap\" data-name=\"email\"><input size=\"40\" maxlength=\"400\" class=\"wpcf7-form-control wpcf7-email wpcf7-validates-as-required wpcf7-text wpcf7-validates-as-email\" aria-required=\"true\" aria-invalid=\"false\" value=\"\" type=\"email\" name=\"email\" \/><\/span>\n<\/p>\n<p><label> Message*<\/label><span class=\"wpcf7-form-control-wrap\" data-name=\"nachricht\"><textarea cols=\"40\" rows=\"10\" maxlength=\"2000\" class=\"wpcf7-form-control wpcf7-textarea wpcf7-validates-as-required\" aria-required=\"true\" aria-invalid=\"false\" name=\"nachricht\"><\/textarea><\/span>\n<\/p>\n<p><span id=\"wpcf7-69f518a4cc294-wrapper\" class=\"wpcf7-form-control-wrap topics-634-wrap\" ><input type=\"hidden\" name=\"topics-634-time-start\" value=\"1777670308\"><input type=\"hidden\" name=\"topics-634-time-check\" value=\"4\"><label for=\"wpcf7-69f518a4cc294-field\" class=\"hp-message\">Please leave this field empty.<\/label><input id=\"wpcf7-69f518a4cc294-field\"  class=\"wpcf7-form-control wpcf7-text\" type=\"text\" name=\"topics-634\" value=\"\" size=\"40\" tabindex=\"-1\" autocomplete=\"new-password\" \/><\/span>\n<\/p>\n<p><label> Upload cover letter<\/label><span class=\"wpcf7-form-control-wrap\" data-name=\"anschreiben\"><input size=\"40\" class=\"wpcf7-form-control wpcf7-file\" accept=\".pdf,.jpg,.jpeg,.png,.doc,.docx\" aria-invalid=\"false\" type=\"file\" name=\"anschreiben\" \/><\/span>\n<\/p>\n<p><label> Upload resume*<\/label><span class=\"wpcf7-form-control-wrap\" data-name=\"lebenslauf\"><input size=\"40\" class=\"wpcf7-form-control wpcf7-file wpcf7-validates-as-required\" accept=\".pdf,.jpg,.jpeg,.png,.doc,.docx\" aria-required=\"true\" aria-invalid=\"false\" type=\"file\" name=\"lebenslauf\" \/><\/span>\n<\/p>\n<p><label> Upload certificates\/references<\/label><span class=\"wpcf7-form-control-wrap\" data-name=\"zeugnisse\"><input size=\"40\" class=\"wpcf7-form-control wpcf7-file\" accept=\".pdf,.jpg,.jpeg,.png,.doc,.docx\" aria-invalid=\"false\" type=\"file\" name=\"zeugnisse\" \/><\/span>\n<\/p>\n<p>Your data will be treated confidentially. It will not be passed on to third parties.\n<\/p>\n<p>Please note the max. upload size of 4MB per file.\n<\/p>\n<p>Security: Your data is transmitted by a secure encryption process (SSL) and cannot be read by third parties.\n<\/p>\n<p><span class=\"wpcf7-form-control-wrap\" data-name=\"acceptance-data\"><span class=\"wpcf7-form-control wpcf7-acceptance\"><span class=\"wpcf7-list-item\"><label><input type=\"checkbox\" name=\"acceptance-data\" value=\"1\" aria-invalid=\"false\" \/><span class=\"wpcf7-list-item-label\">I acknowledge the <a target='_blank' href='\/en\/privacy-policy\/'>data protection policy<\/a> of Gesellschaft f\u00fcr Wolfram Industrie mbH.<\/span><\/label><\/span><\/span><\/span>\n<\/p>\n<p><input class=\"wpcf7-form-control wpcf7-submit has-spinner send\" type=\"submit\" value=\"Send\" \/>\n<\/p>\n<div class=\"clear\">\n<\/div><div class=\"wpcf7-response-output\" aria-hidden=\"true\"><\/div>\n<\/form>\n<\/div>\n\n                    <\/div>\t\t\t\t\t\n\t\t\t\t<\/div>\t\n\t\t\t\t\t\t\t\n\t\t\t\t\n\t\t\t\t\t<\/article>\n\t\t<\/section>\n","protected":false},"excerpt":{"rendered":"","protected":false},"author":5,"featured_media":0,"parent":797,"menu_order":0,"comment_status":"closed","ping_status":"closed","template":"","meta":{"_acf_changed":false,"footnotes":""},"class_list":["post-4811","page","type-page","status-publish","hentry"],"acf":[],"_links":{"self":[{"href":"https:\/\/wolfram-industrie.de\/en\/wp-json\/wp\/v2\/pages\/4811","targetHints":{"allow":["GET"]}}],"collection":[{"href":"https:\/\/wolfram-industrie.de\/en\/wp-json\/wp\/v2\/pages"}],"about":[{"href":"https:\/\/wolfram-industrie.de\/en\/wp-json\/wp\/v2\/types\/page"}],"author":[{"embeddable":true,"href":"https:\/\/wolfram-industrie.de\/en\/wp-json\/wp\/v2\/users\/5"}],"replies":[{"embeddable":true,"href":"https:\/\/wolfram-industrie.de\/en\/wp-json\/wp\/v2\/comments?post=4811"}],"version-history":[{"count":7,"href":"https:\/\/wolfram-industrie.de\/en\/wp-json\/wp\/v2\/pages\/4811\/revisions"}],"predecessor-version":[{"id":5089,"href":"https:\/\/wolfram-industrie.de\/en\/wp-json\/wp\/v2\/pages\/4811\/revisions\/5089"}],"up":[{"embeddable":true,"href":"https:\/\/wolfram-industrie.de\/en\/wp-json\/wp\/v2\/pages\/797"}],"wp:attachment":[{"href":"https:\/\/wolfram-industrie.de\/en\/wp-json\/wp\/v2\/media?parent=4811"}],"curies":[{"name":"wp","href":"https:\/\/api.w.org\/{rel}","templated":true}]}}