{"id":4657,"date":"2022-05-30T19:08:51","date_gmt":"2022-05-30T17:08:51","guid":{"rendered":"https:\/\/wolfram-industrie.de\/company\/presse\/"},"modified":"2026-02-12T13:51:40","modified_gmt":"2026-02-12T12:51:40","slug":"press","status":"publish","type":"page","link":"https:\/\/wolfram-industrie.de\/en\/company\/press\/","title":{"rendered":"Press"},"content":{"rendered":"\n \n\n    <section class=\"img-text-combi-produkt header\" style=\"background-image: url('https:\/\/wolfram-industrie.de\/wp-content\/uploads\/2023\/06\/wolfram-industrie-unternehmen-presse-1.jpg');position: relative;\">\n        <article>\n\t\t\t <div class=\"rhombus bg-green\">\n\t\t\t\t<div class=\"inner-rhombus\">\n\t\t\t\t<\/div>\n\t\t\t<\/div>\n\t\t\t<div class=\"rhombus-hero\">\t\n\t\t\t\t<div class=\"hero anim anim-left\">\n\t\t\t\t\t<h1>This is what the national and international press writes about us<\/h1>\n\t\t\t\t\t<p>A press overview with current articles about Wolfram Industrie<\/p>\n\t\t    \t<\/div>\t\t\t\n        \t<\/div>\n\t\t<\/article>\n    <\/section>\n\n\n\n<div class=\"breadcrumbs align  wp-block-bcn-breadcrumb-trail has-text-color has-background\" vocab=\"https:\/\/schema.org\/\" typeof=\"BreadcrumbList\">\n\t<span><\/span>\n\t<span property=\"itemListElement\" typeof=\"ListItem\"><a property=\"item\" typeof=\"WebPage\" title=\"Go to Service- und Qualit\u00e4tsmarktf\u00fchrer f\u00fcr Wolfram - More than just Tungsten.\" href=\"https:\/\/wolfram-industrie.de\/en\/\" class=\"home\" aria-current=\"page\"><span property=\"name\">Service- und Qualit\u00e4tsmarktf\u00fchrer f\u00fcr Wolfram &#8211; More than just Tungsten<\/span><\/a><meta property=\"position\" content=\"1\"><\/span><\/div>\n\n\n\n\n\n        <section class=\"text-info-col-2 intro \">\n\t\t\t<article>\t\t\t\t\n\t\t\t\t\t  \t\t<div class=\"col-8 fullwidth\">\n\t\t\t\t\t<div class=\"produkt-text\">\n\t\t\t\t\t\t<p>All press information about Wolfram Industrie. As well as relevant articles, you will also find the contact for media representatives here.<\/p>\n<p><strong>Press contact:<\/strong><\/p>\n<p>Angelika von Cetto will be happy to provide information about Wolfram Industrie and answer your questions. Tel: <a href=\"tel:+498131703-122\">+49 (0) 8131 703-122<\/a> \/ Email: <a href=\"mailto:angelika.cetto@wolfram-Industrie.de\">angelika.cetto@wolfram-Industrie.de<\/a><\/p>\n                    <\/div>\t\t\t\t\t\n\t\t\t\t<\/div>\t\n\t\t\t\t\t\t\t\n\t\t\t\t\n\t\t\t\t\t<\/article>\n\t\t<\/section>\n\n\n\n<section class=\"presse-kacheln img-text-col-12\">\n  <article>\n    <div id=\"ajax-load-more\" class=\"ajax-load-more-wrap infinite fading-blocks\"  data-alm-id=\"\" data-canonical-url=\"https:\/\/wolfram-industrie.de\/en\/company\/press\/\" data-slug=\"press\" data-post-id=\"4657\"  data-localized=\"ajax_load_more_vars\" data-alm-object=\"ajax_load_more\"><div aria-live=\"polite\" aria-atomic=\"true\" class=\"alm-listing alm-ajax\" data-container-type=\"div\" data-loading-style=\"infinite fading-blocks\" data-repeater=\"default\" data-post-type=\"presse\" data-category=\"press_2025-en\" data-order=\"DESC\" data-orderby=\"date\" data-offset=\"0\" data-posts-per-page=\"4\" data-lang=\"en\" data-pause-override=\"true\" data-button-label=\"Load More\" data-prev-button-label=\"Load Previous\"><\/div><div class=\"alm-btn-wrap\" data-rel=\"ajax-load-more\"><button class=\"alm-load-more-btn \" type=\"button\">Load More<\/button><\/div><\/div>  <\/article>\n<\/section>\n\n\n\n\n\n        <section class=\"text-info-col-2 intro \">\n\t\t\t<article>\t\t\t\t\n\t\t\t\t\t\t\t<div class=\"col-8 fullwidth linklist grey\">\n\t\t\t\t\t\t\t\t\t\t  <ul>\n\t\t\t\t\t\t\t\t\t\t\t\t\t\t  <li>\n\t\t\t\t\t\t\t\t\t\t\t\t\t\t\t\t\t<a href=\"\/en\/archive\/press-archive\/press-2022\">Press archive 2022<\/a>\n\t\t\t\t\t\t\t\t\t\t\t\t\t\t\t  <\/li>\n\t\t\t\t\t\t\t \t\t\t\t\t\t   <\/ul>                                            \n\t\t\t\t\t \n\t\t\t\t\t<\/div>\t\n\t\t\t\t\t\t\t\n\t\t\t\t\n\t\t\t\t\t<\/article>\n\t\t<\/section>\n","protected":false},"excerpt":{"rendered":"","protected":false},"author":2,"featured_media":0,"parent":785,"menu_order":0,"comment_status":"closed","ping_status":"closed","template":"presse.php","meta":{"_acf_changed":false,"footnotes":""},"class_list":["post-4657","page","type-page","status-publish","hentry"],"acf":[],"_links":{"self":[{"href":"https:\/\/wolfram-industrie.de\/en\/wp-json\/wp\/v2\/pages\/4657","targetHints":{"allow":["GET"]}}],"collection":[{"href":"https:\/\/wolfram-industrie.de\/en\/wp-json\/wp\/v2\/pages"}],"about":[{"href":"https:\/\/wolfram-industrie.de\/en\/wp-json\/wp\/v2\/types\/page"}],"author":[{"embeddable":true,"href":"https:\/\/wolfram-industrie.de\/en\/wp-json\/wp\/v2\/users\/2"}],"replies":[{"embeddable":true,"href":"https:\/\/wolfram-industrie.de\/en\/wp-json\/wp\/v2\/comments?post=4657"}],"version-history":[{"count":13,"href":"https:\/\/wolfram-industrie.de\/en\/wp-json\/wp\/v2\/pages\/4657\/revisions"}],"predecessor-version":[{"id":7191,"href":"https:\/\/wolfram-industrie.de\/en\/wp-json\/wp\/v2\/pages\/4657\/revisions\/7191"}],"up":[{"embeddable":true,"href":"https:\/\/wolfram-industrie.de\/en\/wp-json\/wp\/v2\/pages\/785"}],"wp:attachment":[{"href":"https:\/\/wolfram-industrie.de\/en\/wp-json\/wp\/v2\/media?parent=4657"}],"curies":[{"name":"wp","href":"https:\/\/api.w.org\/{rel}","templated":true}]}}