{"id":1229,"date":"2021-12-22T09:20:22","date_gmt":"2021-12-22T08:20:22","guid":{"rendered":"https:\/\/wolfram.laborumgebung.de\/impressum\/"},"modified":"2025-08-19T10:46:25","modified_gmt":"2025-08-19T08:46:25","slug":"legal-notice","status":"publish","type":"page","link":"https:\/\/wolfram-industrie.de\/en\/legal-notice\/","title":{"rendered":"Legal notice"},"content":{"rendered":"\n \n\n    <section class=\"img-text-combi-produkt header\" style=\"background-image: url('https:\/\/wolfram-industrie.de\/wp-content\/uploads\/2022\/01\/wolfram-industrie-elektroden-dummy-530-3.jpg');position: relative;\">\n        <article>\n\t\t\t <div class=\"rhombus bg-green\">\n\t\t\t\t<div class=\"inner-rhombus\">\n\t\t\t\t<\/div>\n\t\t\t<\/div>\n\t\t\t<div class=\"rhombus-hero\">\t\n\t\t\t\t<div class=\"hero anim anim-left\">\n\t\t\t\t\t<h1><\/h1>\n\t\t\t\t\t<p><\/p>\n\t\t    \t<\/div>\t\t\t\n        \t<\/div>\n\t\t<\/article>\n    <\/section>\n\n\n\n<div class=\"breadcrumbs align  wp-block-bcn-breadcrumb-trail has-text-color has-background\" vocab=\"https:\/\/schema.org\/\" typeof=\"BreadcrumbList\">\n\t<span><\/span>\n\t<span property=\"itemListElement\" typeof=\"ListItem\"><a property=\"item\" typeof=\"WebPage\" title=\"Go to Service- und Qualit\u00e4tsmarktf\u00fchrer f\u00fcr Wolfram - More than just Tungsten.\" href=\"https:\/\/wolfram-industrie.de\/en\/\" class=\"home\" aria-current=\"page\"><span property=\"name\">Service- und Qualit\u00e4tsmarktf\u00fchrer f\u00fcr Wolfram &#8211; More than just Tungsten<\/span><\/a><meta property=\"position\" content=\"1\"><\/span><\/div>\n\n\n\n\n\n        <section class=\"text-info-col-2 intro \">\n\t\t\t<article>\t\t\t\t\n\t\t\t\t\t  \t\t<div class=\"col-8 fullwidth\">\n\t\t\t\t\t<div class=\"produkt-text\">\n\t\t\t\t\t\t<p><strong>Gesellschaft f\u00fcr Wolfram Industrie mbH<\/strong><br \/>\nWolframstr. 1<br \/>\n83365 Nu\u00dfdorf<br \/>\nE-Mail: <a href=\"mailto:info@wolfram-industrie.de\">info@wolfram-industrie.de<\/a><br \/>\nTel. +49 (0) 866 978990<br \/>\nFax +49 (0) 866 978990<\/p>\n<p>Registered Office Traunstein<\/p>\n<p>Registration Office Traunstein, German Commercial Register (HRB) 39<br \/>\nManagement: Sebastian Freiherr von Cetto<br \/>\nVAT ID No. DE131556343<\/p>\n<p><strong>BayerischeMetallwerke GmbH<\/strong><br \/>\nLeitenweg 5<br \/>\n85221 Dachau<br \/>\nE-Mail: <a href=\"mailto:info@wolfram-industrie.de\">info@wolfram-industrie.de<\/a><br \/>\nTel. +49 (0) 8131 703-0<br \/>\nFax +49 (0) 8131 703-102<\/p>\n<p>Registered Office Dachau<\/p>\n<p>Registration Office Munich, German Commercial Register (HRB) 41786<br \/>\nManager: Sebastian Freiherr von Cetto<br \/>\nVAT ID No. DE 811226127<\/p>\n<p>We assume no liability for the content of other websites that can be reached through links from our site. These are external sites and we have no influence on their design and content. Please notify us if you become aware of illegal content on other websites that can be reached through links on our site.<\/p>\n<p>Concept and technical implementation: <a href=\"https:\/\/networkerz.de\/\" target=\"_blank\" rel=\"noopener\">networkerz GmbH<\/a>, Munich<br \/>\nDesign and image concept: Karen Schmidt,<a href=\"http:\/\/fsg3.de\/\" target=\"_blank\" rel=\"noopener\"> fsg3.de<\/a>, Munich<\/p>\n<p><sup>\u00a9<\/sup> Copyright 2025 by Wolfram Industrie<\/p>\n                    <\/div>\t\t\t\t\t\n\t\t\t\t<\/div>\t\n\t\t\t\t\t\t\t\n\t\t\t\t\n\t\t\t\t\t<\/article>\n\t\t<\/section>\n","protected":false},"excerpt":{"rendered":"","protected":false},"author":5,"featured_media":0,"parent":0,"menu_order":0,"comment_status":"closed","ping_status":"closed","template":"","meta":{"_acf_changed":false,"footnotes":""},"class_list":["post-1229","page","type-page","status-publish","hentry"],"acf":[],"_links":{"self":[{"href":"https:\/\/wolfram-industrie.de\/en\/wp-json\/wp\/v2\/pages\/1229","targetHints":{"allow":["GET"]}}],"collection":[{"href":"https:\/\/wolfram-industrie.de\/en\/wp-json\/wp\/v2\/pages"}],"about":[{"href":"https:\/\/wolfram-industrie.de\/en\/wp-json\/wp\/v2\/types\/page"}],"author":[{"embeddable":true,"href":"https:\/\/wolfram-industrie.de\/en\/wp-json\/wp\/v2\/users\/5"}],"replies":[{"embeddable":true,"href":"https:\/\/wolfram-industrie.de\/en\/wp-json\/wp\/v2\/comments?post=1229"}],"version-history":[{"count":20,"href":"https:\/\/wolfram-industrie.de\/en\/wp-json\/wp\/v2\/pages\/1229\/revisions"}],"predecessor-version":[{"id":6980,"href":"https:\/\/wolfram-industrie.de\/en\/wp-json\/wp\/v2\/pages\/1229\/revisions\/6980"}],"wp:attachment":[{"href":"https:\/\/wolfram-industrie.de\/en\/wp-json\/wp\/v2\/media?parent=1229"}],"curies":[{"name":"wp","href":"https:\/\/api.w.org\/{rel}","templated":true}]}}