{"id":1182,"date":"2021-12-02T13:26:03","date_gmt":"2021-12-02T12:26:03","guid":{"rendered":"https:\/\/wolfram.laborumgebung.de\/products\/electrodes\/widerstands-schweisselektroden-triconstant\/"},"modified":"2023-08-09T13:44:22","modified_gmt":"2023-08-09T11:44:22","slug":"resistance-welding-electrodes","status":"publish","type":"page","link":"https:\/\/wolfram-industrie.de\/en\/products\/electrodes\/resistance-welding-electrodes\/","title":{"rendered":"Resistance welding electrodes (TRICONSTANT\u00ae)"},"content":{"rendered":"\n \n\n    <section class=\"img-text-combi-produkt header\" style=\"background-image: url('https:\/\/wolfram-industrie.de\/wp-content\/uploads\/2022\/06\/wolfram_industrie_produkte_widerstand_schweisselektroden-scaled.jpg');position: relative;\">\n        <article>\n\t\t\t <div class=\"rhombus bg-green\">\n\t\t\t\t<div class=\"inner-rhombus\">\n\t\t\t\t<\/div>\n\t\t\t<\/div>\n\t\t\t<div class=\"rhombus-hero\">\t\n\t\t\t\t<div class=\"hero anim anim-left\">\n\t\t\t\t\t<h1>Resistance welding electrodes<\/h1>\n\t\t\t\t\t<p>TRICONSTANT\u00ae is our solution that makes most economic sense<\/p>\n\t\t    \t<\/div>\t\t\t\n        \t<\/div>\n\t\t<\/article>\n    <\/section>\n\n\n\n<div class=\"breadcrumbs align bg-grey wp-block-bcn-breadcrumb-trail has-text-color has-background\" vocab=\"https:\/\/schema.org\/\" typeof=\"BreadcrumbList\">\n\t<span><\/span>\n\t<span property=\"itemListElement\" typeof=\"ListItem\"><a property=\"item\" typeof=\"WebPage\" title=\"Go to Service- und Qualit\u00e4tsmarktf\u00fchrer f\u00fcr Wolfram - More than just Tungsten.\" href=\"https:\/\/wolfram-industrie.de\/en\/\" class=\"home\" aria-current=\"page\"><span property=\"name\">Service- und Qualit\u00e4tsmarktf\u00fchrer f\u00fcr Wolfram &#8211; More than just Tungsten<\/span><\/a><meta property=\"position\" content=\"1\"><\/span><\/div>\n\n\n\n\n\n        <section class=\"text-info-col-2 intro bg-grey\">\n\t\t\t<article>\t\t\t\t\n\t\t\t\t\t  \t\t<div class=\"col-8 fullwidth\">\n\t\t\t\t\t<div class=\"produkt-text\">\n\t\t\t\t\t\t<h2>TRICONSTANT\u00ae &#8211; Combining all the best material properties in one<\/h2>\n<p>Our new resistance welding electrode (WHG3): Made of tungsten, copper and back-cast with tungsten copper &#8211; but worth its weight in gold or more.<\/p>\n<ul>\n<li>Extended service life and better performance<\/li>\n<li>Improved, reproducible spot welding quality<\/li>\n<li>Making part production more streamlined and affordable<\/li>\n<\/ul>\n<p>We not only combine material properties but also their economic benefits.<\/p>\n<p>When it comes to spot welding and resistance welding electrodes, look no further than TRICONSTANT\u00ae. Optimally combining hardness, elasticity, heat and electrical conductivity. The most economical combination of a long service life, improved performance, better quality and greater efficiency.<\/p>\n                    <\/div>\t\t\t\t\t\n\t\t\t\t<\/div>\t\n\t\t\t\t\t\t\t\n\t\t\t\t\n\t\t\t\t\t<\/article>\n\t\t<\/section>\n\n\n\n\n\n        <section class=\"text-info-col-2 intro \">\n\t\t\t<article>\t\t\t\t\n\t\t\t\t\t\t\t<div class=\"col-8 fullwidth linklist grey\">\n\t\t\t\t\t                            <ul>\n                                                            <li>\n                                    <a href=\"https:\/\/wolfram-industrie.de\/en\/products\/electrodes\/tig-welding-electrodes\/\">TIG welding electrodes<\/a>\n                                <\/li>\n                                                            <li>\n                                    <a href=\"https:\/\/wolfram-industrie.de\/en\/products\/electrodes\/orbital-welding-electrodes\/\">Orbital welding electrodes (ORBISTAR\u00ae)<\/a>\n                                <\/li>\n                                                            <li>\n                                    <a href=\"https:\/\/wolfram-industrie.de\/en\/products\/electrodes\/regrinding-service\/\">Regrinding service<\/a>\n                                <\/li>\n                                                            <li>\n                                    <a href=\"https:\/\/wolfram-industrie.de\/en\/products\/electrodes\/recycling-electrodes\/\">Recycling electrodes<\/a>\n                                <\/li>\n                                                            <li>\n                                    <a href=\"https:\/\/wolfram-industrie.de\/en\/products\/electrodes\/electrodes-for-electrical-discharge-machining\/\">Electrodes for electrical discharge machining<\/a>\n                                <\/li>\n                                                        <\/ul>                                            \n                         \n\t\t\t\t\t\n                                           \n                        \n                        \n<\/div>\t\n\t\t\t\t\t\t\t\n\t\t\t\t\n\t\t\t\t\t<\/article>\n\t\t<\/section>\n\n\n\n        <section class=\"img-produkte-col-3\">\n\t\t\t<article class=\"produkt-kategorie\">\n\t\t\t\t<h2><\/h2>\n\t\t\t<\/article>            \n            \n                    <article>\n                            <div class=\"col-3\">\n                    <div class=\"wrapper\">\n\n                        \n                            \n                            <img decoding=\"async\" src=\"https:\/\/wolfram-industrie.de\/wp-content\/uploads\/2022\/06\/wolfram-industrie_Podukte_Halbzeuge.jpg\" \/>\n                            \n                            <div class=\"rhombus bg-green\"><\/div>\n                            <div class=\"inner-rhombus produkt-headline\">\n                                <h2>Semi-finished products<\/h2>\n                            <\/div>                                                        \n                           <a href=\"https:\/\/wolfram-industrie.de\/en\/products\/semi-finished-products\/\"><\/a>         \n\n                    <\/div>\n                <\/div>    \n                            <div class=\"col-3\">\n                    <div class=\"wrapper\">\n\n                        \n                            \n                            <img decoding=\"async\" src=\"https:\/\/wolfram-industrie.de\/wp-content\/uploads\/2022\/06\/wolfram-industrie_Podukte_Tungstitt.jpg\" \/>\n                            \n                            <div class=\"rhombus bg-green\"><\/div>\n                            <div class=\"inner-rhombus produkt-headline\">\n                                <h2>Tungstit<\/h2>\n                            <\/div>                                                        \n                           <a href=\"\/en\/products\/tungstit\/\"><\/a>         \n\n                    <\/div>\n                <\/div>    \n                            <div class=\"col-3\">\n                    <div class=\"wrapper\">\n\n                        \n                            \n                            <img decoding=\"async\" src=\"https:\/\/wolfram-industrie.de\/wp-content\/uploads\/2023\/07\/Wolfram-Industrie_Produkt_Heizelemente-1.jpg\" \/>\n                            \n                            <div class=\"rhombus bg-green\"><\/div>\n                            <div class=\"inner-rhombus produkt-headline\">\n                                <h2>Heating elements<\/h2>\n                            <\/div>                                                        \n                           <a href=\"https:\/\/wolfram-industrie.de\/en\/products\/heating-elements\/\"><\/a>         \n\n                    <\/div>\n                <\/div>    \n                            <div class=\"col-3\">\n                    <div class=\"wrapper\">\n\n                        \n                            \n                            <img decoding=\"async\" src=\"https:\/\/wolfram-industrie.de\/wp-content\/uploads\/2022\/06\/wolfram-industrie_Podukte_konstruktionsteile_3.jpg\" \/>\n                            \n                            <div class=\"rhombus bg-green\"><\/div>\n                            <div class=\"inner-rhombus produkt-headline\">\n                                <h2>Structural parts<\/h2>\n                            <\/div>                                                        \n                           <a href=\"\/en\/products\/structural-parts\/\"><\/a>         \n\n                    <\/div>\n                <\/div>    \n                            <div class=\"col-3\">\n                    <div class=\"wrapper\">\n\n                        \n                            \n                            <img decoding=\"async\" src=\"https:\/\/wolfram-industrie.de\/wp-content\/uploads\/2022\/06\/wolfram-industrie_produkte_triamte_schwermetall.jpg\" \/>\n                            \n                            <div class=\"rhombus bg-green\"><\/div>\n                            <div class=\"inner-rhombus produkt-headline\">\n                                <h2>Triamet<\/h2>\n                            <\/div>                                                        \n                           <a href=\"\/en\/products\/triamet-heavy-metal\/\"><\/a>         \n\n                    <\/div>\n                <\/div>    \n                            <div class=\"col-3\">\n                    <div class=\"wrapper\">\n\n                        \n                            \n                            <img decoding=\"async\" src=\"https:\/\/wolfram-industrie.de\/wp-content\/uploads\/2022\/06\/wolfram-industrie_werkstoffe_wolfram_granulat_dotimet.jpg\" \/>\n                            \n                            <div class=\"rhombus bg-green\"><\/div>\n                            <div class=\"inner-rhombus produkt-headline\">\n                                <h2>Dotimet<\/h2>\n                            <\/div>                                                        \n                           <a href=\"https:\/\/wolfram-industrie.de\/en\/products\/dotimet\/\"><\/a>         \n\n                    <\/div>\n                <\/div>    \n                        <\/article>\n                    \n\t\t\t                                   \t                \t\t\t\n\t\t<\/section>","protected":false},"excerpt":{"rendered":"","protected":false},"author":5,"featured_media":0,"parent":841,"menu_order":0,"comment_status":"closed","ping_status":"closed","template":"","meta":{"_acf_changed":false,"footnotes":""},"class_list":["post-1182","page","type-page","status-publish","hentry"],"acf":[],"_links":{"self":[{"href":"https:\/\/wolfram-industrie.de\/en\/wp-json\/wp\/v2\/pages\/1182","targetHints":{"allow":["GET"]}}],"collection":[{"href":"https:\/\/wolfram-industrie.de\/en\/wp-json\/wp\/v2\/pages"}],"about":[{"href":"https:\/\/wolfram-industrie.de\/en\/wp-json\/wp\/v2\/types\/page"}],"author":[{"embeddable":true,"href":"https:\/\/wolfram-industrie.de\/en\/wp-json\/wp\/v2\/users\/5"}],"replies":[{"embeddable":true,"href":"https:\/\/wolfram-industrie.de\/en\/wp-json\/wp\/v2\/comments?post=1182"}],"version-history":[{"count":14,"href":"https:\/\/wolfram-industrie.de\/en\/wp-json\/wp\/v2\/pages\/1182\/revisions"}],"predecessor-version":[{"id":5052,"href":"https:\/\/wolfram-industrie.de\/en\/wp-json\/wp\/v2\/pages\/1182\/revisions\/5052"}],"up":[{"embeddable":true,"href":"https:\/\/wolfram-industrie.de\/en\/wp-json\/wp\/v2\/pages\/841"}],"wp:attachment":[{"href":"https:\/\/wolfram-industrie.de\/en\/wp-json\/wp\/v2\/media?parent=1182"}],"curies":[{"name":"wp","href":"https:\/\/api.w.org\/{rel}","templated":true}]}}