{"id":1173,"date":"2021-12-02T13:25:36","date_gmt":"2021-12-02T12:25:36","guid":{"rendered":"https:\/\/wolfram.laborumgebung.de\/products\/electrodes\/orbital-schweisselektroden-orbistar\/"},"modified":"2026-02-03T11:07:16","modified_gmt":"2026-02-03T10:07:16","slug":"orbital-welding-electrodes","status":"publish","type":"page","link":"https:\/\/wolfram-industrie.de\/en\/products\/electrodes\/orbital-welding-electrodes\/","title":{"rendered":"Orbital welding electrodes (ORBISTAR\u00ae)"},"content":{"rendered":"\n \n\n    <section class=\"img-text-combi-produkt header\" style=\"background-image: url('https:\/\/wolfram-industrie.de\/wp-content\/uploads\/2022\/05\/wolfram_industrie_produkte_elektroden-scaled.jpg');position: relative;\">\n        <article>\n\t\t\t <div class=\"rhombus bg-green\">\n\t\t\t\t<div class=\"inner-rhombus\">\n\t\t\t\t<\/div>\n\t\t\t<\/div>\n\t\t\t<div class=\"rhombus-hero\">\t\n\t\t\t\t<div class=\"hero anim anim-left\">\n\t\t\t\t\t<h1>Orbital welding electrodes<\/h1>\n\t\t\t\t\t<p>ORBISTAR\u00ae PRO and ORBISTAR\u00ae ARC enhance the quality of demanding welding applications<\/p>\n\t\t    \t<\/div>\t\t\t\n        \t<\/div>\n\t\t<\/article>\n    <\/section>\n\n\n\n<div class=\"breadcrumbs align bg-grey wp-block-bcn-breadcrumb-trail has-text-color has-background\" vocab=\"https:\/\/schema.org\/\" typeof=\"BreadcrumbList\">\n\t<span><\/span>\n\t<span property=\"itemListElement\" typeof=\"ListItem\"><a property=\"item\" typeof=\"WebPage\" title=\"Go to Service- und Qualit\u00e4tsmarktf\u00fchrer f\u00fcr Wolfram - More than just Tungsten.\" href=\"https:\/\/wolfram-industrie.de\/en\/\" class=\"home\" aria-current=\"page\"><span property=\"name\">Service- und Qualit\u00e4tsmarktf\u00fchrer f\u00fcr Wolfram &#8211; More than just Tungsten<\/span><\/a><meta property=\"position\" content=\"1\"><\/span><\/div>\n\n\n\n\n\n        <section class=\"text-info-col-2 intro bg-grey\">\n\t\t\t<article>\t\t\t\t\n\t\t\t\t\t  \t\t<div class=\"col-8 fullwidth\">\n\t\t\t\t\t<div class=\"produkt-text\">\n\t\t\t\t\t\t<h2>ORBISTAR\u00ae for reproducible results in automated and manual welding<\/h2>\n<p>Wolfram Industrie is known for its customer-orientated service and practical innovations. For orbital welding, we have developed ORBISTAR\u00ae PRO alongside ORBISTAR\u00ae ARC. Our refined manufacturing process meets the demand for more precision, higher quality and greater consistency in professional welding results.<\/p>\n<p>With our ORBISTAR\u00ae series you get higher productivity through:<\/p>\n<ul>\n<li>predictable and long service life thanks to precision CNC machining and high-end base material for each electrode<\/li>\n<li>precision cut electrode length and tip grind geometry<\/li>\n<li>Can be used immediately and ready-to-weld for various welding applications<\/li>\n<li>Precisely reproducible results for automated and manual welding<\/li>\n<\/ul>\n<p>* We have developed suitable \u2018Ready to Weld\u2019 electrodes especially for aluminium welding.<\/p>\n                    <\/div>\t\t\t\t\t\n\t\t\t\t<\/div>\t\n\t\t\t\t\t\t\t\n\t\t\t\t\n\t\t\t\t\t<\/article>\n\t\t<\/section>\n\n\n\n     <section class=\"img-info-col-2  \">\n\t\t<article>\n\t\t\t\t\t\t<div class=\"col-2\">\n\t\t\t\t\t            <div class=\"img\">\n                                            <img decoding=\"async\" src=\"https:\/\/wolfram-industrie.de\/wp-content\/uploads\/2024\/09\/wolfram-industrie-schweiss-elektroden-orbistar-packung.jpg\" alt=\"Wolfram Industrie Orbistar Schweisselektroden\" \/>\n                                                    \t\t\t\t\t\n\t\t\t\t<\/div>\t\t\t\t\t\n            <\/div>\n\t\t\t<div class=\"col-2\">\n\t\t\t\t<div class=\"info\">\n\t\t\t\t\t<h2>ORBISTAR\u00ae PRO &#8211; the pinnacle of innovation in the truest sense of the word<\/h2>\n<p>Each ORBISTAR\u00ae PRO is expertly manufactured by us and finished on a fully automated grinding station to ensure consistent electrode tip quality and geometry. This improvement gives the welder more precision in the welding process and repeatable results in all welding tasks.<\/p>\n<p>Residue-free laser engraving eliminates the weld contamination risk that can occur with classic colour coding. We supply your ORBISTAR\u00ae PRO in sturdy boxes. Handling tongs\/pliers can be ordered to avoid contamination during removal from the box and insertion into the weld head or torch.<\/p>\n\t\t\t\t<\/div>\n\t\t\t<\/div>\n        <\/article>\n    <\/section>\n\n\n     <section class=\"img-info-col-2  \">\n\t\t<article>\n\t\t\t\t\t\t<div class=\"col-2\">\n\t\t\t\t\t            <div class=\"img\">\n                                            <img decoding=\"async\" src=\"https:\/\/wolfram-industrie.de\/wp-content\/uploads\/2024\/09\/wolfram-industrie-schweiss-elektroden-orbistar-packung-2.jpg\" alt=\"Wolfram Industrie Orbistar Schweisselektroden\" \/>\n                                                    \t\t\t\t\t\n\t\t\t\t<\/div>\t\t\t\t\t\n            <\/div>\n\t\t\t<div class=\"col-2\">\n\t\t\t\t<div class=\"info\">\n\t\t\t\t\t<h2>ORBISTAR\u00ae ARC &#8211; the cost-conscious answer to manually ground electrodes<\/h2>\n<p>While the ORBISTAR\u00ae PRO with laser engraving and high-end packaging shows off its qualities, the ORBISTAR\u00ae ARC scores in economic aspects:<\/p>\n<ul>\n<li>Compared to manually prepared electrodes, our CNC machined tip delivers consistent and predictable results.<\/li>\n<li>Ready-to-weld electrodes save the welder an enormous amount of time, as there is no need to prepare them for use.<\/li>\n<li>Shipped in heavy-duty plastic bags and without laser engraving, Orbistar\u00ae ARC it is the cost-sensitive solution for standardised welding tasks.<\/li>\n<\/ul>\n<p>In addition to our standard orbital electrodes, we offer the ready-to-weld ORBISTAR\u00ae electrodes made based on the customer\u2019s specification, from any alloy, or for any torch and welding head. perfectly matched to the customer\u2019s application and manufactured by us in Germany.<\/p>\n<p><strong><a href=\"https:\/\/wolfram-industrie.de\/wp-content\/uploads\/2026\/02\/WI_Flyer_Orbistar_e_RZ.pdf\" target=\"_blank\" rel=\"noopener\">Download ORBISTAR\u00ae flyer<\/a> <\/strong>(PDF)<\/p>\n\t\t\t\t<\/div>\n\t\t\t<\/div>\n        <\/article>\n    <\/section>\n\n\n\n\n        <section class=\"text-info-col-2 intro \">\n\t\t\t<article>\t\t\t\t\n\t\t\t\t\t\t\t<div class=\"col-8 fullwidth linklist grey\">\n\t\t\t\t\t                            <ul>\n                                                            <li>\n                                    <a href=\"https:\/\/wolfram-industrie.de\/en\/products\/electrodes\/tig-welding-electrodes\/\">TIG welding electrodes<\/a>\n                                <\/li>\n                                                            <li>\n                                    <a href=\"https:\/\/wolfram-industrie.de\/en\/products\/electrodes\/regrinding-service\/\">Regrinding service<\/a>\n                                <\/li>\n                                                            <li>\n                                    <a href=\"https:\/\/wolfram-industrie.de\/en\/products\/electrodes\/recycling-electrodes\/\">Recycling electrodes<\/a>\n                                <\/li>\n                                                            <li>\n                                    <a href=\"https:\/\/wolfram-industrie.de\/en\/products\/electrodes\/resistance-welding-electrodes\/\">Resistance welding electrodes (TRICONSTANT\u00ae)<\/a>\n                                <\/li>\n                                                            <li>\n                                    <a href=\"https:\/\/wolfram-industrie.de\/en\/products\/electrodes\/electrodes-for-electrical-discharge-machining\/\">Electrodes for electrical discharge machining<\/a>\n                                <\/li>\n                                                        <\/ul>                                            \n                         \n\t\t\t\t\t\n                                           \n                        \n                        \n<\/div>\t\n\t\t\t\t\t\t\t\n\t\t\t\t\n\t\t\t\t\t<\/article>\n\t\t<\/section>\n\n\n\n        <section class=\"img-produkte-col-3\">\n\t\t\t<article class=\"produkt-kategorie\">\n\t\t\t\t<h2>More products<\/h2>\n\t\t\t<\/article>            \n            \n                    <article>\n                            <div class=\"col-3\">\n                    <div class=\"wrapper\">\n\n                        \n                            \n                            <img decoding=\"async\" src=\"https:\/\/wolfram-industrie.de\/wp-content\/uploads\/2022\/06\/wolfram-industrie_Podukte_Halbzeuge.jpg\" \/>\n                            \n                            <div class=\"rhombus bg-green\"><\/div>\n                            <div class=\"inner-rhombus produkt-headline\">\n                                <h2>Semi-finished products<\/h2>\n                            <\/div>                                                        \n                           <a href=\"https:\/\/wolfram-industrie.de\/en\/products\/semi-finished-products\/\"><\/a>         \n\n                    <\/div>\n                <\/div>    \n                            <div class=\"col-3\">\n                    <div class=\"wrapper\">\n\n                        \n                            \n                            <img decoding=\"async\" src=\"https:\/\/wolfram-industrie.de\/wp-content\/uploads\/2022\/06\/wolfram-industrie_Podukte_Tungstitt.jpg\" \/>\n                            \n                            <div class=\"rhombus bg-green\"><\/div>\n                            <div class=\"inner-rhombus produkt-headline\">\n                                <h2>Tungstit<\/h2>\n                            <\/div>                                                        \n                           <a href=\"https:\/\/wolfram-industrie.de\/en\/products\/tungstit\/\"><\/a>         \n\n                    <\/div>\n                <\/div>    \n                            <div class=\"col-3\">\n                    <div class=\"wrapper\">\n\n                        \n                            \n                            <img decoding=\"async\" src=\"https:\/\/wolfram-industrie.de\/wp-content\/uploads\/2023\/07\/Wolfram-Industrie_Produkt_Heizelemente.jpg\" \/>\n                            \n                            <div class=\"rhombus bg-green\"><\/div>\n                            <div class=\"inner-rhombus produkt-headline\">\n                                <h2>Heating elements<\/h2>\n                            <\/div>                                                        \n                           <a href=\"https:\/\/wolfram-industrie.de\/en\/products\/heating-elements\/\"><\/a>         \n\n                    <\/div>\n                <\/div>    \n                            <div class=\"col-3\">\n                    <div class=\"wrapper\">\n\n                        \n                            \n                            <img decoding=\"async\" src=\"https:\/\/wolfram-industrie.de\/wp-content\/uploads\/2022\/06\/wolfram-industrie_Podukte_konstruktionsteile_3.jpg\" \/>\n                            \n                            <div class=\"rhombus bg-green\"><\/div>\n                            <div class=\"inner-rhombus produkt-headline\">\n                                <h2>Structural parts<\/h2>\n                            <\/div>                                                        \n                           <a href=\"https:\/\/wolfram-industrie.de\/en\/products\/konstruktionsteile\/\"><\/a>         \n\n                    <\/div>\n                <\/div>    \n                            <div class=\"col-3\">\n                    <div class=\"wrapper\">\n\n                        \n                            \n                            <img decoding=\"async\" src=\"https:\/\/wolfram-industrie.de\/wp-content\/uploads\/2022\/06\/wolfram-industrie_produkte_triamte_schwermetall.jpg\" \/>\n                            \n                            <div class=\"rhombus bg-green\"><\/div>\n                            <div class=\"inner-rhombus produkt-headline\">\n                                <h2>Triamet<\/h2>\n                            <\/div>                                                        \n                           <a href=\"https:\/\/wolfram-industrie.de\/en\/products\/triamet-schwermetall\/\"><\/a>         \n\n                    <\/div>\n                <\/div>    \n                            <div class=\"col-3\">\n                    <div class=\"wrapper\">\n\n                        \n                            \n                            <img decoding=\"async\" src=\"https:\/\/wolfram-industrie.de\/wp-content\/uploads\/2022\/06\/wolfram-industrie_werkstoffe_wolfram_granulat_dotimet.jpg\" \/>\n                            \n                            <div class=\"rhombus bg-green\"><\/div>\n                            <div class=\"inner-rhombus produkt-headline\">\n                                <h2>Dotimet<\/h2>\n                            <\/div>                                                        \n                           <a href=\"https:\/\/wolfram-industrie.de\/en\/products\/dotimet\/\"><\/a>         \n\n                    <\/div>\n                <\/div>    \n                        <\/article>\n                    \n\t\t\t                                   \t                \t\t\t\n\t\t<\/section>","protected":false},"excerpt":{"rendered":"","protected":false},"author":5,"featured_media":0,"parent":841,"menu_order":0,"comment_status":"closed","ping_status":"closed","template":"","meta":{"_acf_changed":false,"footnotes":""},"class_list":["post-1173","page","type-page","status-publish","hentry"],"acf":[],"_links":{"self":[{"href":"https:\/\/wolfram-industrie.de\/en\/wp-json\/wp\/v2\/pages\/1173","targetHints":{"allow":["GET"]}}],"collection":[{"href":"https:\/\/wolfram-industrie.de\/en\/wp-json\/wp\/v2\/pages"}],"about":[{"href":"https:\/\/wolfram-industrie.de\/en\/wp-json\/wp\/v2\/types\/page"}],"author":[{"embeddable":true,"href":"https:\/\/wolfram-industrie.de\/en\/wp-json\/wp\/v2\/users\/5"}],"replies":[{"embeddable":true,"href":"https:\/\/wolfram-industrie.de\/en\/wp-json\/wp\/v2\/comments?post=1173"}],"version-history":[{"count":23,"href":"https:\/\/wolfram-industrie.de\/en\/wp-json\/wp\/v2\/pages\/1173\/revisions"}],"predecessor-version":[{"id":7159,"href":"https:\/\/wolfram-industrie.de\/en\/wp-json\/wp\/v2\/pages\/1173\/revisions\/7159"}],"up":[{"embeddable":true,"href":"https:\/\/wolfram-industrie.de\/en\/wp-json\/wp\/v2\/pages\/841"}],"wp:attachment":[{"href":"https:\/\/wolfram-industrie.de\/en\/wp-json\/wp\/v2\/media?parent=1173"}],"curies":[{"name":"wp","href":"https:\/\/api.w.org\/{rel}","templated":true}]}}