{"id":1167,"date":"2022-01-10T17:18:12","date_gmt":"2022-01-10T16:18:12","guid":{"rendered":"https:\/\/wolfram.laborumgebung.de\/products\/electrodes\/nachschleifservices\/"},"modified":"2023-08-09T13:41:27","modified_gmt":"2023-08-09T11:41:27","slug":"regrinding-service","status":"publish","type":"page","link":"https:\/\/wolfram-industrie.de\/en\/products\/electrodes\/regrinding-service\/","title":{"rendered":"Regrinding service"},"content":{"rendered":"\n \n\n    <section class=\"img-text-combi-produkt header\" style=\"background-image: url('https:\/\/wolfram-industrie.de\/wp-content\/uploads\/2022\/06\/wolfram_industrie-nachschschleifservice-scaled.jpg');position: relative;\">\n        <article>\n\t\t\t <div class=\"rhombus bg-green\">\n\t\t\t\t<div class=\"inner-rhombus\">\n\t\t\t\t<\/div>\n\t\t\t<\/div>\n\t\t\t<div class=\"rhombus-hero\">\t\n\t\t\t\t<div class=\"hero anim anim-left\">\n\t\t\t\t\t<h1>Regrinding service for electrodes<\/h1>\n\t\t\t\t\t<p>Our regrinding service helps your electrodes retain their professional polish<\/p>\n\t\t    \t<\/div>\t\t\t\n        \t<\/div>\n\t\t<\/article>\n    <\/section>\n\n\n\n<div class=\"breadcrumbs align bg-grey wp-block-bcn-breadcrumb-trail has-text-color has-background\" vocab=\"https:\/\/schema.org\/\" typeof=\"BreadcrumbList\">\n\t<span><\/span>\n\t<span property=\"itemListElement\" typeof=\"ListItem\"><a property=\"item\" typeof=\"WebPage\" title=\"Go to Service- und Qualit\u00e4tsmarktf\u00fchrer f\u00fcr Wolfram - More than just Tungsten.\" href=\"https:\/\/wolfram-industrie.de\/en\/\" class=\"home\" aria-current=\"page\"><span property=\"name\">Service- und Qualit\u00e4tsmarktf\u00fchrer f\u00fcr Wolfram &#8211; More than just Tungsten<\/span><\/a><meta property=\"position\" content=\"1\"><\/span><\/div>\n\n\n\n\n\n        <section class=\"text-info-col-2 intro bg-grey\">\n\t\t\t<article>\t\t\t\t\n\t\t\t\t\t  \t\t<div class=\"col-8 fullwidth\">\n\t\t\t\t\t<div class=\"produkt-text\">\n\t\t\t\t\t\t<h2>Affordable professional regrinding to maintain top quality<\/h2>\n<p>Our professional regrinding service means continued high quality, both electrodes and welding processes alike. Try to regrind them on site and you\u2019ll waste resources, manpower and money.<\/p>\n<p><strong>9 advantages of our regrinding service:<\/strong><\/p>\n<ul>\n<li>Exceptional regrinding &#8211; the same quality standards as our manufacturing<\/li>\n<li>Triples the service life compared to self-grinding<\/li>\n<li>Eliminates the need for conventional regrinding<\/li>\n<li>The higher the electrode quality, the finer the end product<\/li>\n<li>You free up personnel and save time, effort and money for the company<\/li>\n<li>Eliminate all the overheads for in-house sanders at a stroke<\/li>\n<li>Scope to select and dispose of any reject material with the highest accuracy<\/li>\n<li>We take individual customer requests into account<\/li>\n<li>We deliver from a minimum batch size of just 100 pcs.<\/li>\n<\/ul>\n                    <\/div>\t\t\t\t\t\n\t\t\t\t<\/div>\t\n\t\t\t\t\t\t\t\n\t\t\t\t\n\t\t\t\t\t<\/article>\n\t\t<\/section>\n\n\n\n\n\n        <section class=\"text-info-col-2 intro \">\n\t\t\t<article>\t\t\t\t\n\t\t\t\t\t\t\t<div class=\"col-5 headlineaside\">\n\t\t\t\t\t<h2>\n\t\t\t\t\t\tHigher quality:<br \/>\r\nProfessionally ground electrodes\t\t\t\t\t<\/h2>                   \t\t\t\t\n\t\t\t\t<\/div>\t\n\t\t  \t\t<div class=\"col-7\">\n\t\t\t\t\t<div class=\"produkt-text\">\n\t\t\t\t\t\t<p>Professional grinding is the only way to ensure high-precision welding processes with consistently high industrial quality. Our CNC-ground electrodes streamline the process, are usable for longer and ensure a technically consistent and reliable production process.<\/p>\n<p>Specific grinding geometry further boosts the tool life and grinding quality. And likewise, the careful selection of electrodes for further processing. When the screening finds pieces unusable due to being heavily soiled, bent or broken, they are removed and fed into the recycling system.<\/p>\n                    <\/div>\t\t\t\t\t\n\t\t\t\t<\/div>\t\n\t\t\t\t\t\t\t\n\t\t\t\t\n\t\t\t\t\t<\/article>\n\t\t<\/section>\n\n\n\n\n\n        <section class=\"text-info-col-2 intro \">\n\t\t\t<article>\t\t\t\t\n\t\t\t\t\t\t\t<div class=\"col-5 headlineaside\">\n\t\t\t\t\t<h2>\n\t\t\t\t\t\tHigher profitability:<br \/>\r\nSave on money, time and resources\t\t\t\t\t<\/h2>                   \t\t\t\t\n\t\t\t\t<\/div>\t\n\t\t  \t\t<div class=\"col-7\">\n\t\t\t\t\t<div class=\"produkt-text\">\n\t\t\t\t\t\t<p>Companies save all three with our regrinding service. When the bigger picture and the economic efficiency of the overall process matters, top-quality grinding is how you gain a decisive product advantage.<\/p>\n<p>There are huge differences between conventional and machine-industrial grinding on a CNC machine. The enormous impact on tool life for one thing. Our machine reground electrodes tend to be two to three times more usable compared to manual on-site regrinding. And don&#8217;t forget: Companies can also save on in-house overheads. You can eliminate grinding wheels, consumables, logistics and floor space for in-house grinding equipment at a stroke. Smoothing and streamlining the process in every sense.<\/p>\n                    <\/div>\t\t\t\t\t\n\t\t\t\t<\/div>\t\n\t\t\t\t\t\t\t\n\t\t\t\t\n\t\t\t\t\t<\/article>\n\t\t<\/section>\n\n\n\n\n\n        <section class=\"text-info-col-2 intro \">\n\t\t\t<article>\t\t\t\t\n\t\t\t\t\t\t\t<div class=\"col-5 headlineaside\">\n\t\t\t\t\t<h2>\n\t\t\t\t\t\tGreater process efficiency:<br \/>\r\nOptimising by outsourcing\t\t\t\t\t<\/h2>                   \t\t\t\t\n\t\t\t\t<\/div>\t\n\t\t  \t\t<div class=\"col-7\">\n\t\t\t\t\t<div class=\"produkt-text\">\n\t\t\t\t\t\t<p>Companies need optimised process chains. We thoroughly examine each step of the process for quality and efficiency &#8211; particularly when it comes to potential in- or outsourcing of certain sub-processes. Clearly, the following applies when you regrind electrodes: Outsourced regrinding of industrial machines outperforms conventional in-house grinding. When we tally up the costs for the labour and equipment involved in internal grinding, they exceeded what our professional grinding service cost.<\/p>\n<p>We can keep things perfectly precise too, even for smaller process steps, such as sorting heavily contaminated or damaged parts. And that\u2019s how we avoid unnecessary work steps or premature rejection and keep the overall manufacturing process as streamlined as possible. Doing this turns a process variable into a constant and reliable process benchmark.<\/p>\n                    <\/div>\t\t\t\t\t\n\t\t\t\t<\/div>\t\n\t\t\t\t\t\t\t\n\t\t\t\t\n\t\t\t\t\t<\/article>\n\t\t<\/section>\n\n\n\n\n\n        <section class=\"text-info-col-2 intro \">\n\t\t\t<article>\t\t\t\t\n\t\t\t\t\t\t\t<div class=\"col-5 headlineaside\">\n\t\t\t\t\t<h2>\n\t\t\t\t\t\tOptimise resource-saving:<br \/>\r\nDeploy your personnel more efficiently\t\t\t\t\t<\/h2>                   \t\t\t\t\n\t\t\t\t<\/div>\t\n\t\t  \t\t<div class=\"col-7\">\n\t\t\t\t\t<div class=\"produkt-text\">\n\t\t\t\t\t\t<p>Every company wants to use its employees, materials, time and space as efficiently as possible. Look no further than our machine-industrial grinding service for electrodes to help you along the way.<\/p>\n<p>Especially when it comes to employees and time taken: Remember &#8211; regrinding is a highly specialist area. It is laborious and requires focus and concentration. You can expect regrinding 20 electrodes to take between 15 and 30 minutes. Outsourcing this means you can free up more personnel capacities to boost your manufacturing front-line revenue. True to the motto: Welding wins over grinding.<\/p>\n                    <\/div>\t\t\t\t\t\n\t\t\t\t<\/div>\t\n\t\t\t\t\t\t\t\n\t\t\t\t\n\t\t\t\t\t<\/article>\n\t\t<\/section>\n\n\n\n\n\n        <section class=\"text-info-col-2 intro \">\n\t\t\t<article>\t\t\t\t\n\t\t\t\t\t\t\t<div class=\"col-5 headlineaside\">\n\t\t\t\t\t<h2>\n\t\t\t\t\t\tHigher service quality:<br \/>\r\nScope to meet more individual requirements\t\t\t\t\t<\/h2>                   \t\t\t\t\n\t\t\t\t<\/div>\t\n\t\t  \t\t<div class=\"col-7\">\n\t\t\t\t\t<div class=\"produkt-text\">\n\t\t\t\t\t\t<p>Customers can leave all the regrinding work steps to use &#8211; or we simply refine and simplify the process as far as possible. And we keep customer wishes top of mind at all times. Depending on those wishes, we can use special cleaning agents, a specific grinding angle or package the reground electrodes in desired qualities or quantities to suit.<\/p>\n<p>We can even track our reground electrodes once shipped. Using a laser code lets us trace back any special features or problems to the original batch and systematically eliminate them as required. Our regrinding processes comply with all ROHS, REACH and 3T conformity requirements too.<\/p>\n<p><a class=\"btn\" href=\"\/wp-content\/uploads\/2023\/08\/wolfram-industrie-regrinding-service-en.pdf\" target=\"_blank\" rel=\"noopener\">Regrinding service flyer (pdf)<\/a><\/p>\n                    <\/div>\t\t\t\t\t\n\t\t\t\t<\/div>\t\n\t\t\t\t\t\t\t\n\t\t\t\t\n\t\t\t\t\t<\/article>\n\t\t<\/section>\n\n\n\n\n\n        <section class=\"text-info-col-2 intro \">\n\t\t\t<article>\t\t\t\t\n\t\t\t\t\t\t\t<div class=\"col-8 fullwidth linklist grey\">\n\t\t\t\t\t                            <ul>\n                                                            <li>\n                                    <a href=\"https:\/\/wolfram-industrie.de\/en\/products\/electrodes\/tig-welding-electrodes\/\">TIG welding electrodes<\/a>\n                                <\/li>\n                                                            <li>\n                                    <a href=\"https:\/\/wolfram-industrie.de\/en\/products\/electrodes\/orbital-welding-electrodes\/\">Orbital welding electrodes (ORBISTAR\u00ae)<\/a>\n                                <\/li>\n                                                            <li>\n                                    <a href=\"https:\/\/wolfram-industrie.de\/en\/products\/electrodes\/recycling-electrodes\/\">Recycling electrodes<\/a>\n                                <\/li>\n                                                            <li>\n                                    <a href=\"https:\/\/wolfram-industrie.de\/en\/products\/electrodes\/resistance-welding-electrodes\/\">Resistance welding electrodes (TRICONSTANT\u00ae)<\/a>\n                                <\/li>\n                                                            <li>\n                                    <a href=\"https:\/\/wolfram-industrie.de\/en\/products\/electrodes\/electrodes-for-electrical-discharge-machining\/\">Electrodes for electrical discharge machining<\/a>\n                                <\/li>\n                                                        <\/ul>                                            \n                         \n\t\t\t\t\t\n                                           \n                        \n                        \n<\/div>\t\n\t\t\t\t\t\t\t\n\t\t\t\t\n\t\t\t\t\t<\/article>\n\t\t<\/section>\n\n\n\n        <section class=\"img-produkte-col-3\">\n\t\t\t<article class=\"produkt-kategorie\">\n\t\t\t\t<h2>More products<\/h2>\n\t\t\t<\/article>            \n            \n                    <article>\n                            <div class=\"col-3\">\n                    <div class=\"wrapper\">\n\n                        \n                            \n                            <img decoding=\"async\" src=\"https:\/\/wolfram-industrie.de\/wp-content\/uploads\/2022\/06\/wolfram-industrie_Podukte_Halbzeuge.jpg\" \/>\n                            \n                            <div class=\"rhombus bg-green\"><\/div>\n                            <div class=\"inner-rhombus produkt-headline\">\n                                <h2>Semi-finished products<\/h2>\n                            <\/div>                                                        \n                           <a href=\"https:\/\/wolfram-industrie.de\/en\/products\/semi-finished-products\/\"><\/a>         \n\n                    <\/div>\n                <\/div>    \n                            <div class=\"col-3\">\n                    <div class=\"wrapper\">\n\n                        \n                            \n                            <img decoding=\"async\" src=\"https:\/\/wolfram-industrie.de\/wp-content\/uploads\/2022\/06\/wolfram-industrie_Podukte_Tungstitt.jpg\" \/>\n                            \n                            <div class=\"rhombus bg-green\"><\/div>\n                            <div class=\"inner-rhombus produkt-headline\">\n                                <h2>Tungstit<\/h2>\n                            <\/div>                                                        \n                           <a href=\"\/en\/products\/tungstit\/\"><\/a>         \n\n                    <\/div>\n                <\/div>    \n                            <div class=\"col-3\">\n                    <div class=\"wrapper\">\n\n                        \n                            \n                            <img decoding=\"async\" src=\"https:\/\/wolfram-industrie.de\/wp-content\/uploads\/2023\/07\/Wolfram-Industrie_Produkt_Heizelemente.jpg\" \/>\n                            \n                            <div class=\"rhombus bg-green\"><\/div>\n                            <div class=\"inner-rhombus produkt-headline\">\n                                <h2>Heating elements<\/h2>\n                            <\/div>                                                        \n                           <a href=\"https:\/\/wolfram-industrie.de\/en\/products\/heating-elements\/\"><\/a>         \n\n                    <\/div>\n                <\/div>    \n                            <div class=\"col-3\">\n                    <div class=\"wrapper\">\n\n                        \n                            \n                            <img decoding=\"async\" src=\"https:\/\/wolfram-industrie.de\/wp-content\/uploads\/2022\/06\/wolfram-industrie_Podukte_konstruktionsteile_3.jpg\" \/>\n                            \n                            <div class=\"rhombus bg-green\"><\/div>\n                            <div class=\"inner-rhombus produkt-headline\">\n                                <h2>Structural parts<\/h2>\n                            <\/div>                                                        \n                           <a href=\"\/en\/products\/structural-parts\/\"><\/a>         \n\n                    <\/div>\n                <\/div>    \n                            <div class=\"col-3\">\n                    <div class=\"wrapper\">\n\n                        \n                            \n                            <img decoding=\"async\" src=\"https:\/\/wolfram-industrie.de\/wp-content\/uploads\/2022\/06\/wolfram-industrie_produkte_triamte_schwermetall.jpg\" \/>\n                            \n                            <div class=\"rhombus bg-green\"><\/div>\n                            <div class=\"inner-rhombus produkt-headline\">\n                                <h2>Triamet<\/h2>\n                            <\/div>                                                        \n                           <a href=\"\/en\/products\/triamet-heavy-metal\/\"><\/a>         \n\n                    <\/div>\n                <\/div>    \n                            <div class=\"col-3\">\n                    <div class=\"wrapper\">\n\n                        \n                            \n                            <img decoding=\"async\" src=\"https:\/\/wolfram-industrie.de\/wp-content\/uploads\/2022\/06\/wolfram-industrie_werkstoffe_wolfram_granulat_dotimet.jpg\" \/>\n                            \n                            <div class=\"rhombus bg-green\"><\/div>\n                            <div class=\"inner-rhombus produkt-headline\">\n                                <h2>Dotimet<\/h2>\n                            <\/div>                                                        \n                           <a href=\"https:\/\/wolfram-industrie.de\/en\/products\/dotimet\/\"><\/a>         \n\n                    <\/div>\n                <\/div>    \n                        <\/article>\n                    \n\t\t\t                                   \t                \t\t\t\n\t\t<\/section>","protected":false},"excerpt":{"rendered":"","protected":false},"author":5,"featured_media":0,"parent":841,"menu_order":0,"comment_status":"closed","ping_status":"closed","template":"","meta":{"_acf_changed":false,"footnotes":""},"class_list":["post-1167","page","type-page","status-publish","hentry"],"acf":[],"_links":{"self":[{"href":"https:\/\/wolfram-industrie.de\/en\/wp-json\/wp\/v2\/pages\/1167","targetHints":{"allow":["GET"]}}],"collection":[{"href":"https:\/\/wolfram-industrie.de\/en\/wp-json\/wp\/v2\/pages"}],"about":[{"href":"https:\/\/wolfram-industrie.de\/en\/wp-json\/wp\/v2\/types\/page"}],"author":[{"embeddable":true,"href":"https:\/\/wolfram-industrie.de\/en\/wp-json\/wp\/v2\/users\/5"}],"replies":[{"embeddable":true,"href":"https:\/\/wolfram-industrie.de\/en\/wp-json\/wp\/v2\/comments?post=1167"}],"version-history":[{"count":20,"href":"https:\/\/wolfram-industrie.de\/en\/wp-json\/wp\/v2\/pages\/1167\/revisions"}],"predecessor-version":[{"id":5047,"href":"https:\/\/wolfram-industrie.de\/en\/wp-json\/wp\/v2\/pages\/1167\/revisions\/5047"}],"up":[{"embeddable":true,"href":"https:\/\/wolfram-industrie.de\/en\/wp-json\/wp\/v2\/pages\/841"}],"wp:attachment":[{"href":"https:\/\/wolfram-industrie.de\/en\/wp-json\/wp\/v2\/media?parent=1167"}],"curies":[{"name":"wp","href":"https:\/\/api.w.org\/{rel}","templated":true}]}}