{"id":1151,"date":"2022-02-02T10:59:43","date_gmt":"2022-02-02T09:59:43","guid":{"rendered":"https:\/\/wolfram.laborumgebung.de\/company\/unternehmensphilosophie\/"},"modified":"2023-08-03T16:21:18","modified_gmt":"2023-08-03T14:21:18","slug":"philosophy","status":"publish","type":"page","link":"https:\/\/wolfram-industrie.de\/en\/company\/philosophy\/","title":{"rendered":"Philosophy"},"content":{"rendered":"\n \n\n    <section class=\"img-text-combi-produkt header\" style=\"background-image: url('https:\/\/wolfram-industrie.de\/wp-content\/uploads\/2022\/05\/wolfram-industrie_unternehmen_philosophie_2-scaled.jpg');position: relative;\">\n        <article>\n\t\t\t <div class=\"rhombus bg-green\">\n\t\t\t\t<div class=\"inner-rhombus\">\n\t\t\t\t<\/div>\n\t\t\t<\/div>\n\t\t\t<div class=\"rhombus-hero\">\t\n\t\t\t\t<div class=\"hero anim anim-left\">\n\t\t\t\t\t<h1>Our company philosophy<\/h1>\n\t\t\t\t\t<p>Genuine relationships with our customers, employees and suppliers go to the core of what we do.<\/p>\n\t\t    \t<\/div>\t\t\t\n        \t<\/div>\n\t\t<\/article>\n    <\/section>\n\n\n\n<div class=\"breadcrumbs align  wp-block-bcn-breadcrumb-trail has-text-color has-background\" vocab=\"https:\/\/schema.org\/\" typeof=\"BreadcrumbList\">\n\t<span><\/span>\n\t<span property=\"itemListElement\" typeof=\"ListItem\"><a property=\"item\" typeof=\"WebPage\" title=\"Go to Service- und Qualit\u00e4tsmarktf\u00fchrer f\u00fcr Wolfram - More than just Tungsten.\" href=\"https:\/\/wolfram-industrie.de\/en\/\" class=\"home\" aria-current=\"page\"><span property=\"name\">Service- und Qualit\u00e4tsmarktf\u00fchrer f\u00fcr Wolfram &#8211; More than just Tungsten<\/span><\/a><meta property=\"position\" content=\"1\"><\/span><\/div>\n\n\n\n\n\n        <section class=\"text-info-col-2 intro \">\n\t\t\t<article>\t\t\t\t\n\t\t\t\t\t  \t\t<div class=\"col-8 fullwidth\">\n\t\t\t\t\t<div class=\"produkt-text\">\n\t\t\t\t\t\t<h2>For Wolfram Industrie, both people and nature are crucial<\/h2>\n<p>As a company that manufactures high-performance tungsten materials for demanding industry applications, we take our role towards people and the environment very seriously.<\/p>\n<p>We want to be the global service and quality market leader when it comes to the finest tungsten-based products. We can only live up to this claim if our approach across the board, from development to the delivery of finished parts, aligns with what our customers want and expect.<\/p>\n                    <\/div>\t\t\t\t\t\n\t\t\t\t<\/div>\t\n\t\t\t\t\t\t\t\n\t\t\t\t\n\t\t\t\t\t<\/article>\n\t\t<\/section>\n\n\n\n    <section class=\"zitat withsvg\">\n\t\t<article>\n\t\t\t\t\t\t\t<div class=\"flex-item centered\">\n\t\t\t\t  <div class=\"col-3\">\n\t\t\t\t\t<svg class=\"anim anim-left\" version=\"1.1\" viewBox=\"0 0 603.89 221.67\" xml:space=\"preserve\" xmlns=\"http:\/\/www.w3.org\/2000\/svg\">\n\t\t\t\t\t  <g id=\"start_raute\" transform=\"translate(-67.887 -88.673)\">\n\t\t\t\t\t\t<path d=\"m405.9 307.4-332.3 0.8 250.7-217.4 341.6 0.6z\"><\/path>\n\t\t\t\t\t  <\/g>\n\t\t\t\t\t  <\/svg>\n\t\t\t\t  <\/div>\n\t\t\t\t   <div class=\"col-2\">\n\t\t\t\t\t<div class=\"zitat-inner anim anim-left\">\n\t\t\t\t\t  We speak to customers in their language.<br \/>\r\nWe forge relations of trust with our customers.<br \/>\r\nWe agree with a handshake. \t\t\t\t\t  \t\t\t\t\t<\/div>\n\t\t\t\t  <\/div>\n\t\t\t\t<\/div>\n\t\t\t        <\/article>\n    <\/section>\n\n\n\n\n        <section class=\"text-info-col-2 intro \">\n\t\t\t<article>\t\t\t\t\n\t\t\t\t\t\t\t<div class=\"col-5 headlineaside\">\n\t\t\t\t\t<h2>\n\t\t\t\t\t\t\t\t\t\t\t<\/h2>                   \t\t\t\t\n\t\t\t\t<\/div>\t\n\t\t  \t\t<div class=\"col-7\">\n\t\t\t\t\t<div class=\"produkt-text\">\n\t\t\t\t\t\t<img loading=\"lazy\" decoding=\"async\" class=\"alignnone wp-image-3598 size-full\" src=\"https:\/\/wolfram-industrie.de\/wp-content\/uploads\/2023\/06\/wolfram-industrie-unternehmen-philosophie_1-1.jpg\" alt=\"Wolfram Industrie Philosophie\" width=\"1350\" height=\"900\" srcset=\"https:\/\/wolfram-industrie.de\/wp-content\/uploads\/2023\/06\/wolfram-industrie-unternehmen-philosophie_1-1.jpg 1350w, https:\/\/wolfram-industrie.de\/wp-content\/uploads\/2023\/06\/wolfram-industrie-unternehmen-philosophie_1-1-300x200.jpg 300w, https:\/\/wolfram-industrie.de\/wp-content\/uploads\/2023\/06\/wolfram-industrie-unternehmen-philosophie_1-1-1024x683.jpg 1024w, https:\/\/wolfram-industrie.de\/wp-content\/uploads\/2023\/06\/wolfram-industrie-unternehmen-philosophie_1-1-768x512.jpg 768w\" sizes=\"auto, (max-width: 1350px) 100vw, 1350px\" \/>\n                    <\/div>\t\t\t\t\t\n\t\t\t\t<\/div>\t\n\t\t\t\t\t\t\t\n\t\t\t\t\n\t\t\t\t\t<\/article>\n\t\t<\/section>\n\n\n\n\n\n        <section class=\"text-info-col-2 intro \">\n\t\t\t<article>\t\t\t\t\n\t\t\t\t\t  \t\t<div class=\"col-8 fullwidth\">\n\t\t\t\t\t<div class=\"produkt-text\">\n\t\t\t\t\t\t<p>We are aware that our success depends on the commitment of those who strive daily on our customers&#8217; product ideas and develop solutions collectively by opening up new and unprecedented worlds of discovery.<\/p>\n                    <\/div>\t\t\t\t\t\n\t\t\t\t<\/div>\t\n\t\t\t\t\t\t\t\n\t\t\t\t\n\t\t\t\t\t<\/article>\n\t\t<\/section>\n\n\n\n    <section class=\"zitat withsvg\">\n\t\t<article>\n\t\t\t\t\t\t\t<div class=\"flex-item centered\">\n\t\t\t\t  <div class=\"col-3\">\n\t\t\t\t\t<svg class=\"anim anim-left\" version=\"1.1\" viewBox=\"0 0 603.89 221.67\" xml:space=\"preserve\" xmlns=\"http:\/\/www.w3.org\/2000\/svg\">\n\t\t\t\t\t  <g id=\"start_raute\" transform=\"translate(-67.887 -88.673)\">\n\t\t\t\t\t\t<path d=\"m405.9 307.4-332.3 0.8 250.7-217.4 341.6 0.6z\"><\/path>\n\t\t\t\t\t  <\/g>\n\t\t\t\t\t  <\/svg>\n\t\t\t\t  <\/div>\n\t\t\t\t   <div class=\"col-2\">\n\t\t\t\t\t<div class=\"zitat-inner anim anim-left\">\n\t\t\t\t\t  We ensure a clear channel of communication with all employees.<br \/>\r\nWe build loyal relationships with each other.<br \/>\r\nWe give people a future-proof perspective. \t\t\t\t\t  \t\t\t\t\t<\/div>\n\t\t\t\t  <\/div>\n\t\t\t\t<\/div>\n\t\t\t        <\/article>\n    <\/section>\n\n\n\n\n        <section class=\"text-info-col-2 intro \">\n\t\t\t<article>\t\t\t\t\n\t\t\t\t\t\t\t<div class=\"col-5 headlineaside\">\n\t\t\t\t\t<h2>\n\t\t\t\t\t\t\t\t\t\t\t<\/h2>                   \t\t\t\t\n\t\t\t\t<\/div>\t\n\t\t  \t\t<div class=\"col-7\">\n\t\t\t\t\t<div class=\"produkt-text\">\n\t\t\t\t\t\t<img loading=\"lazy\" decoding=\"async\" class=\"alignnone wp-image-3601 size-full\" src=\"https:\/\/wolfram-industrie.de\/wp-content\/uploads\/2023\/06\/wolfram-industrie-unternehmen-philosophie_2.jpg\" alt=\"\" width=\"1350\" height=\"900\" \/>\n                    <\/div>\t\t\t\t\t\n\t\t\t\t<\/div>\t\n\t\t\t\t\t\t\t\n\t\t\t\t\n\t\t\t\t\t<\/article>\n\t\t<\/section>\n\n\n\n\n\n        <section class=\"text-info-col-2 intro \">\n\t\t\t<article>\t\t\t\t\n\t\t\t\t\t  \t\t<div class=\"col-8 fullwidth\">\n\t\t\t\t\t<div class=\"produkt-text\">\n\t\t\t\t\t\t<p>Procuring the raw materials required, the increasingly global relationships with our customers and climate change are constantly presenting us with new challenges. We want to meet these at various levels and align our entrepreneurial actions accordingly.<\/p>\n                    <\/div>\t\t\t\t\t\n\t\t\t\t<\/div>\t\n\t\t\t\t\t\t\t\n\t\t\t\t\n\t\t\t\t\t<\/article>\n\t\t<\/section>\n\n\n\n    <section class=\"zitat withsvg\">\n\t\t<article>\n\t\t\t\t\t\t\t<div class=\"flex-item centered\">\n\t\t\t\t  <div class=\"col-3\">\n\t\t\t\t\t<svg class=\"anim anim-left\" version=\"1.1\" viewBox=\"0 0 603.89 221.67\" xml:space=\"preserve\" xmlns=\"http:\/\/www.w3.org\/2000\/svg\">\n\t\t\t\t\t  <g id=\"start_raute\" transform=\"translate(-67.887 -88.673)\">\n\t\t\t\t\t\t<path d=\"m405.9 307.4-332.3 0.8 250.7-217.4 341.6 0.6z\"><\/path>\n\t\t\t\t\t  <\/g>\n\t\t\t\t\t  <\/svg>\n\t\t\t\t  <\/div>\n\t\t\t\t   <div class=\"col-2\">\n\t\t\t\t\t<div class=\"zitat-inner anim anim-left\">\n\t\t\t\t\t  We understand our role as an industrial company in environmental protection.<br \/>\r\nWe consider our sustainable approach, both bigger picture and down to the finest detail.<br \/>\r\nWe follow important guidelines and comply with ecological standards.\t\t\t\t\t  \t\t\t\t\t<\/div>\n\t\t\t\t  <\/div>\n\t\t\t\t<\/div>\n\t\t\t        <\/article>\n    <\/section>\n\n\n\n\n        <section class=\"text-info-col-2 intro \">\n\t\t\t<article>\t\t\t\t\n\t\t\t\t\t\t\t<div class=\"col-5 headlineaside\">\n\t\t\t\t\t<h2>\n\t\t\t\t\t\t\t\t\t\t\t<\/h2>                   \t\t\t\t\n\t\t\t\t<\/div>\t\n\t\t  \t\t<div class=\"col-7\">\n\t\t\t\t\t<div class=\"produkt-text\">\n\t\t\t\t\t\t<img loading=\"lazy\" decoding=\"async\" class=\"alignnone wp-image-3614 size-full\" src=\"https:\/\/wolfram-industrie.de\/wp-content\/uploads\/2023\/06\/wolfram-industrie-unternehmen-philosophie_3.jpg\" alt=\"Wolfram Industrie Philosophie\" width=\"1350\" height=\"900\" srcset=\"https:\/\/wolfram-industrie.de\/wp-content\/uploads\/2023\/06\/wolfram-industrie-unternehmen-philosophie_3.jpg 1350w, https:\/\/wolfram-industrie.de\/wp-content\/uploads\/2023\/06\/wolfram-industrie-unternehmen-philosophie_3-300x200.jpg 300w, https:\/\/wolfram-industrie.de\/wp-content\/uploads\/2023\/06\/wolfram-industrie-unternehmen-philosophie_3-1024x683.jpg 1024w, https:\/\/wolfram-industrie.de\/wp-content\/uploads\/2023\/06\/wolfram-industrie-unternehmen-philosophie_3-768x512.jpg 768w\" sizes=\"auto, (max-width: 1350px) 100vw, 1350px\" \/>\n                    <\/div>\t\t\t\t\t\n\t\t\t\t<\/div>\t\n\t\t\t\t\t\t\t\n\t\t\t\t\n\t\t\t\t\t<\/article>\n\t\t<\/section>\n","protected":false},"excerpt":{"rendered":"","protected":false},"author":5,"featured_media":0,"parent":785,"menu_order":0,"comment_status":"closed","ping_status":"closed","template":"","meta":{"_acf_changed":false,"footnotes":""},"class_list":["post-1151","page","type-page","status-publish","hentry"],"acf":[],"_links":{"self":[{"href":"https:\/\/wolfram-industrie.de\/en\/wp-json\/wp\/v2\/pages\/1151","targetHints":{"allow":["GET"]}}],"collection":[{"href":"https:\/\/wolfram-industrie.de\/en\/wp-json\/wp\/v2\/pages"}],"about":[{"href":"https:\/\/wolfram-industrie.de\/en\/wp-json\/wp\/v2\/types\/page"}],"author":[{"embeddable":true,"href":"https:\/\/wolfram-industrie.de\/en\/wp-json\/wp\/v2\/users\/5"}],"replies":[{"embeddable":true,"href":"https:\/\/wolfram-industrie.de\/en\/wp-json\/wp\/v2\/comments?post=1151"}],"version-history":[{"count":14,"href":"https:\/\/wolfram-industrie.de\/en\/wp-json\/wp\/v2\/pages\/1151\/revisions"}],"predecessor-version":[{"id":4644,"href":"https:\/\/wolfram-industrie.de\/en\/wp-json\/wp\/v2\/pages\/1151\/revisions\/4644"}],"up":[{"embeddable":true,"href":"https:\/\/wolfram-industrie.de\/en\/wp-json\/wp\/v2\/pages\/785"}],"wp:attachment":[{"href":"https:\/\/wolfram-industrie.de\/en\/wp-json\/wp\/v2\/media?parent=1151"}],"curies":[{"name":"wp","href":"https:\/\/api.w.org\/{rel}","templated":true}]}}