{"id":1026,"date":"2021-12-02T11:13:06","date_gmt":"2021-12-02T10:13:06","guid":{"rendered":"https:\/\/wolfram.laborumgebung.de\/materials\/molybdaen-und-molybdaenlegierungen\/"},"modified":"2023-08-07T15:37:28","modified_gmt":"2023-08-07T13:37:28","slug":"molybdaen-und-molybdaen-alloys","status":"publish","type":"page","link":"https:\/\/wolfram-industrie.de\/en\/materials\/molybdaen-und-molybdaen-alloys\/","title":{"rendered":"Molybdenum and Molybdenum Alloys"},"content":{"rendered":"\n \n\n    <section class=\"img-text-combi-produkt header\" style=\"background-image: url('https:\/\/wolfram-industrie.de\/wp-content\/uploads\/2022\/05\/wolfram-industrie_werkstoffe__molybdaen_molybdaenlegierungen-1-scaled.jpg');position: relative;\">\n        <article>\n\t\t\t <div class=\"rhombus bg-green\">\n\t\t\t\t<div class=\"inner-rhombus\">\n\t\t\t\t<\/div>\n\t\t\t<\/div>\n\t\t\t<div class=\"rhombus-hero\">\t\n\t\t\t\t<div class=\"hero anim anim-left\">\n\t\t\t\t\t<h1>Molybdenum &amp; molybdenum alloys<br \/>\r\nMetal with a dazzling array of attributes<\/h1>\n\t\t\t\t\t<p>Wide-ranging industries rely on our molybdenum products.<\/p>\n\t\t    \t<\/div>\t\t\t\n        \t<\/div>\n\t\t<\/article>\n    <\/section>\n\n\n\n<div class=\"breadcrumbs align  wp-block-bcn-breadcrumb-trail has-text-color has-background\" vocab=\"https:\/\/schema.org\/\" typeof=\"BreadcrumbList\">\n\t<span><\/span>\n\t<span property=\"itemListElement\" typeof=\"ListItem\"><a property=\"item\" typeof=\"WebPage\" title=\"Go to Service- und Qualit\u00e4tsmarktf\u00fchrer f\u00fcr Wolfram - More than just Tungsten.\" href=\"https:\/\/wolfram-industrie.de\/en\/\" class=\"home\" aria-current=\"page\"><span property=\"name\">Service- und Qualit\u00e4tsmarktf\u00fchrer f\u00fcr Wolfram &#8211; More than just Tungsten<\/span><\/a><meta property=\"position\" content=\"1\"><\/span><\/div>\n\n\n\n\n\n        <section class=\"text-info-col-2 intro \">\n\t\t\t<article>\t\t\t\t\n\t\t\t\t\t  \t\t<div class=\"col-8 fullwidth\">\n\t\t\t\t\t<div class=\"produkt-text\">\n\t\t\t\t\t\t<h2>Molybdenum &#8211; not a second choice but an underestimated all-rounder<\/h2>\n<p>Molybdenum as a metal is not quite as well known as tungsten. It has a lower melting point and is commonly used in the following industries:<\/p>\n<ul>\n<li>Lighting industry<\/li>\n<li>Glass industry<\/li>\n<li>As a heating element or for furnace construction<\/li>\n<\/ul>\n<p>Molybdenum is a 5th period transition metal. The high-strength, tough and hard metal is a glossy, silvery white. It has the highest melting point of all the 5th-period elements. And while still a very hard metal, it is softer and more ductile than tungsten. Just like its big brother tungsten, it is impervious to reducing acids (even hydrofluoric acid).<\/p>\n<p>Oxidising acids such as hot, concentrated sulphuric acid, nitric acid or nitrohydrochloric acid (aqua regia) lead to high removal rates. Molybdenum is also not resistant to oxidising molten alkalis.<\/p>\n                    <\/div>\t\t\t\t\t\n\t\t\t\t<\/div>\t\n\t\t\t\t\t\t\t\n\t\t\t\t\n\t\t\t\t\t<\/article>\n\t\t<\/section>\n\n\n\n\n\n        <section class=\"text-info-col-2 intro \">\n\t\t\t<article>\t\t\t\t\n\t\t\t\t\t\t\t<div class=\"col-5 headlineaside\">\n\t\t\t\t\t<h2>\n\t\t\t\t\t\tMolybdenum \u2013 physical properties\t\t\t\t\t<\/h2>                   \t\t\t\t\n\t\t\t\t<\/div>\t\n\t\t  \t\t<div class=\"col-7\">\n\t\t\t\t\t<div class=\"produkt-text\">\n\t\t\t\t\t\t<img loading=\"lazy\" decoding=\"async\" width=\"850\" height=\"474\" class=\"alignnone size-full wp-image-477\" src=\"https:\/\/wolfram-industrie.de\/wp-content\/uploads\/2022\/01\/wolfram-industrie-phe-molybdaen-tabelle-04-2017.png\" alt=\"Physikalische Eigenschaften Molybd\u00e4n\" srcset=\"https:\/\/wolfram-industrie.de\/wp-content\/uploads\/2022\/01\/wolfram-industrie-phe-molybdaen-tabelle-04-2017.png 850w, https:\/\/wolfram-industrie.de\/wp-content\/uploads\/2022\/01\/wolfram-industrie-phe-molybdaen-tabelle-04-2017-300x167.png 300w, https:\/\/wolfram-industrie.de\/wp-content\/uploads\/2022\/01\/wolfram-industrie-phe-molybdaen-tabelle-04-2017-768x428.png 768w\" sizes=\"auto, (max-width: 850px) 100vw, 850px\" \/>\n                    <\/div>\t\t\t\t\t\n\t\t\t\t<\/div>\t\n\t\t\t\t\t\t\t\n\t\t\t\t\n\t\t\t\t\t<\/article>\n\t\t<\/section>\n\n\n\n\n\n        <section class=\"text-info-col-2 intro \">\n\t\t\t<article>\t\t\t\t\n\t\t\t\t\t\t\t<div class=\"col-5 headlineaside\">\n\t\t\t\t\t<h2>\n\t\t\t\t\t\tMolybdenum \u2013 chemical properties\t\t\t\t\t<\/h2>                   \t\t\t\t\n\t\t\t\t<\/div>\t\n\t\t  \t\t<div class=\"col-7\">\n\t\t\t\t\t<div class=\"produkt-text\">\n\t\t\t\t\t\t<img loading=\"lazy\" decoding=\"async\" width=\"840\" height=\"457\" class=\"alignnone size-full wp-image-476\" src=\"https:\/\/wolfram-industrie.de\/wp-content\/uploads\/2022\/01\/wolfram-industrie-che-molybdaen-tab.png\" alt=\"Chemische Eigenschaften Molybd\u00e4n\" srcset=\"https:\/\/wolfram-industrie.de\/wp-content\/uploads\/2022\/01\/wolfram-industrie-che-molybdaen-tab.png 840w, https:\/\/wolfram-industrie.de\/wp-content\/uploads\/2022\/01\/wolfram-industrie-che-molybdaen-tab-300x163.png 300w, https:\/\/wolfram-industrie.de\/wp-content\/uploads\/2022\/01\/wolfram-industrie-che-molybdaen-tab-768x418.png 768w\" sizes=\"auto, (max-width: 840px) 100vw, 840px\" \/>\n                    <\/div>\t\t\t\t\t\n\t\t\t\t<\/div>\t\n\t\t\t\t\t\t\t\n\t\t\t\t\n\t\t\t\t\t<\/article>\n\t\t<\/section>\n\n\n\n    <section class=\"zitat withsvg\">\n\t\t<article>\n\t\t\t\t\t\t\t<div class=\"flex-item centered\">\n\t\t\t\t  <div class=\"col-3\">\n\t\t\t\t\t<svg class=\"anim anim-left\" version=\"1.1\" viewBox=\"0 0 603.89 221.67\" xml:space=\"preserve\" xmlns=\"http:\/\/www.w3.org\/2000\/svg\">\n\t\t\t\t\t  <g id=\"start_raute\" transform=\"translate(-67.887 -88.673)\">\n\t\t\t\t\t\t<path d=\"m405.9 307.4-332.3 0.8 250.7-217.4 341.6 0.6z\"><\/path>\n\t\t\t\t\t  <\/g>\n\t\t\t\t\t  <\/svg>\n\t\t\t\t  <\/div>\n\t\t\t\t   <div class=\"col-2\">\n\t\t\t\t\t<div class=\"zitat-inner anim anim-left\">\n\t\t\t\t\t  &#8220;A materials scientist is someone who can make something out of nothing.&#8221;<br \/>\r\n<br \/>\r\nAlan Cottrell, a British materials scientist \t\t\t\t\t  \t\t\t\t\t<\/div>\n\t\t\t\t  <\/div>\n\t\t\t\t<\/div>\n\t\t\t        <\/article>\n    <\/section>\n\n\n     <section class=\"img-info-col-2  \">\n\t\t<article>\n\t\t\t\t\t\t<div class=\"col-2\">\n\t\t\t\t\t            <div class=\"img\">\n                                            <img decoding=\"async\" src=\"https:\/\/wolfram-industrie.de\/wp-content\/uploads\/2022\/01\/tzm_07R5520.jpg\" alt=\"\" \/>\n                                                    \t\t\t\t\t\n\t\t\t\t<\/div>\t\t\t\t\t\n            <\/div>\n\t\t\t<div class=\"col-2\">\n\t\t\t\t<div class=\"info\">\n\t\t\t\t\t<h2>TZM<\/h2>\n<p>TZM, with a composition of 0.5 percent Ti, 0.08 percent Zr, 0.03 percent C and Mo, is one of the best-known molybdenum alloys around. It is produced either powder metallurgically or via an arc-melting process. Compared to pure molybdenum, it has a higher recrystallisation temperature, is stronger and forms more easily at room temperature. These effects are due to mixed crystal formation between Mo and Ti as well as the precipitation of ZrC as a dispersoid.<\/p>\n<p>TZM can be used in many ways (e.g. in vacuum furnaces, as forging tools, in X-ray technology). It lends itself to applications like these thanks to favourable material properties:<\/p>\n<ul>\n<li>High thermal conductivity<\/li>\n<li>Low vapour pressure<\/li>\n<li>Good resistance against corrosion<\/li>\n<li>Various mechanical processing options<\/li>\n<\/ul>\n<p>Its optimum application temperatures are between 700 and 1400\u00b0C in a non-oxidising atmosphere.<\/p>\n\t\t\t\t<\/div>\n\t\t\t<\/div>\n        <\/article>\n    <\/section>\n\n\n     <section class=\"img-info-col-2  \">\n\t\t<article>\n\t\t\t\t\t\t<div class=\"col-2\">\n\t\t\t\t\t            <div class=\"img\">\n                                            <img decoding=\"async\" src=\"https:\/\/wolfram-industrie.de\/wp-content\/uploads\/2022\/01\/MLA_Slider_Draht_07R5527.jpg\" alt=\"\" \/>\n                                                    \t\t\t\t\t\n\t\t\t\t<\/div>\t\t\t\t\t\n            <\/div>\n\t\t\t<div class=\"col-2\">\n\t\t\t\t<div class=\"info\">\n\t\t\t\t\t<h2>MLa<\/h2>\n<p>The mechanical properties of molybdenum can be effectively boosted through doping with 0.3-0.7% by weight of finely distributed lanthanum oxide particles. Forming a staple fibre structure tremendously increases the strength, ductility, recrystallisation temperature and creep resistance.<\/p>\n<p>MLa can be used at temperatures of up to 1800\u00b0C. Typical applications include heating conductors, lighting technology, sintering boats and furnace construction.<\/p>\n\t\t\t\t<\/div>\n\t\t\t<\/div>\n        <\/article>\n    <\/section>\n\n\n        <section class=\"img-produkte-col-3\">\n\t\t\t<article class=\"produkt-kategorie\">\n\t\t\t\t<h2>More materials<\/h2>\n\t\t\t<\/article>            \n            \n                    <article>\n                            <div class=\"col-3\">\n                    <div class=\"wrapper\">\n\n                        \n                            \n                            <img decoding=\"async\" src=\"https:\/\/wolfram-industrie.de\/wp-content\/uploads\/2023\/07\/Wolfram-Industrie_Werkstoffe_Wolframlegierungen-1.jpg\" \/>\n                            \n                            <div class=\"rhombus bg-green\"><\/div>\n                            <div class=\"inner-rhombus produkt-headline\">\n                                <h2>Tungsten and Tungsten Alloys<\/h2>\n                            <\/div>                                                        \n                           <a href=\"https:\/\/wolfram-industrie.de\/en\/materials\/tungsten-and-tungsten-alloys\/\"><\/a>         \n\n                    <\/div>\n                <\/div>    \n                            <div class=\"col-3\">\n                    <div class=\"wrapper\">\n\n                        \n                            \n                            <img decoding=\"async\" src=\"https:\/\/wolfram-industrie.de\/wp-content\/uploads\/2022\/06\/wolfram-industriewerkstoffe_wolfram_granulat_dotimet_3.jpg\" \/>\n                            \n                            <div class=\"rhombus bg-green\"><\/div>\n                            <div class=\"inner-rhombus produkt-headline\">\n                                <h2>DOTIMET\u00ae Tungsten granulate<\/h2>\n                            <\/div>                                                        \n                           <a href=\"https:\/\/wolfram-industrie.de\/en\/materials\/dotimet-wolframgranulat\/\"><\/a>         \n\n                    <\/div>\n                <\/div>    \n                            <div class=\"col-3\">\n                    <div class=\"wrapper\">\n\n                        \n                            \n                            <img decoding=\"async\" src=\"https:\/\/wolfram-industrie.de\/wp-content\/uploads\/2022\/06\/wolfram-industrie_werkstoffe_Verbundwerkstoffe_Tungstit.jpg\" \/>\n                            \n                            <div class=\"rhombus bg-green\"><\/div>\n                            <div class=\"inner-rhombus produkt-headline\">\n                                <h2>Compounds (TUNGSTIT\u00ae)<\/h2>\n                            <\/div>                                                        \n                           <a href=\"https:\/\/wolfram-industrie.de\/en\/materials\/composite-materials-tungstit\/\"><\/a>         \n\n                    <\/div>\n                <\/div>    \n                            <div class=\"col-3\">\n                    <div class=\"wrapper\">\n\n                        \n                            \n                            <img decoding=\"async\" src=\"https:\/\/wolfram-industrie.de\/wp-content\/uploads\/2022\/06\/wolfram-industrie_werkstoffe_werkstoffverbunde_5.jpg\" \/>\n                            \n                            <div class=\"rhombus bg-green\"><\/div>\n                            <div class=\"inner-rhombus produkt-headline\">\n                                <h2>Composite Materials<\/h2>\n                            <\/div>                                                        \n                           <a href=\"https:\/\/wolfram-industrie.de\/en\/materials\/material-compounds\/\"><\/a>         \n\n                    <\/div>\n                <\/div>    \n                            <div class=\"col-3\">\n                    <div class=\"wrapper\">\n\n                        \n                            \n                            <img decoding=\"async\" src=\"https:\/\/wolfram-industrie.de\/wp-content\/uploads\/2022\/06\/wolfram-industriewerkstoffe_triamet.jpg\" \/>\n                            \n                            <div class=\"rhombus bg-green\"><\/div>\n                            <div class=\"inner-rhombus produkt-headline\">\n                                <h2>TRIAMET\u00ae<\/h2>\n                            <\/div>                                                        \n                           <a href=\"https:\/\/wolfram-industrie.de\/en\/materials\/tungsten-based-heavy-metals\/\"><\/a>         \n\n                    <\/div>\n                <\/div>    \n                        <\/article>\n                    \n\t\t\t                                   \t                \t\t\t\n\t\t<\/section>","protected":false},"excerpt":{"rendered":"","protected":false},"author":5,"featured_media":0,"parent":855,"menu_order":2,"comment_status":"closed","ping_status":"closed","template":"","meta":{"_acf_changed":false,"footnotes":""},"class_list":["post-1026","page","type-page","status-publish","hentry"],"acf":[],"_links":{"self":[{"href":"https:\/\/wolfram-industrie.de\/en\/wp-json\/wp\/v2\/pages\/1026","targetHints":{"allow":["GET"]}}],"collection":[{"href":"https:\/\/wolfram-industrie.de\/en\/wp-json\/wp\/v2\/pages"}],"about":[{"href":"https:\/\/wolfram-industrie.de\/en\/wp-json\/wp\/v2\/types\/page"}],"author":[{"embeddable":true,"href":"https:\/\/wolfram-industrie.de\/en\/wp-json\/wp\/v2\/users\/5"}],"replies":[{"embeddable":true,"href":"https:\/\/wolfram-industrie.de\/en\/wp-json\/wp\/v2\/comments?post=1026"}],"version-history":[{"count":16,"href":"https:\/\/wolfram-industrie.de\/en\/wp-json\/wp\/v2\/pages\/1026\/revisions"}],"predecessor-version":[{"id":4532,"href":"https:\/\/wolfram-industrie.de\/en\/wp-json\/wp\/v2\/pages\/1026\/revisions\/4532"}],"up":[{"embeddable":true,"href":"https:\/\/wolfram-industrie.de\/en\/wp-json\/wp\/v2\/pages\/855"}],"wp:attachment":[{"href":"https:\/\/wolfram-industrie.de\/en\/wp-json\/wp\/v2\/media?parent=1026"}],"curies":[{"name":"wp","href":"https:\/\/api.w.org\/{rel}","templated":true}]}}